{"id":962,"date":"2021-02-21T15:13:51","date_gmt":"2021-02-21T15:13:51","guid":{"rendered":"https:\/\/newmusic.at\/?page_id=962"},"modified":"2022-05-12T09:01:32","modified_gmt":"2022-05-12T09:01:32","slug":"interpreten-performers-t","status":"publish","type":"page","link":"https:\/\/istrings.eu\/newmusic.at\/interpreten-performers-t\/","title":{"rendered":"Interpreten \/ performers -T-"},"content":{"rendered":"\n<p>3-T-Trio (3ttrio) &nbsp; 132, 63,&nbsp;<\/p>\n\n\n\n<p>Maria Taborsky &nbsp; &nbsp; 631,&nbsp;<\/p>\n\n\n\n<p>Wilfried Tachezi&nbsp; &nbsp; 619,&nbsp;<\/p>\n\n\n\n<p>Yuka Tada&nbsp; &nbsp; 262,&nbsp;<\/p>\n\n\n\n<p><em>Taipei Century Symphony Orchestra &nbsp; &nbsp; taipeicentury<\/em><\/p>\n\n\n\n<p>Taiwanesisches Junge Streichquartett &nbsp; &nbsp; taiwanstrqt&nbsp; &nbsp; 313<\/p>\n\n\n\n<p>Jen\u00f6 Tak\u00e1cs&nbsp; &nbsp; &nbsp; tak\u00e1cs&nbsp; &nbsp; 625,&nbsp;<\/p>\n\n\n\n<p>Azumi Takada&nbsp; &nbsp; 457,&nbsp;<\/p>\n\n\n\n<p><em>Yoko Takahashi&nbsp; 164, 165,&nbsp;<\/em><\/p>\n\n\n\n<p>Yoshiko Takase&nbsp; &nbsp; 539,&nbsp;<\/p>\n\n\n\n<p><em>Mitsue Takashima &nbsp; 165,&nbsp;<\/em><\/p>\n\n\n\n<p>Tadayosi Takeda&nbsp; &nbsp; 547,&nbsp;<\/p>\n\n\n\n<p><em>Arturo Tamayo<\/em><\/p>\n\n\n\n<p>Akane Tanaka&nbsp; &nbsp; 446,&nbsp;<\/p>\n\n\n\n<p>Hanako Tanimot&nbsp; &nbsp; 651,&nbsp;<\/p>\n\n\n\n<p>Tamas Tasnadi &nbsp; 1, 64, 248, 316,&nbsp;<\/p>\n\n\n\n<p>Manfred Tausch&nbsp; 79,&nbsp;<\/p>\n\n\n\n<p>Peter Tavernaro &nbsp; 231, 262,&nbsp;<\/p>\n\n\n\n<p>Kevan Teherani &nbsp; 271,&nbsp;<\/p>\n\n\n\n<p>Brigitta Telberg &nbsp; &nbsp; 382,&nbsp;<\/p>\n\n\n\n<p>Mami Teraoka &nbsp; &nbsp; 612,&nbsp;<\/p>\n\n\n\n<p><em>Marcello Terezios<\/em><\/p>\n\n\n\n<p>Renate Teufert &nbsp; &nbsp; &nbsp; 612,&nbsp;<\/p>\n\n\n\n<p>Liselotte Theiner&nbsp; 132, 174, 3, 29, 63, 267, 417, 418, 628,&nbsp;<\/p>\n\n\n\n<p><em>Gisela Theisen &nbsp; 106,&nbsp;<\/em><\/p>\n\n\n\n<p>Helmut Thiele&nbsp; 92,&nbsp;<\/p>\n\n\n\n<p>Waldemar Thilo&nbsp; &nbsp; 631,&nbsp;<\/p>\n\n\n\n<p>Alan Thomas&nbsp; &nbsp; alanthomas &nbsp; &nbsp; 466<\/p>\n\n\n\n<p>John Thomas &nbsp; 298,&nbsp;<\/p>\n\n\n\n<p><em>Suzanne Thorp&nbsp; 177, 179, 180, 181, 572,&nbsp;<\/em><\/p>\n\n\n\n<p>Berndt Thurner&nbsp; 170, 50,&nbsp; 88, 496,&nbsp;<\/p>\n\n\n\n<p>Joachim Tiennefeld &nbsp; &nbsp; 501,&nbsp;<\/p>\n\n\n\n<p>Timisoara Symphony Orchestra &nbsp; &nbsp; &nbsp; timisoaraorch&nbsp; &nbsp; &nbsp; 458,&nbsp;<\/p>\n\n\n\n<p>Julia Tinhof&nbsp; &nbsp; 281, 489, 494, 513,&nbsp;<\/p>\n\n\n\n<p>Stefan Tittgen &nbsp; &nbsp; 639.&nbsp;<\/p>\n\n\n\n<p>Milos Todorovski&nbsp; &nbsp; &nbsp; 648,&nbsp;<\/p>\n\n\n\n<p>&#8212;&#8212;&#8212;&#8212;&#8212;&#8212;&#8212;&#8212;&#8212;&#8212;&#8212;&#8212;&#8212;&#8212;&#8212;&#8212;&#8212;&#8212;&#8212;&#8212;&#8212;&#8212;-28DEC<\/p>\n\n\n\n<p>Tokyo Philharmonic &nbsp; tokyophil &nbsp; 457,&nbsp; 468,&nbsp;<\/p>\n\n\n\n<p>tone ART Ensemble &nbsp; &nbsp; &nbsp; &nbsp; toneartensemble&nbsp; &nbsp; &nbsp; 595, 627,&nbsp;<\/p>\n\n\n\n<p>Tonk\u00fcnstler Orchester &nbsp; tonk\u00fcnstlerorchester &nbsp; 126, 133, 152, 173, 3, 54, 55, 83, 91, 220, 232, 274, 303, 312, 315, 366, 367, 370, 497, 510, 581, 582, 585, 586, 589, 629, 642,&nbsp;<\/p>\n\n\n\n<p>Tonk\u00fcnstlerensemble &nbsp; 103, 117, 118, 119, 137, 147, 167, 175, 185, 196, 53, 67, 84, 88, 221, 237, 247, 254, 276, 289, 316, 521, 529, 555, 557,&nbsp;<\/p>\n\n\n\n<p>Tonk\u00fcnstler Bl\u00e4serensemble &nbsp; tonk\u00fcnstlerbl\u00e4serensemble&nbsp; &nbsp; 83,<\/p>\n\n\n\n<p><em>Tonk\u00fcnstler-Bl\u00e4serquintett&nbsp; &nbsp; tonk\u00fcnstlerbl\u00e4serquintett&nbsp; 170, 170\/2<\/em><\/p>\n\n\n\n<p><em>Tonk\u00fcnstler-Streichquartett \u00a0 tonk\u00fcnstlerstreichquartett \u00a0 170,\u00a0<\/em><\/p>\n\n\n\n<p>Tonk\u00fcnstler Trio   19,<\/p>\n\n\n\n<p>Toronto District School Board Youth Orchestra&nbsp; &nbsp; &nbsp; torontoyouthorchestra &nbsp; 291,<\/p>\n\n\n\n<p>Yuzo Toyama &nbsp; &nbsp; 449, &nbsp;<\/p>\n\n\n\n<p>Alexander Track&nbsp; &nbsp; &nbsp; alexandertrack 278,&nbsp;<\/p>\n\n\n\n<p>Gerhard Track&nbsp; 66, 278, 282, 283, 637,&nbsp;<\/p>\n\n\n\n<p>Wolfang M. Track&nbsp; &nbsp; &nbsp; wolfgangtrack&nbsp; &nbsp; 601,&nbsp;<\/p>\n\n\n\n<p>Micaela Maihart-Track &nbsp; &nbsp; maiharttrack &nbsp; 282,&nbsp;<\/p>\n\n\n\n<p>Claudius Traunfellner &nbsp; 140, 144, 20, 59, 59\/2,&nbsp;<\/p>\n\n\n\n<p>Raphael Trautwein&nbsp; 1,&nbsp;<\/p>\n\n\n\n<p>Maria Trenczer&nbsp; &nbsp; 631,&nbsp;<\/p>\n\n\n\n<p><em>Sonja Treuer&nbsp; 116,&nbsp; 161, 488, 488\/2,&nbsp;<\/em><\/p>\n\n\n\n<p>Angela Treytl&nbsp; &nbsp; &nbsp; 614,&nbsp;<\/p>\n\n\n\n<p>Silvester Triebnig&nbsp; &nbsp; 314,&nbsp;<\/p>\n\n\n\n<p><em>Trio Contraste&nbsp; &nbsp; triocontraste&nbsp; 197,&nbsp;<\/em><\/p>\n\n\n\n<p>Trio Eisenstadt&nbsp; &nbsp; trioeisenstadt &nbsp; &nbsp; 255,&nbsp;<\/p>\n\n\n\n<p>Trio Fibonacci &nbsp; &nbsp; triofibonacci&nbsp; &nbsp; 427,<\/p>\n\n\n\n<p>Trio Yuta&nbsp; &nbsp; &nbsp; trioyuta &nbsp; &nbsp; 470,&nbsp;<\/p>\n\n\n\n<p>Karin Tripp &nbsp; karintripp &nbsp; 31\/3,&nbsp;<\/p>\n\n\n\n<p>Werner Tripp &nbsp; wernertripp &nbsp; 124, 31\/3,&nbsp; 599,&nbsp;<\/p>\n\n\n\n<p><em>Christian Trojer &nbsp; 37,&nbsp;<\/em><\/p>\n\n\n\n<p>Trondheim Bl\u00e4serquintet &nbsp; &nbsp; trondheimbl\u00e4serquintet&nbsp; &nbsp; &nbsp; 239,&nbsp;<\/p>\n\n\n\n<p><em>Keng-Ming Tsai &nbsp; 116,&nbsp;<\/em><\/p>\n\n\n\n<p>Wan-Ling Tsai &nbsp; &nbsp; wanlingtsai&nbsp; &nbsp; 313,&nbsp;<\/p>\n\n\n\n<p>Maria Tschervenlieva &nbsp; 578,&nbsp;<\/p>\n\n\n\n<p>Junko Tsuchiya&nbsp; &nbsp; 382,&nbsp;<\/p>\n\n\n\n<p>Vladimir Tsypin&nbsp; &nbsp; &nbsp; 606,&nbsp;<\/p>\n\n\n\n<p>S. Tulug Tirpan &nbsp; 218,&nbsp;<\/p>\n\n\n\n<p><em>Njagul Tumandelov&nbsp; 133,&nbsp;<\/em><\/p>\n\n\n\n<p>John Tunnell &nbsp; 434,&nbsp;<\/p>\n\n\n\n<p>Turan &nbsp; 30,&nbsp;<\/p>\n\n\n\n<p><em>Taner T\u00fcrker&nbsp; 132,&nbsp;<\/em><\/p>\n\n\n\n<p>Milan Turkovich&nbsp; &nbsp; 260,&nbsp;<\/p>\n\n\n\n<p>Martin Turnovsky &nbsp; 3, 91,&nbsp;<\/p>\n\n\n\n<p>Jana Tutkov\u00e1&nbsp; &nbsp; tukova&nbsp; &nbsp; &nbsp; 484,&nbsp;<\/p>\n\n\n\n<p>Tymur &nbsp; 399,&nbsp;<\/p>\n","protected":false},"excerpt":{"rendered":"<p>3-T-Trio (3ttrio) &nbsp; 132, 63,&nbsp; Maria Taborsky &nbsp; &nbsp; 631,&nbsp; Wilfried Tachezi&nbsp; &nbsp; 619,&nbsp; Yuka Tada&nbsp; &nbsp; 262,&nbsp; Taipei Century Symphony Orchestra &nbsp; &nbsp; taipeicentury Taiwanesisches Junge Streichquartett &nbsp; &nbsp; taiwanstrqt&nbsp; &nbsp; 313 Jen\u00f6 Tak\u00e1cs&nbsp; &nbsp; &nbsp; tak\u00e1cs&nbsp; &nbsp; 625,&nbsp; Azumi Takada&nbsp; &nbsp; 457,&nbsp; Yoko Takahashi&nbsp; 164, 165,&nbsp; Yoshiko Takase&nbsp; &nbsp; 539,&nbsp; Mitsue Takashima &nbsp; &hellip; <\/p>\n<p class=\"link-more\"><a href=\"https:\/\/istrings.eu\/newmusic.at\/interpreten-performers-t\/\" class=\"more-link\">Continue reading<span class=\"screen-reader-text\"> &#8220;Interpreten \/ performers -T-&#8220;<\/span><\/a><\/p>\n","protected":false},"author":2,"featured_media":0,"parent":0,"menu_order":0,"comment_status":"closed","ping_status":"closed","template":"","meta":{"footnotes":""},"class_list":["post-962","page","type-page","status-publish","hentry"],"_links":{"self":[{"href":"https:\/\/istrings.eu\/newmusic.at\/wp-json\/wp\/v2\/pages\/962","targetHints":{"allow":["GET"]}}],"collection":[{"href":"https:\/\/istrings.eu\/newmusic.at\/wp-json\/wp\/v2\/pages"}],"about":[{"href":"https:\/\/istrings.eu\/newmusic.at\/wp-json\/wp\/v2\/types\/page"}],"author":[{"embeddable":true,"href":"https:\/\/istrings.eu\/newmusic.at\/wp-json\/wp\/v2\/users\/2"}],"replies":[{"embeddable":true,"href":"https:\/\/istrings.eu\/newmusic.at\/wp-json\/wp\/v2\/comments?post=962"}],"version-history":[{"count":3,"href":"https:\/\/istrings.eu\/newmusic.at\/wp-json\/wp\/v2\/pages\/962\/revisions"}],"predecessor-version":[{"id":2662,"href":"https:\/\/istrings.eu\/newmusic.at\/wp-json\/wp\/v2\/pages\/962\/revisions\/2662"}],"wp:attachment":[{"href":"https:\/\/istrings.eu\/newmusic.at\/wp-json\/wp\/v2\/media?parent=962"}],"curies":[{"name":"wp","href":"https:\/\/api.w.org\/{rel}","templated":true}]}}