{"id":952,"date":"2021-02-21T15:12:49","date_gmt":"2021-02-21T15:12:49","guid":{"rendered":"https:\/\/newmusic.at\/?page_id=952"},"modified":"2021-02-23T11:04:11","modified_gmt":"2021-02-23T11:04:11","slug":"interpreten-performers-o","status":"publish","type":"page","link":"https:\/\/istrings.eu\/newmusic.at\/interpreten-performers-o\/","title":{"rendered":"Interpreten \/ performers -O-"},"content":{"rendered":"\n<p>Da-Yeon O&nbsp; &nbsp; &nbsp; Dayeono&nbsp; &nbsp; 488, 488\/2,&nbsp;<\/p>\n\n\n\n<p><em>Anton Obbes &nbsp; 109,&nbsp;<\/em><\/p>\n\n\n\n<p>Betty Oberacker&nbsp; &nbsp; &nbsp; 479,&nbsp;<\/p>\n\n\n\n<p>Marianne Oberascher&nbsp; &nbsp; &nbsp; 596, 631,&nbsp;<\/p>\n\n\n\n<p>Theresia Oblasser &nbsp; &nbsp; &nbsp; 650,&nbsp;<\/p>\n\n\n\n<p><em>Itsuko Oda&nbsp; 163,&nbsp;<\/em><\/p>\n\n\n\n<p><em>Ricardo Odnoposoff &nbsp; 19,&nbsp;<\/em><\/p>\n\n\n\n<p>Maximilian Oelz &nbsp; 203, 334,&nbsp;<\/p>\n\n\n\n<p><em>Kyoko Oishi\u00a0 166,\u00a0<\/em><\/p>\n\n\n\n<p>Christine Olbrich&nbsp; 345,&nbsp;<\/p>\n\n\n\n<p>Marek Olbrzymek &nbsp; &nbsp; 293, 294,&nbsp;<\/p>\n\n\n\n<p>Franck Ollu &nbsp; &nbsp; 438,&nbsp;<\/p>\n\n\n\n<p>Gerswind Olthoff&nbsp; &nbsp; 27,&nbsp;<\/p>\n\n\n\n<p>Leo von Oostrom &nbsp; &nbsp; Oostrom &nbsp; &nbsp; 653,&nbsp;<\/p>\n\n\n\n<p>orchester.ad.hoc.klagenfurt&nbsp; &nbsp; OrchesterAdhoc &nbsp; 77,&nbsp;<\/p>\n\n\n\n<p><em>Orchester der Dommusik Salzburg &nbsp; &nbsp; OrchDommusikSalzburg &nbsp; 169,&nbsp;<\/em><\/p>\n\n\n\n<p>Orchester der Opernb\u00fchne Dornbirn &nbsp; &nbsp; OrchesterDornbirn&nbsp; &nbsp; 250,&nbsp;<\/p>\n\n\n\n<p>Orchester der Universit\u00e4t f\u00fcr Musik Graz\/Obersch\u00fctzen &nbsp; &nbsp; OrchesterUniGraz &nbsp; &nbsp; 258<\/p>\n\n\n\n<p>Orchestre Symphonique du Conservatoire de Musique de Montr\u00e9al&nbsp; &nbsp; ConsMontrealOrch&nbsp; 613, &nbsp;<\/p>\n\n\n\n<p><em>ORF Chor &nbsp; &nbsp; &nbsp; ORFChor&nbsp; 126, 173, 91, 285, 286, 368, 510, 629, 646,&nbsp;<\/em><\/p>\n\n\n\n<p>ORF-Kammermusikvereinigung&nbsp; ORFKammermusikvereinigung &nbsp; 6, 219, 364, 581, 590, 591, 621, 623, 630, 646,&nbsp;<\/p>\n\n\n\n<p>ORF Orchester &nbsp; ORFOrchester &nbsp; 126, 133, 19, 218, 278, 583, 645,&nbsp;<\/p>\n\n\n\n<p>ORF-Symphonieorchester&nbsp; ORFSymphonieorchester &nbsp; 133,&nbsp; 136, 3, 37, 51, 85, 213, 274, 286, 303, 344, 369, 582, 591, 593, 615, 619, 630,&nbsp;<\/p>\n\n\n\n<p>Orfeo Duo&nbsp; &nbsp; &nbsp; OrfeoDuo &nbsp; &nbsp; 459, 508,&nbsp;<\/p>\n\n\n\n<p>Oronoque Trio&nbsp; &nbsp; &nbsp; OronoqueTrio &nbsp; &nbsp; 451,&nbsp;<\/p>\n\n\n\n<p>Andr\u00e9s Orozco-Estrada &nbsp; OrozcoEstrada &nbsp; 139, 50, 54, 220, 320, 386, 417, 497, 643,&nbsp;<\/p>\n\n\n\n<p>Orquesta Tipica de Tango &nbsp; &nbsp; OrquestaTipica&nbsp; &nbsp; 242,&nbsp;<\/p>\n\n\n\n<p><em>Erwin Ortner &nbsp; &nbsp; ErwinOrtner&nbsp; 126, 133, 286, 641,&nbsp;<\/em><\/p>\n\n\n\n<p><em>Franz Ortner &nbsp; &nbsp; FranzOrtner &nbsp; 175,&nbsp;<\/em><\/p>\n\n\n\n<p>Midori Ortner<\/p>\n\n\n\n<p>Roman Ortner &nbsp; &nbsp; RomanOrtner&nbsp; &nbsp; 305, 588,&nbsp;<\/p>\n\n\n\n<p>Wolfgang Ortner &nbsp; &nbsp; WolfgangOrtner&nbsp; 601<\/p>\n\n\n\n<p><em>Hibiki Oshima &nbsp; 161, 328, 385, 389, 470, 494, 557, 670,&nbsp;<\/em><\/p>\n\n\n\n<p>Ryszard Osiak &nbsp; &nbsp; 552,&nbsp;<\/p>\n\n\n\n<p>Kjartan Oskarsson &nbsp; 3,&nbsp;<\/p>\n\n\n\n<p>Harald Ossberger &nbsp; 96, 331, 386, 419, 443, 493, 494,&nbsp;<\/p>\n\n\n\n<p><em>Karl \u00d6sterreicher&nbsp; &nbsp; \u00f6sterreicher &nbsp; 173, 91, 586, 599, 629, 630, 645,&nbsp;<\/em><\/p>\n\n\n\n<p>\u00d6GZM-Ensemble &nbsp; &nbsp; \u00f6gzmensemble&nbsp; &nbsp; &nbsp; 431,<\/p>\n\n\n\n<p>\u00d6GZM-Jugend-Kammerorchester&nbsp; &nbsp; \u00d6GZMJugOrch&nbsp; &nbsp; &nbsp; 523, &nbsp;<\/p>\n\n\n\n<p><em>\u00d6GZM Orchester &nbsp; \u00f6gzmorchester&nbsp; 139,&nbsp; 290,&nbsp; 306, 386, 417, 497, 570,&nbsp;<\/em><\/p>\n\n\n\n<p>\u00d6GZM-Streichquartett&nbsp; &nbsp; \u00f6gzmstreichquartett &nbsp; 419, 570, &nbsp;<\/p>\n\n\n\n<p>\u00d6GZM-Streichtrio &nbsp; &nbsp; \u00f6gzmstreichtrio&nbsp; &nbsp; 523,&nbsp;<\/p>\n\n\n\n<p>\u00d6sterreichisch-Ungarisches Bl\u00e4serensemble&nbsp; &nbsp; &nbsp; \u00f6ubl\u00e4serensemble&nbsp; 274<\/p>\n\n\n\n<p>\u00d6sterreichisches Ensemble f\u00fcr Neue Musik &nbsp; &nbsp; \u00f6ensembleneuemusik&nbsp; &nbsp; &nbsp; 577, 650,&nbsp;<\/p>\n\n\n\n<p><em>Megumi Otsuka &nbsp; 161, 362, 511, 557, 670,&nbsp;<\/em><\/p>\n\n\n\n<p>Allen Otte&nbsp; &nbsp; 537,&nbsp;<\/p>\n\n\n\n<p>Marika Ottitsch &nbsp; 27, 28,&nbsp;<\/p>\n\n\n\n<p>Gabor \u00d6tv\u00f6s &nbsp; &nbsp; 591,&nbsp;<\/p>\n\n\n\n<p>Chih-Yu Ou&nbsp; &nbsp; &nbsp; &nbsp; 313, 389,&nbsp;<\/p>\n\n\n\n<p><em>Ling-Yi Ou-Yang &nbsp; &nbsp; OuYang &nbsp; 184,&nbsp;<\/em><\/p>\n\n\n\n<p>Owensboro Symphony &nbsp; &nbsp; OwensboroSymph&nbsp; &nbsp; 456,&nbsp;<\/p>\n","protected":false},"excerpt":{"rendered":"<p>Da-Yeon O&nbsp; &nbsp; &nbsp; Dayeono&nbsp; &nbsp; 488, 488\/2,&nbsp; Anton Obbes &nbsp; 109,&nbsp; Betty Oberacker&nbsp; &nbsp; &nbsp; 479,&nbsp; Marianne Oberascher&nbsp; &nbsp; &nbsp; 596, 631,&nbsp; Theresia Oblasser &nbsp; &nbsp; &nbsp; 650,&nbsp; Itsuko Oda&nbsp; 163,&nbsp; Ricardo Odnoposoff &nbsp; 19,&nbsp; Maximilian Oelz &nbsp; 203, 334,&nbsp; Kyoko Oishi\u00a0 166,\u00a0 Christine Olbrich&nbsp; 345,&nbsp; Marek Olbrzymek &nbsp; &nbsp; 293, 294,&nbsp; Franck Ollu &hellip; <\/p>\n<p class=\"link-more\"><a href=\"https:\/\/istrings.eu\/newmusic.at\/interpreten-performers-o\/\" class=\"more-link\">Continue reading<span class=\"screen-reader-text\"> &#8220;Interpreten \/ performers -O-&#8220;<\/span><\/a><\/p>\n","protected":false},"author":2,"featured_media":0,"parent":0,"menu_order":0,"comment_status":"closed","ping_status":"closed","template":"","meta":{"footnotes":""},"class_list":["post-952","page","type-page","status-publish","hentry"],"_links":{"self":[{"href":"https:\/\/istrings.eu\/newmusic.at\/wp-json\/wp\/v2\/pages\/952","targetHints":{"allow":["GET"]}}],"collection":[{"href":"https:\/\/istrings.eu\/newmusic.at\/wp-json\/wp\/v2\/pages"}],"about":[{"href":"https:\/\/istrings.eu\/newmusic.at\/wp-json\/wp\/v2\/types\/page"}],"author":[{"embeddable":true,"href":"https:\/\/istrings.eu\/newmusic.at\/wp-json\/wp\/v2\/users\/2"}],"replies":[{"embeddable":true,"href":"https:\/\/istrings.eu\/newmusic.at\/wp-json\/wp\/v2\/comments?post=952"}],"version-history":[{"count":2,"href":"https:\/\/istrings.eu\/newmusic.at\/wp-json\/wp\/v2\/pages\/952\/revisions"}],"predecessor-version":[{"id":990,"href":"https:\/\/istrings.eu\/newmusic.at\/wp-json\/wp\/v2\/pages\/952\/revisions\/990"}],"wp:attachment":[{"href":"https:\/\/istrings.eu\/newmusic.at\/wp-json\/wp\/v2\/media?parent=952"}],"curies":[{"name":"wp","href":"https:\/\/api.w.org\/{rel}","templated":true}]}}