{"id":948,"date":"2021-02-21T15:12:25","date_gmt":"2021-02-21T15:12:25","guid":{"rendered":"https:\/\/newmusic.at\/?page_id=948"},"modified":"2021-02-23T11:03:50","modified_gmt":"2021-02-23T11:03:50","slug":"interpreten-performers-m","status":"publish","type":"page","link":"https:\/\/istrings.eu\/newmusic.at\/interpreten-performers-m\/","title":{"rendered":"Interpreten \/ performers -M-"},"content":{"rendered":"\n<p>Ma&#8217;alot Quintett&nbsp; &nbsp; maalotquintett&nbsp; &nbsp; 268,&nbsp;<\/p>\n\n\n\n<p><em>Bernhard Macheiner &nbsp; 159,&nbsp;<\/em><\/p>\n\n\n\n<p>Milos Alexander Machek&nbsp; &nbsp; 296, 353, 551, 556, 562, 564,&nbsp;<\/p>\n\n\n\n<p>Oliver Madas&nbsp; &nbsp; 208, 374,&nbsp;<\/p>\n\n\n\n<p>M\u00e4dchenchor Hannover&nbsp; &nbsp; &nbsp; 630,&nbsp;<\/p>\n\n\n\n<p><em>Bruno Maderna&nbsp; 126, 663,&nbsp;<\/em><\/p>\n\n\n\n<p>Rolf Maedel&nbsp; &nbsp; 623, 631,&nbsp;<\/p>\n\n\n\n<p>Isamu Magome&nbsp; &nbsp; 262,&nbsp;<\/p>\n\n\n\n<p><em>Anne Madison &nbsp; 195, 243,&nbsp;<\/em><\/p>\n\n\n\n<p>Anne Mahaffy &nbsp; &nbsp; amahaffy &nbsp; 281<\/p>\n\n\n\n<p>Dagmar Mahaffy&nbsp; &nbsp; dmahaffy&nbsp; &nbsp; 281,&nbsp;<\/p>\n\n\n\n<p>M\u00e4hrische Philharmonie Olm\u00fctz&nbsp; &nbsp; m\u00e4hphilolm\u00fctz &nbsp; 181, 26, 292, 293,&nbsp;<\/p>\n\n\n\n<p>Micaela Maihart-Track&nbsp; &nbsp; &nbsp; maiharttrack &nbsp; 282, 283,&nbsp;<\/p>\n\n\n\n<p>Anton Mair&nbsp; &nbsp; 646,&nbsp;<\/p>\n\n\n\n<p>Itoi Maki&nbsp; &nbsp; 290,&nbsp;<\/p>\n\n\n\n<p>Malat Schrammeln&nbsp; &nbsp; malatschrammeln &nbsp; 68,&nbsp;<\/p>\n\n\n\n<p>Susanna M\u00e4lkki&nbsp; &nbsp; &nbsp; 526,&nbsp;<\/p>\n\n\n\n<p>Reinhold Malzer &nbsp; 58, 573,&nbsp;<\/p>\n\n\n\n<p><em>Katherine <\/em>Mandl &nbsp; 156, 30, 203, 248, 318, 328,&nbsp;<\/p>\n\n\n\n<p>Dimitrj Manelis &nbsp; 31\/2,&nbsp;<\/p>\n\n\n\n<p>Jos\u00e9 Mangual &nbsp; &nbsp; 451,&nbsp;<\/p>\n\n\n\n<p><em>Peter Manhart &nbsp; 119, 170, 196, 221, 319, 395, 511,&nbsp;<\/em><\/p>\n\n\n\n<p>Jane Manning&nbsp; &nbsp; 432, 434, 532, 554,&nbsp;<\/p>\n\n\n\n<p>Christian Mannsberger&nbsp; 27,&nbsp;<\/p>\n\n\n\n<p>Norman del Mar&nbsp; &nbsp; delmar &nbsp; &nbsp; 527,&nbsp;<\/p>\n\n\n\n<p>Natasa Paklar-Markovic &nbsp; &nbsp; paklarmarkovic&nbsp; &nbsp; &nbsp; 577,&nbsp;<\/p>\n\n\n\n<p>Andrzej Markowski&nbsp; &nbsp; &nbsp; 661,&nbsp;<\/p>\n\n\n\n<p>Benjamin Marks&nbsp; &nbsp; &nbsp; 528,&nbsp;<\/p>\n\n\n\n<p>Ernst M\u00e4rzendorfer&nbsp; &nbsp; 581,&nbsp;<\/p>\n\n\n\n<p>Deborah Marshall&nbsp; &nbsp; &nbsp; 462,&nbsp;<\/p>\n\n\n\n<p>Bohuslav Martinu Brass Quartet of Zlin&nbsp; &nbsp; martinubrassqt &nbsp; &nbsp; 345,&nbsp;<\/p>\n\n\n\n<p>Martinu Kammerorchester Br\u00fcnn &nbsp; &nbsp; martinukammerorchester&nbsp; &nbsp; 3\/2, 173, 367, 368, 370, 510, 581, 582, 584, 586, 587,&nbsp;<\/p>\n\n\n\n<p>Bohuslav Martinu Philhamonic Brass and Percussion Ensemble&nbsp; &nbsp; martinuphilbrassperc &nbsp; 296<\/p>\n\n\n\n<p>Bohuslav Martinu Philharmonic Orchestra&nbsp; &nbsp; martinuphil&nbsp; &nbsp; &nbsp; 353, 553, 556, 562, 564,&nbsp;<\/p>\n\n\n\n<p>Bohuslav Martinu Philharmonic String Quartet &nbsp; &nbsp; martinuphilstrqt &nbsp; &nbsp; 297,<\/p>\n\n\n\n<p>Bohuslav Martinu Philharmonic String Trio&nbsp; &nbsp; &nbsp; martinuphilstrtrio&nbsp; &nbsp; 297,&nbsp;<\/p>\n\n\n\n<p><em>Jean-Pierre Marty&nbsp; 133,&nbsp;<\/em><\/p>\n\n\n\n<p>Tsutomu Maruyama&nbsp; &nbsp; 358, 359,&nbsp;<\/p>\n\n\n\n<p>Masala String Quartet &nbsp; &nbsp; masalaqt&nbsp; &nbsp; &nbsp; 451,<\/p>\n\n\n\n<p>Erich Pawlik Mascal 476, &nbsp;<\/p>\n\n\n\n<p><em>Fany Maselli &nbsp; 156, 480,&nbsp;<\/em><\/p>\n\n\n\n<p>Daniel Mason&nbsp; &nbsp; 382,&nbsp;<\/p>\n\n\n\n<p>Diego Masson&nbsp; &nbsp; &nbsp; &nbsp; 524,&nbsp;<\/p>\n\n\n\n<p>Michael Matecik&nbsp; &nbsp; 628,&nbsp;<\/p>\n\n\n\n<p>Birgit Mathon &nbsp; 398,<\/p>\n\n\n\n<p>Darinka Matic-Marovic &nbsp; &nbsp; maticmarovic&nbsp; &nbsp; &nbsp; 658,&nbsp;<\/p>\n\n\n\n<p><em>Josip Maticic &nbsp; 186, 523,&nbsp;<\/em><\/p>\n\n\n\n<p>Kayako Matsunaga&nbsp; &nbsp; &nbsp; 542,&nbsp; 544,&nbsp;<\/p>\n\n\n\n<p>Gen Matsuyama &nbsp; &nbsp; 462, 547,&nbsp;<\/p>\n\n\n\n<p>Mattersburger Absolventenchor&nbsp; &nbsp; mattersburgerchor &nbsp; &nbsp; 390,&nbsp;<\/p>\n\n\n\n<p>Jeanette Mattson&nbsp; &nbsp; 631,&nbsp;<\/p>\n\n\n\n<p>Istv\u00e1n <em>M\u00e1ty\u00e1s&nbsp; &nbsp; &nbsp; M\u00e1ty\u00e1s &nbsp; 181, 182, 90, 217, 509,&nbsp;<\/em><\/p>\n\n\n\n<p>Roswitha M\u00e4tzler-Engelberger&nbsp; &nbsp; m\u00e4tzlerengelberger &nbsp; 250,&nbsp;<\/p>\n\n\n\n<p>Helmut Mauerberger&nbsp; &nbsp; 203,&nbsp;<\/p>\n\n\n\n<p>M. Maure &nbsp; 31\/2, &nbsp;<\/p>\n\n\n\n<p><em>E May &nbsp; 105,&nbsp;<\/em><\/p>\n\n\n\n<p>Guido Mayer &nbsp; 206,&nbsp;<\/p>\n\n\n\n<p>Otto Mayerhold&nbsp; &nbsp; 623,&nbsp;<\/p>\n\n\n\n<p>Ingrid Mayr&nbsp; &nbsp; ingridmayr &nbsp; &nbsp; 645,&nbsp;<\/p>\n\n\n\n<p>Josef Mayr &nbsp; 200, 628<\/p>\n\n\n\n<p><em>Wolfgang Mayrhofer &nbsp; 137, 167, 406,&nbsp;<\/em><\/p>\n\n\n\n<p>Walter Mays &nbsp; &nbsp; 625,&nbsp;<\/p>\n\n\n\n<p>Martina Mazanik\u00a0 \u00a0 248, 316,395,\u00a0<\/p>\n\n\n\n<p>Arco A. Mazzani&nbsp; &nbsp; &nbsp; 557<\/p>\n\n\n\n<p>MChor Voitsberg &nbsp; Mchor &nbsp; 31\/2,&nbsp;<\/p>\n\n\n\n<p>John McLeod &nbsp; &nbsp; 554,&nbsp;<\/p>\n\n\n\n<p>Philip McConnell&nbsp; &nbsp; 291,&nbsp;<\/p>\n\n\n\n<p>Flora McIntosh&nbsp; &nbsp; 465,&nbsp;<\/p>\n\n\n\n<p>William McMullen&nbsp; &nbsp; 556,&nbsp;<\/p>\n\n\n\n<p>David McShane &nbsp; &nbsp; 255, 326,&nbsp;<\/p>\n\n\n\n<p>Rita Medjimorec&nbsp; &nbsp; 253, 443,<\/p>\n\n\n\n<p>Gustav Meier&nbsp; &nbsp; 551, &nbsp;<\/p>\n\n\n\n<p>Monika Meier-Schmid&nbsp; &nbsp; &nbsp; MeierSchmid&nbsp; &nbsp; 250,<\/p>\n\n\n\n<p>Lavinia Meijer&nbsp; &nbsp; &nbsp; 521,&nbsp;<\/p>\n\n\n\n<p><em>Jan Meisl&nbsp; 168,&nbsp;<\/em><\/p>\n\n\n\n<p><em>Libor Meisl &nbsp; LiborMeisl &nbsp; 168,&nbsp;<\/em><\/p>\n\n\n\n<p>Karin Meissl &nbsp; &nbsp; 374,&nbsp;<\/p>\n\n\n\n<p>Hans Meister &nbsp; 31\/3,&nbsp;<\/p>\n\n\n\n<p>Rudolf Meister&nbsp; &nbsp; RudolfMeister&nbsp; &nbsp; &nbsp; 541,&nbsp;<\/p>\n\n\n\n<p>Rita Melem-Solymar &nbsp; MelemSolymar&nbsp; &nbsp; 31,&nbsp;<\/p>\n\n\n\n<p><em>Alfred Melichar &nbsp; 155, 639,&nbsp;<\/em><\/p>\n\n\n\n<p>Vasilij Meljnikov &nbsp; &nbsp; 483,&nbsp;<\/p>\n\n\n\n<p>Mendelssohn trio &nbsp; Mendelssohntrio &nbsp; 31,&nbsp;<\/p>\n\n\n\n<p>Csai Meng-Tzu &nbsp; &nbsp; MengTzu &nbsp; &nbsp; 488, 488\/2,&nbsp;<\/p>\n\n\n\n<p>Caroline Menke &nbsp; 488, 488\/2,&nbsp;<\/p>\n\n\n\n<p>Elizabeth Mernaya&nbsp; &nbsp; &nbsp; 529,&nbsp;<\/p>\n\n\n\n<p>Dieter Merth&nbsp; &nbsp; 5,&nbsp;<\/p>\n\n\n\n<p>Biel Mesquida &nbsp; &nbsp; 238,&nbsp;<\/p>\n\n\n\n<p>Karl Messner &nbsp; 31\/2,&nbsp;<\/p>\n\n\n\n<p>Jorge Mester &nbsp; &nbsp; 662,&nbsp;<\/p>\n\n\n\n<p>Yuki Meuthen &nbsp; &nbsp; 671,&nbsp;<\/p>\n\n\n\n<p>Michael Mevolo&nbsp; &nbsp; 298,&nbsp;<\/p>\n\n\n\n<p>Anne Meyers&nbsp; &nbsp; 298,<\/p>\n\n\n\n<p>Gundelind J\u00e4ch-Micko\u00a0 \u00a0 \u00a0 J\u00e4chMicko \u00a0 \u00a0 644, \u00a0<\/p>\n\n\n\n<p><em>Jiri Mikula &nbsp; 143, 302, 347, 355, 449, 452, 453, 453, 454, 455, 456, 457,&nbsp;<\/em><\/p>\n\n\n\n<p>Olga Miliaeva&nbsp; &nbsp; 298,&nbsp;<\/p>\n\n\n\n<p>Grzyna Milan&nbsp; 21,<\/p>\n\n\n\n<p>Barbara Miller&nbsp; &nbsp; 659, &nbsp;<\/p>\n\n\n\n<p>Joan Minda&nbsp; 48,&nbsp;<\/p>\n\n\n\n<p>Misen Loge String Ensemble&nbsp; &nbsp; &nbsp; MisenEnsemble &nbsp; &nbsp; 468,&nbsp;<\/p>\n\n\n\n<p>Janusz Mirynski &nbsp; &nbsp; 295, 343, 348, 552,&nbsp;<\/p>\n\n\n\n<p>Mississippi Brass&nbsp; &nbsp; &nbsp; MississippiBrass&nbsp; &nbsp; 491,&nbsp;<\/p>\n\n\n\n<p>Jon Mitchell&nbsp; &nbsp; 448,&nbsp;<\/p>\n\n\n\n<p>Marek Mitelski&nbsp; &nbsp; 295, 538,&nbsp;<\/p>\n\n\n\n<p>Teodora Miteva &nbsp; 47,&nbsp;<\/p>\n\n\n\n<p>Reinhard Mitterer&nbsp; 84, 480,<\/p>\n\n\n\n<p>G\u00fcnther Mittergradnegger &nbsp; &nbsp; 622, &nbsp;<\/p>\n\n\n\n<p>Alfred Mitterhofer &nbsp; 2,&nbsp;<\/p>\n\n\n\n<p>Yi-Ting Wu-Mittermayer &nbsp; &nbsp; Wu&nbsp; &nbsp; 414,&nbsp;<\/p>\n\n\n\n<p>Gerhard Mitzker &nbsp; &nbsp; 630,&nbsp;<\/p>\n\n\n\n<p>Sachiko Miyamoto&nbsp; &nbsp; &nbsp; &nbsp; 482,&nbsp;<\/p>\n\n\n\n<p>MOB art Ensemble &nbsp; &nbsp; &nbsp; MOBartEnsemble &nbsp; &nbsp; 595, 627,&nbsp;<\/p>\n\n\n\n<p><em>Gergely Mohl &nbsp; 48,&nbsp;<\/em><\/p>\n\n\n\n<p>Steve Mohler&nbsp; &nbsp; &nbsp; 644,&nbsp;<\/p>\n\n\n\n<p>Ernesto Molinari&nbsp; 97,&nbsp;<\/p>\n\n\n\n<p>Stefan M\u00f6ller&nbsp; 161, 47, 53, 670,&nbsp;<\/p>\n\n\n\n<p>Mondo musicale &nbsp; MondoMusicale &nbsp; 31\/2,&nbsp;<\/p>\n\n\n\n<p>Konrad Monsberger &nbsp; 326,<\/p>\n\n\n\n<p>Roger Montgomery&nbsp; &nbsp; 532, &nbsp;<\/p>\n\n\n\n<p>R. Moog &nbsp; 31\/2,&nbsp;<\/p>\n\n\n\n<p>Walter Moore&nbsp; &nbsp; 377,&nbsp;<\/p>\n\n\n\n<p>Franz Morak &nbsp; 233,&nbsp;<\/p>\n\n\n\n<p>Manuel Morales&nbsp; &nbsp; 269,&nbsp;<\/p>\n\n\n\n<p><em>Moravian Philharmonic &nbsp; MoravianPhil &nbsp; 143, 294, 302, 355, 447, 448, 449, 452, 453, 454, 455, 456, 457, 467, 484, 499, 505, 551,&nbsp;<\/em><\/p>\n\n\n\n<p>Carlyn Morenus&nbsp; &nbsp; 491,&nbsp;<\/p>\n\n\n\n<p><em>Carol Morgan &nbsp; &nbsp; CarolMorgan&nbsp; 186,&nbsp;<\/em><\/p>\n\n\n\n<p>Darragh Morgan&nbsp; &nbsp; &nbsp; DMorgan&nbsp; &nbsp; 426,&nbsp;<\/p>\n\n\n\n<p>Olena Reinicke-Morhulets &nbsp; &nbsp; ReinickeMorhulets&nbsp; &nbsp; &nbsp; 513, 616,&nbsp; &nbsp; &nbsp; &nbsp;<\/p>\n\n\n\n<p>Moscow Orchestra &nbsp; MoscowOrchestra&nbsp; 82, 320,&nbsp;<\/p>\n\n\n\n<p>Moscow Symphony&nbsp; &nbsp; &nbsp; MoscowSymphony &nbsp; 448,&nbsp;<\/p>\n\n\n\n<p>Michael Moser &nbsp; 63,&nbsp;<\/p>\n\n\n\n<p>Gabriela Mossyrsch&nbsp; 97,&nbsp;<\/p>\n\n\n\n<p>Charles Moulton &nbsp; 292,&nbsp;<\/p>\n\n\n\n<p><em>Mozartchor des Musikgymnasiums Linz&nbsp; &nbsp; Mozartchor&nbsp; &nbsp; 137, 478,&nbsp;<\/em><\/p>\n\n\n\n<p>Mozarteum Orchester&nbsp; MozarteumOrchester &nbsp; 3\/2, 228, 340,&nbsp;<\/p>\n\n\n\n<p>Leonard Mroz&nbsp; &nbsp; &nbsp; 356,&nbsp;<\/p>\n\n\n\n<p><em>Yinon Muallem&nbsp; &nbsp; 143, 452,&nbsp;<\/em><\/p>\n\n\n\n<p>Fredvard M\u00fchlhofer &nbsp; &nbsp; &nbsp; 627,&nbsp;<\/p>\n\n\n\n<p>Chr. M\u00fcller &nbsp; 68,&nbsp;<\/p>\n\n\n\n<p>Susanne M\u00fcller&nbsp; &nbsp; SM\u00fcller&nbsp; &nbsp; 208<\/p>\n\n\n\n<p>Barbara M\u00fcller-Haase &nbsp; M\u00fcllerHaase &nbsp; 41,&nbsp;<\/p>\n\n\n\n<p>Wolfgang M\u00fcller-Lorenz &nbsp; M\u00fcllerLorenz<\/p>\n\n\n\n<p>Martin Mumelter&nbsp; &nbsp; 287<\/p>\n\n\n\n<p>M\u00fcnchner Kammerorchester &nbsp; &nbsp; M\u00fcnchnerKammerorch &nbsp; &nbsp; 632,&nbsp;<\/p>\n\n\n\n<p>Gen-ichiro Murakami &nbsp; &nbsp; 346,&nbsp;<\/p>\n\n\n\n<p>Marta Murzyn&nbsp; &nbsp; &nbsp; 552,&nbsp;<\/p>\n\n\n\n<p>Musica Dolce Wien &nbsp; MusicaDolce<\/p>\n\n\n\n<p>Musica Spontana Wieselburg &nbsp; MusicaSpontanaWieselburg &nbsp; 3,<\/p>\n\n\n\n<p><em>Musica Rinata &nbsp; MusicaRinata &nbsp; 127,&nbsp;<\/em><\/p>\n\n\n\n<p>Musikalische Jugend Ungarn &nbsp; &nbsp; MusikalischeJugendUngarn &nbsp; &nbsp; &nbsp; 597,&nbsp;<\/p>\n\n\n\n<p><em>Musikgesellschaft Konkordia &nbsp; MusikgesellschaftKonkordia &nbsp; 105, 441,&nbsp;<\/em><\/p>\n\n\n\n<p>Wolfgang Musil &nbsp; 47,&nbsp;<\/p>\n\n\n\n<p>Urszula Muszynska &nbsp; &nbsp; 385, 387,&nbsp;<\/p>\n\n\n\n<p><em>Violetta-Val\u00e9rie Muth&nbsp; 116, 149,<\/em><\/p>\n\n\n\n<p>Vit Muzik &nbsp; &nbsp; 352,&nbsp;<em> 449, 484,&nbsp;<\/em><\/p>\n\n\n\n<p>Thalia Myers &nbsp; 466,&nbsp;<\/p>\n","protected":false},"excerpt":{"rendered":"<p>Ma&#8217;alot Quintett&nbsp; &nbsp; maalotquintett&nbsp; &nbsp; 268,&nbsp; Bernhard Macheiner &nbsp; 159,&nbsp; Milos Alexander Machek&nbsp; &nbsp; 296, 353, 551, 556, 562, 564,&nbsp; Oliver Madas&nbsp; &nbsp; 208, 374,&nbsp; M\u00e4dchenchor Hannover&nbsp; &nbsp; &nbsp; 630,&nbsp; Bruno Maderna&nbsp; 126, 663,&nbsp; Rolf Maedel&nbsp; &nbsp; 623, 631,&nbsp; Isamu Magome&nbsp; &nbsp; 262,&nbsp; Anne Madison &nbsp; 195, 243,&nbsp; Anne Mahaffy &nbsp; &nbsp; amahaffy &nbsp; 281 &hellip; <\/p>\n<p class=\"link-more\"><a href=\"https:\/\/istrings.eu\/newmusic.at\/interpreten-performers-m\/\" class=\"more-link\">Continue reading<span class=\"screen-reader-text\"> &#8220;Interpreten \/ performers -M-&#8220;<\/span><\/a><\/p>\n","protected":false},"author":2,"featured_media":0,"parent":0,"menu_order":0,"comment_status":"closed","ping_status":"closed","template":"","meta":{"footnotes":""},"class_list":["post-948","page","type-page","status-publish","hentry"],"_links":{"self":[{"href":"https:\/\/istrings.eu\/newmusic.at\/wp-json\/wp\/v2\/pages\/948","targetHints":{"allow":["GET"]}}],"collection":[{"href":"https:\/\/istrings.eu\/newmusic.at\/wp-json\/wp\/v2\/pages"}],"about":[{"href":"https:\/\/istrings.eu\/newmusic.at\/wp-json\/wp\/v2\/types\/page"}],"author":[{"embeddable":true,"href":"https:\/\/istrings.eu\/newmusic.at\/wp-json\/wp\/v2\/users\/2"}],"replies":[{"embeddable":true,"href":"https:\/\/istrings.eu\/newmusic.at\/wp-json\/wp\/v2\/comments?post=948"}],"version-history":[{"count":2,"href":"https:\/\/istrings.eu\/newmusic.at\/wp-json\/wp\/v2\/pages\/948\/revisions"}],"predecessor-version":[{"id":988,"href":"https:\/\/istrings.eu\/newmusic.at\/wp-json\/wp\/v2\/pages\/948\/revisions\/988"}],"wp:attachment":[{"href":"https:\/\/istrings.eu\/newmusic.at\/wp-json\/wp\/v2\/media?parent=948"}],"curies":[{"name":"wp","href":"https:\/\/api.w.org\/{rel}","templated":true}]}}