{"id":926,"date":"2021-02-21T15:10:05","date_gmt":"2021-02-21T15:10:05","guid":{"rendered":"https:\/\/newmusic.at\/?page_id=926"},"modified":"2021-02-23T10:59:26","modified_gmt":"2021-02-23T10:59:26","slug":"interpreten-performers-b","status":"publish","type":"page","link":"https:\/\/istrings.eu\/newmusic.at\/interpreten-performers-b\/","title":{"rendered":"Interpreten \/ performers -B-"},"content":{"rendered":"\n<p>Gundula Baar&nbsp; &nbsp; 245,&nbsp;<\/p>\n\n\n\n<p>Michael Babych&nbsp; &nbsp; 488, 494,&nbsp;<\/p>\n\n\n\n<p>Tom\u00e1s Badura&nbsp; &nbsp; 293,&nbsp;<\/p>\n\n\n\n<p>Bach Choir &nbsp; &nbsp; bachchoir&nbsp; &nbsp; 432,&nbsp;<\/p>\n\n\n\n<p>Heung-U Bahk&nbsp; 14,&nbsp;<\/p>\n\n\n\n<p>Andreas Baksa &nbsp; 224,&nbsp;<\/p>\n\n\n\n<p>Sebastian Balas&nbsp; 83,&nbsp;<\/p>\n\n\n\n<p>Resz\u00f6 Balint &nbsp; 1,316,&nbsp;<\/p>\n\n\n\n<p>C. Braxton Ballew &nbsp; &nbsp; &nbsp; 451,&nbsp;<\/p>\n\n\n\n<p>Baltische Philharmonie Danzig\/Polen &nbsp; baltischephilharmoniedanzig&nbsp; 3,&nbsp;<\/p>\n\n\n\n<p>Matthias Bamert&nbsp; &nbsp; &nbsp; 524,&nbsp;<\/p>\n\n\n\n<p>Linda Bangs &nbsp; 95,&nbsp;<\/p>\n\n\n\n<p>Bernhard B\u00e4r&nbsp; &nbsp; 264,&nbsp;<\/p>\n\n\n\n<p>Christine Bara&nbsp; &nbsp; 616,&nbsp;<\/p>\n\n\n\n<p>Amy Barber&nbsp; &nbsp; 292,&nbsp;<\/p>\n\n\n\n<p>Giulia Barbini&nbsp; &nbsp; 269,&nbsp;<\/p>\n\n\n\n<p>Niksa Baresa &nbsp; 31,&nbsp;<\/p>\n\n\n\n<p>Richard Barrett &nbsp; 528,&nbsp;<\/p>\n\n\n\n<p>Karl Barth &nbsp; &nbsp; 320, 321,&nbsp;<\/p>\n\n\n\n<p>Nancy Bartke &nbsp; &nbsp; 607,&nbsp;<\/p>\n\n\n\n<p><em>Roland Batik &nbsp; 133,&nbsp; 16,&nbsp;<\/em><\/p>\n\n\n\n<p><em>Christian Bauer&nbsp; 114,&nbsp;<\/em><\/p>\n\n\n\n<p><em>H Bauer &nbsp; HBAUER 101,&nbsp;<\/em><\/p>\n\n\n\n<p>Andreas Herm Baumgartner &nbsp; &nbsp; &nbsp; andreasbaumgartner &nbsp; &nbsp; 447, 499,&nbsp;<\/p>\n\n\n\n<p>Herbert Baumgartner &nbsp; &nbsp; 250,<\/p>\n\n\n\n<p>Marga B\u00e4uml &nbsp; &nbsp; 625,&nbsp;<\/p>\n\n\n\n<p>Rupert Bawden&nbsp; &nbsp; 465,<\/p>\n\n\n\n<p>BBC National Orchestra of Wales &nbsp; &nbsp; bbcorchwales &nbsp; &nbsp; 465,&nbsp;<\/p>\n\n\n\n<p>BBC Singers&nbsp; &nbsp; &nbsp; bbcsingers &nbsp; 524,&nbsp;<\/p>\n\n\n\n<p>BBC Symphony Orchestra &nbsp; &nbsp; bbcsymphony&nbsp; &nbsp; &nbsp; 421,&nbsp; 423, 425, 524, 526,&nbsp;<\/p>\n\n\n\n<p>Thomas Beck&nbsp; &nbsp; 318,&nbsp;<\/p>\n\n\n\n<p>Steuart Bedford &nbsp; &nbsp; 524,&nbsp;<\/p>\n\n\n\n<p><em>Josef Bednarik&nbsp; 115, 494,&nbsp;<\/em><\/p>\n\n\n\n<p>Maiken Beer&nbsp; &nbsp; &nbsp; 387,&nbsp;<\/p>\n\n\n\n<p>Stefan Beghammer &nbsp; &nbsp; 607,&nbsp;<\/p>\n\n\n\n<p>Larry Bell&nbsp; &nbsp; 550,&nbsp;<\/p>\n\n\n\n<p>Jiri Belohlavek&nbsp; &nbsp; 228,&nbsp;<\/p>\n\n\n\n<p>Elisabeth Benk\u00f6 &nbsp; 31\/2,&nbsp;<\/p>\n\n\n\n<p>Beogradska filharmonija &nbsp; &nbsp; beogradskafil &nbsp; &nbsp; 658,&nbsp;<\/p>\n\n\n\n<p>Theodor Berger &nbsp; 19,&nbsp;<\/p>\n\n\n\n<p>Kristaps Bergs &nbsp; 389, 400\/2, 486, 511,<\/p>\n\n\n\n<p>Berlin Symphony&nbsp; &nbsp; berlinsymph &nbsp; &nbsp; 659, &nbsp;<\/p>\n\n\n\n<p>Berliner Oktett &nbsp; &nbsp; berlineroktett &nbsp; 249,&nbsp;<\/p>\n\n\n\n<p><em>Andr\u00e9 Bernard&nbsp; 133,&nbsp;<\/em><\/p>\n\n\n\n<p>Frieder Bernius&nbsp; &nbsp; 250,&nbsp;<\/p>\n\n\n\n<p>Gerard Berthiaume &nbsp; &nbsp; 299, 542, 556,&nbsp;<\/p>\n\n\n\n<p>Andreas Bertram &nbsp; 48,&nbsp;<\/p>\n\n\n\n<p>Colleen Besett &nbsp; 22,&nbsp;<\/p>\n\n\n\n<p>Gabriela Bessenjey &nbsp; &nbsp; 472,&nbsp;<\/p>\n\n\n\n<p>Isabel Beyer&nbsp; &nbsp; 440,&nbsp;<\/p>\n\n\n\n<p>Bialas Klavierduo &nbsp; bialasklavierduo &nbsp; 25,&nbsp;<\/p>\n\n\n\n<p>Bernhard Biberauer &nbsp; 96,&nbsp;<\/p>\n\n\n\n<p>Heinrich Biegenzahn&nbsp; 28, 345, 395,&nbsp;<\/p>\n\n\n\n<p><em>Erich Binder &nbsp; 141,&nbsp;<\/em><\/p>\n\n\n\n<p>Martin Bimstingle&nbsp; 79,&nbsp;<\/p>\n\n\n\n<p>Birmingham Contemporary Music Group &nbsp; birminghamcontemp&nbsp; &nbsp; 15, 526,&nbsp;<\/p>\n\n\n\n<p>Kurt Birsak &nbsp; 2, 51,&nbsp;<\/p>\n\n\n\n<p>Ruth Birsak &nbsp; ruthbirsak&nbsp; &nbsp; 322,&nbsp;<\/p>\n\n\n\n<p>Michael Bladerer &nbsp; 3,&nbsp;<\/p>\n\n\n\n<p>David Blake &nbsp; &nbsp; 527,&nbsp;<\/p>\n\n\n\n<p>Bl\u00e4ser des Linzer Musikgymnasiums&nbsp; &nbsp; bl\u00e4serlinzgym &nbsp; 406,&nbsp;<\/p>\n\n\n\n<p>Bl\u00e4serseptett des Brucknerorchesters Linz &nbsp; bl\u00e4serseptettlinz&nbsp; &nbsp; &nbsp; 621,&nbsp;<\/p>\n\n\n\n<p>Bl\u00e4serensemble Wiener MusikUni&nbsp; bl\u00e4serensemble &nbsp; 167, 65, 315,&nbsp;<\/p>\n\n\n\n<p>Blechbl\u00e4serensemble Wiener MusikUni&nbsp; blechbl\u00e4serensemble&nbsp; &nbsp; 124, 157, 3, 65, 208, 253, 218\/3, 667,&nbsp;<\/p>\n\n\n\n<p>Bl\u00e4serphilharmonie Mozarteum Salzburg &nbsp; &nbsp; &nbsp; bl\u00e4serphilharmonie &nbsp; &nbsp; 341, 342,&nbsp;<\/p>\n\n\n\n<p>Bl\u00e4serquintett der Wr. MusikUniversit\u00e4t&nbsp; &nbsp; bl\u00e4serquintettwruni &nbsp; &nbsp; 268, 270,<\/p>\n\n\n\n<p>Blechbl\u00e4serquintett Marchfeld<\/p>\n\n\n\n<p>Alexander Blechinger &nbsp; <em>alexanderblechinger &nbsp; 21, 25, 28, 363, 395, 514, 557,&nbsp;<\/em><\/p>\n\n\n\n<p>Michael Blechinger&nbsp; &nbsp; <em>michaelblechinger &nbsp; 21,&nbsp;<\/em><\/p>\n\n\n\n<p><em>Halina Lukomska-Bloch &nbsp; lukomskabloch &nbsp; 136,&nbsp;<\/em><\/p>\n\n\n\n<p>Blockfl\u00f6tenensemble Wien&nbsp; &nbsp; &nbsp; blockfl\u00f6tenensemble &nbsp; &nbsp; 522,&nbsp;<\/p>\n\n\n\n<p><em>Blockfl\u00f6tentrio Aurora Innsbruck &nbsp; blockfl\u00f6tentrioaurora&nbsp; 129,&nbsp;<\/em><\/p>\n\n\n\n<p>Sara Lambert Bloom&nbsp; &nbsp; &nbsp; 537,&nbsp;<\/p>\n\n\n\n<p><em>Fr\u00e9d\u00e9ric Bobr&nbsp; 175,&nbsp;<\/em><\/p>\n\n\n\n<p>Josef B\u00f6ck&nbsp; &nbsp; 260,<\/p>\n\n\n\n<p>Klara Sperk-Bogendorfer &nbsp; &nbsp; &nbsp; sperkbogendorfer&nbsp; &nbsp; &nbsp; 474,&nbsp;<\/p>\n\n\n\n<p>Henri Bok&nbsp; &nbsp; 464,&nbsp;<\/p>\n\n\n\n<p>Jozef Bok &nbsp; &nbsp; &nbsp; jozefbok &nbsp; 661,&nbsp;<\/p>\n\n\n\n<p>B\u00e1lint Bolcs\u00f3&nbsp; &nbsp; 33, 48,&nbsp;<\/p>\n\n\n\n<p><em>Sergej Bolotny&nbsp; 118,&nbsp;<\/em><\/p>\n\n\n\n<p><em>Ana Bori-i&nbsp; Borii&nbsp; 171,&nbsp;<\/em><\/p>\n\n\n\n<p>Roza Borisov&nbsp; &nbsp; 298,&nbsp;<\/p>\n\n\n\n<p>Csaba Bornemisza&nbsp; 96,&nbsp;<\/p>\n\n\n\n<p>Wolfgang Bosic&nbsp; 20\/2, 31\/3,&nbsp;<\/p>\n\n\n\n<p>Cordula B\u00f6sze &nbsp; &nbsp; 603,&nbsp;<\/p>\n\n\n\n<p>Margit B\u00f6ttcher &nbsp; &nbsp; 557,&nbsp;<\/p>\n\n\n\n<p>Wilfried Buottcher&nbsp; &nbsp; wilfriedb\u00f6ttcher&nbsp; &nbsp; 598,&nbsp;<\/p>\n\n\n\n<p>Sybille Bouda&nbsp; &nbsp; 298,<\/p>\n\n\n\n<p>Rebecca Boughton&nbsp; &nbsp; 537, &nbsp;<\/p>\n\n\n\n<p><em>Ernest Bour&nbsp; 136,&nbsp;<\/em><\/p>\n\n\n\n<p>Martyn Brabbins&nbsp; &nbsp; &nbsp; brabbin&nbsp; &nbsp; &nbsp; &nbsp; 15, 435, 526,&nbsp;<\/p>\n\n\n\n<p>Jaen Bradel&nbsp; &nbsp; 261,<\/p>\n\n\n\n<p>Katarina Bradic&nbsp; &nbsp; &nbsp; 400\/2,&nbsp;<\/p>\n\n\n\n<p>Rannveig Braga&nbsp; &nbsp; 489, 494, 513, 523,&nbsp;<\/p>\n\n\n\n<p>Rannveig Fr. Bragad\u00f3ttir &nbsp; &nbsp; bragadottir&nbsp; &nbsp; &nbsp; 490, 492,&nbsp;<\/p>\n\n\n\n<p>Alois Brandhofer&nbsp; &nbsp; 250,&nbsp;<\/p>\n\n\n\n<p>Karl Maria Brandstetter&nbsp; &nbsp; 249,&nbsp;<\/p>\n\n\n\n<p><em>Liselotte Br\u00e4ndle &nbsp; 187,&nbsp;<\/em><\/p>\n\n\n\n<p>Chris Brannick &nbsp; 466,<\/p>\n\n\n\n<p>Bratislava City Chorus&nbsp; &nbsp; bratislavachorus&nbsp; &nbsp; &nbsp; 560, &nbsp;<\/p>\n\n\n\n<p>Leopold Brauneiss &nbsp; 3,&nbsp;<\/p>\n\n\n\n<p>Robert Brei&nbsp; 67, 400, 630,&nbsp;<\/p>\n\n\n\n<p>Wolfgang Breinschmid&nbsp; &nbsp; &nbsp; 476,&nbsp;<\/p>\n\n\n\n<p><em>Edda Breit&nbsp; 138,&nbsp;<\/em><\/p>\n\n\n\n<p>Walter Breitner&nbsp; 132, 3, 63, 267,&nbsp;<\/p>\n\n\n\n<p>Jack Brennan&nbsp; &nbsp; 537,&nbsp;<\/p>\n\n\n\n<p><em>Klaus M. Bresgott &nbsp; 182<\/em><\/p>\n\n\n\n<p>Louise Breyer &nbsp; &nbsp; 320, 321,&nbsp;<\/p>\n\n\n\n<p>Marie-Line Briffa&nbsp; 50,&nbsp;<\/p>\n\n\n\n<p><em>Maria Brojer &nbsp; 189, 202, 487, 607,&nbsp;<\/em><\/p>\n\n\n\n<p>Konstanze Brosch&nbsp; 21,&nbsp;<\/p>\n\n\n\n<p>Iona Brown&nbsp; &nbsp; ionabrown&nbsp; &nbsp; &nbsp; 527,&nbsp;<\/p>\n\n\n\n<p>Lauren Brown&nbsp; &nbsp; laurenbrown&nbsp; &nbsp; &nbsp; 474,&nbsp;<\/p>\n\n\n\n<p>Stephen Brown&nbsp; &nbsp; 460,&nbsp;<\/p>\n\n\n\n<p>Ricardo Bru&nbsp; 55, 209, 332,&nbsp;<\/p>\n\n\n\n<p>Ilona Bruckmann &nbsp; &nbsp; &nbsp; &nbsp; 597,&nbsp;<\/p>\n\n\n\n<p>Otto Bruckner &nbsp; 93, 624,&nbsp;<\/p>\n\n\n\n<p>Bruckner Orchester Linz&nbsp; &nbsp; brucknerorchester &nbsp; 228, 230, 639,&nbsp;<\/p>\n\n\n\n<p>Anton Bruckner-Quartett &nbsp; &nbsp; brucknerquartett &nbsp; &nbsp; 641,&nbsp;<\/p>\n\n\n\n<p>Wolfgang Bruneder&nbsp; &nbsp; 214,&nbsp;<\/p>\n\n\n\n<p>Reinhold Brunner<\/p>\n\n\n\n<p>Br\u00fcnner Philharmoniker &nbsp; &nbsp; br\u00fcnnerphilharmoniker &nbsp; 228,&nbsp;<\/p>\n\n\n\n<p>Robert Brunnlechner&nbsp; &nbsp; 328,&nbsp;<\/p>\n\n\n\n<p>Wiltrud Bruns &nbsp; 93,&nbsp;<\/p>\n\n\n\n<p>Marek Bubenicek&nbsp; &nbsp; 484,&nbsp;<\/p>\n\n\n\n<p>Ludmila Bubenickova &nbsp; &nbsp; 352,&nbsp;<\/p>\n\n\n\n<p>Daryl Buckley&nbsp; &nbsp; &nbsp; 528,&nbsp;<\/p>\n\n\n\n<p>Budapester Symphoniker&nbsp; &nbsp; &nbsp; budapestersymph &nbsp; &nbsp; 642,&nbsp;<\/p>\n\n\n\n<p><em>Ivan Buffa &nbsp; ivanbuffa&nbsp; &nbsp; 171, 200, 486,&nbsp;<\/em><\/p>\n\n\n\n<p>Marieline Buffa &nbsp; 47,&nbsp;<\/p>\n\n\n\n<p>Ussel Burge &nbsp; 537<\/p>\n\n\n\n<p>Geoffrey Burleson &nbsp; &nbsp; 543,&nbsp;<\/p>\n\n\n\n<p>Peter Burwik &nbsp; 218\/2, 228, 285,339,&nbsp;<\/p>\n\n\n\n<p>Robert Buschek &nbsp; 47, 269,&nbsp;<\/p>\n\n\n\n<p>Alexander Burggasser &nbsp; 50,&nbsp;<\/p>\n\n\n\n<p><em>Wolfgang Buxbaum&nbsp; 116, 222, 376, 418, 612,&nbsp;<\/em><\/p>\n","protected":false},"excerpt":{"rendered":"<p>Gundula Baar&nbsp; &nbsp; 245,&nbsp; Michael Babych&nbsp; &nbsp; 488, 494,&nbsp; Tom\u00e1s Badura&nbsp; &nbsp; 293,&nbsp; Bach Choir &nbsp; &nbsp; bachchoir&nbsp; &nbsp; 432,&nbsp; Heung-U Bahk&nbsp; 14,&nbsp; Andreas Baksa &nbsp; 224,&nbsp; Sebastian Balas&nbsp; 83,&nbsp; Resz\u00f6 Balint &nbsp; 1,316,&nbsp; C. Braxton Ballew &nbsp; &nbsp; &nbsp; 451,&nbsp; Baltische Philharmonie Danzig\/Polen &nbsp; baltischephilharmoniedanzig&nbsp; 3,&nbsp; Matthias Bamert&nbsp; &nbsp; &nbsp; 524,&nbsp; Linda Bangs &nbsp; &hellip; <\/p>\n<p class=\"link-more\"><a href=\"https:\/\/istrings.eu\/newmusic.at\/interpreten-performers-b\/\" class=\"more-link\">Continue reading<span class=\"screen-reader-text\"> &#8220;Interpreten \/ performers -B-&#8220;<\/span><\/a><\/p>\n","protected":false},"author":2,"featured_media":0,"parent":0,"menu_order":0,"comment_status":"closed","ping_status":"closed","template":"","meta":{"footnotes":""},"class_list":["post-926","page","type-page","status-publish","hentry"],"_links":{"self":[{"href":"https:\/\/istrings.eu\/newmusic.at\/wp-json\/wp\/v2\/pages\/926","targetHints":{"allow":["GET"]}}],"collection":[{"href":"https:\/\/istrings.eu\/newmusic.at\/wp-json\/wp\/v2\/pages"}],"about":[{"href":"https:\/\/istrings.eu\/newmusic.at\/wp-json\/wp\/v2\/types\/page"}],"author":[{"embeddable":true,"href":"https:\/\/istrings.eu\/newmusic.at\/wp-json\/wp\/v2\/users\/2"}],"replies":[{"embeddable":true,"href":"https:\/\/istrings.eu\/newmusic.at\/wp-json\/wp\/v2\/comments?post=926"}],"version-history":[{"count":3,"href":"https:\/\/istrings.eu\/newmusic.at\/wp-json\/wp\/v2\/pages\/926\/revisions"}],"predecessor-version":[{"id":1510,"href":"https:\/\/istrings.eu\/newmusic.at\/wp-json\/wp\/v2\/pages\/926\/revisions\/1510"}],"wp:attachment":[{"href":"https:\/\/istrings.eu\/newmusic.at\/wp-json\/wp\/v2\/media?parent=926"}],"curies":[{"name":"wp","href":"https:\/\/api.w.org\/{rel}","templated":true}]}}