{"id":918,"date":"2021-02-21T14:51:03","date_gmt":"2021-02-21T14:51:03","guid":{"rendered":"https:\/\/newmusic.at\/?page_id=918"},"modified":"2021-02-24T09:13:14","modified_gmt":"2021-02-24T09:13:14","slug":"instrumente-instruments","status":"publish","type":"page","link":"https:\/\/istrings.eu\/newmusic.at\/instrumente-instruments\/","title":{"rendered":"Instrumente \/ instruments"},"content":{"rendered":"\n<div class=\"wp-block-columns is-layout-flex wp-container-core-columns-is-layout-9d6595d7 wp-block-columns-is-layout-flex\">\n<div class=\"wp-block-column is-layout-flow wp-block-column-is-layout-flow\">\n<p><strong>A<\/strong><\/p>\n\n\n\n<p>Akkordeon<\/p>\n\n\n\n<p><em>Alphorn<\/em><\/p>\n\n\n\n<p>Alt<\/p>\n\n\n\n<p>Altblockfl\u00f6te<\/p>\n\n\n\n<p><em>Altfl\u00f6te<\/em><\/p>\n\n\n\n<p><em>Alto<\/em><\/p>\n\n\n\n<p>Alto recorder &nbsp; &nbsp; altorecorder<\/p>\n\n\n\n<p><em>Alto Flute &nbsp; &nbsp; altoflute<\/em><\/p>\n\n\n\n<p>Altposaune<\/p>\n\n\n\n<p>Altsaxophon, Alto Saxophone<\/p>\n\n\n\n<p><strong>B<\/strong><\/p>\n\n\n\n<p>Bandoneon<\/p>\n\n\n\n<p>Bariton<\/p>\n\n\n\n<p>Baritonoboe<\/p>\n\n\n\n<p>Baritonsaxophon, &nbsp; Baritone Saxophone &nbsp; &nbsp; baritonesaxophone<\/p>\n\n\n\n<p>Bass<\/p>\n\n\n\n<p>Bassbariton<\/p>\n\n\n\n<p>Bassblockfl\u00f6te<\/p>\n\n\n\n<p><em>Bass clarinet<\/em><\/p>\n\n\n\n<p><em>Bassklarinette&nbsp;<\/em><\/p>\n\n\n\n<p>Bassfl\u00f6te<\/p>\n\n\n\n<p>Bassflute<\/p>\n\n\n\n<p>Bass koto<\/p>\n\n\n\n<p>Basso<\/p>\n\n\n\n<p>Bassoon<\/p>\n\n\n\n<p>Bassklarinette<\/p>\n\n\n\n<p>Ba\u00dftuba<\/p>\n\n\n\n<p>Bells<\/p>\n\n\n\n<p>Blasorchester<\/p>\n\n\n\n<p>Bl\u00e4sertrio<\/p>\n\n\n\n<p>Blechbl\u00e4ser<\/p>\n\n\n\n<p>Blechbl\u00e4serensemble<\/p>\n\n\n\n<p>Blechbl\u00e4serquintett<\/p>\n\n\n\n<p>Bl\u00e4serquintett<\/p>\n\n\n\n<p>Blockfl\u00f6te<\/p>\n\n\n\n<p><em>Brass<\/em><\/p>\n\n\n\n<p><em>Bratsche<\/em><\/p>\n\n\n\n<p><strong>C<\/strong><\/p>\n\n\n\n<p>Castagnets<\/p>\n\n\n\n<p><em>Celesta<\/em><\/p>\n\n\n\n<p>Cello<\/p>\n\n\n\n<p>Cembalo<\/p>\n\n\n\n<p>Chitarra<\/p>\n\n\n\n<p>Chor<\/p>\n\n\n\n<p>Chorus<\/p>\n\n\n\n<p>Clarinet&nbsp; &nbsp; Es clarinet &nbsp; &nbsp; &nbsp; esclarinet<\/p>\n\n\n\n<p>Computer-Klavier, Computer-piano<\/p>\n\n\n\n<p>Conductor<\/p>\n\n\n\n<p>Continuo<\/p>\n\n\n\n<p><em>Contrabassclarinet<\/em><\/p>\n\n\n\n<p>Contrabassoon<\/p>\n\n\n\n<p>Cornet<\/p>\n\n\n\n<p><em>Cristal<\/em><\/p>\n\n\n\n<p><strong>D<\/strong><\/p>\n\n\n\n<p>Digital Programming&nbsp; &nbsp; &nbsp; &nbsp; digital &nbsp; 278<\/p>\n\n\n\n<p>Dirigent<\/p>\n\n\n\n<p>Drums<\/p>\n\n\n\n<p><strong>E<\/strong><\/p>\n\n\n\n<p>E-Bass<\/p>\n\n\n\n<p>E-Gitarre&nbsp; &nbsp; egitarre<\/p>\n\n\n\n<p>Electric guitar &nbsp; &nbsp; electricguitar<\/p>\n\n\n\n<p>Elektronik<\/p>\n\n\n\n<p>Englischhorn, englishhorn<\/p>\n\n\n\n<p><strong>F<\/strong><\/p>\n\n\n\n<p>Fagott<\/p>\n\n\n\n<p>Flauto<\/p>\n\n\n\n<p>Fl\u00f6te<\/p>\n\n\n\n<p><em>Flute<\/em><\/p>\n\n\n\n<p><em>Fl\u00fcgelhorn<\/em><\/p>\n\n\n\n<p><strong>G<\/strong><\/p>\n\n\n\n<p>Gesang<\/p>\n\n\n\n<p>Gitarre<\/p>\n\n\n\n<p>Glockenspiel<\/p>\n\n\n\n<p>Gong<\/p>\n\n\n\n<p>Guitar<\/p>\n\n\n\n<p><strong>H<\/strong><\/p>\n\n\n\n<p>Hackbrett<\/p>\n\n\n\n<p>Harfe, Harp<\/p>\n\n\n\n<p>Harpsichord<\/p>\n\n\n\n<p>Heckelphone<\/p>\n\n\n\n<p><em>Holzbl\u00e4ser<\/em><\/p>\n\n\n\n<p>Holzblock<\/p>\n\n\n\n<p>Horn<\/p>\n\n\n\n<p><strong>J<\/strong><\/p>\n\n\n\n<p>Jazz Singers &nbsp; &nbsp; jazzsingers<\/p>\n\n\n\n<p><strong>K<\/strong><\/p>\n\n\n\n<p>Kammerorchester<\/p>\n\n\n\n<p><em>Kantor<\/em><\/p>\n\n\n\n<p>Kastagnetten<\/p>\n\n\n\n<p><em>Keyboard<\/em><\/p>\n\n\n\n<p>Kinderinstrumente<\/p>\n\n\n\n<p>Klangregie<\/p>\n\n\n\n<p>Klangst\u00e4be<\/p>\n\n\n\n<p>Klarinette&nbsp; &nbsp; Es Klarinette &nbsp; &nbsp; esklarinette<\/p>\n\n\n\n<p>Klavier<\/p>\n\n\n\n<p>Klavierduo<\/p>\n\n\n\n<p><em>Klaviertrio<\/em><\/p>\n\n\n\n<p><em>Klavierquintett<\/em><\/p>\n\n\n\n<p><em>Kleine Trommel<\/em><\/p>\n\n\n\n<p>Kontrabass<\/p>\n\n\n\n<p><em>Kontrabassklarinette<\/em><\/p>\n\n\n\n<p>Kontrafagott<\/p>\n\n\n\n<p>Koto<\/p>\n<\/div>\n\n\n\n<div class=\"wp-block-column is-layout-flow wp-block-column-is-layout-flow\">\n<p><strong>L<\/strong><\/p>\n\n\n\n<p>Leitung<\/p>\n\n\n\n<p><strong>M<\/strong><\/p>\n\n\n\n<p>Mandoline, &nbsp; &nbsp; Mandolin<\/p>\n\n\n\n<p>Marimbaphon, Marimba<\/p>\n\n\n\n<p>Maultrommel<\/p>\n\n\n\n<p>Mezzo-soprano, Mezzo-sopran, Mezzosopran (<em>mezzosopran, mezzosoprano)<\/em><\/p>\n\n\n\n<p>Mundharmonika<\/p>\n\n\n\n<p><strong>O<\/strong><\/p>\n\n\n\n<p>Oboe<\/p>\n\n\n\n<p><em>Oboe d&#8217;amore &nbsp; &nbsp; oboedamore<\/em><\/p>\n\n\n\n<p>Orchester<\/p>\n\n\n\n<p>Orchestra<\/p>\n\n\n\n<p>Orgel, Organ<\/p>\n\n\n\n<p>Orgel-Positiv<\/p>\n\n\n\n<p><strong>P<\/strong><\/p>\n\n\n\n<p>Pauke, Pauken<\/p>\n\n\n\n<p>Pedalharfe<\/p>\n\n\n\n<p>Percussion<\/p>\n\n\n\n<p>Piano<\/p>\n\n\n\n<p>Pianoduo&nbsp;<\/p>\n\n\n\n<p><em>Pianotrio<\/em><\/p>\n\n\n\n<p><em>Pianoquintet<\/em><\/p>\n\n\n\n<p><em>Piccolo<\/em><\/p>\n\n\n\n<p>Pipa<\/p>\n\n\n\n<p>Polychord<\/p>\n\n\n\n<p>Posaune<\/p>\n\n\n\n<p><strong>Q<\/strong><\/p>\n\n\n\n<p>Quartet<\/p>\n\n\n\n<p>Quartett<\/p>\n\n\n\n<p>Qin<\/p>\n\n\n\n<p><strong>R<\/strong><\/p>\n\n\n\n<p><em>Recorder<\/em><\/p>\n\n\n\n<p><em>Bass recorder<\/em><\/p>\n\n\n\n<p><em>Tenor recorder<\/em><\/p>\n\n\n\n<p>R\u00f6hrenglocken<\/p>\n\n\n\n<p><strong>S<\/strong><\/p>\n\n\n\n<p>Sacbut<\/p>\n\n\n\n<p>Saxophon, saxophone<\/p>\n\n\n\n<p>Saxophonquartett<\/p>\n\n\n\n<p>Saxophonequartet<\/p>\n\n\n\n<p>Schalmei<\/p>\n\n\n\n<p>Schlagzeug<\/p>\n\n\n\n<p>Shakuhachi<\/p>\n\n\n\n<p>Shinobue<\/p>\n\n\n\n<p>Singstimme<\/p>\n\n\n\n<p><em>Snare Drum &nbsp; &nbsp; snaredrum<\/em><\/p>\n\n\n\n<p>So-haekum<\/p>\n\n\n\n<p>Soli<\/p>\n\n\n\n<p>Sopran, Soprano<\/p>\n\n\n\n<p>Sopransaxophon, Soprano saxophone<\/p>\n\n\n\n<p><em>Snare drum<\/em><\/p>\n\n\n\n<p>Sprecher, Sprecherin, Sprechstimme, Speaker<\/p>\n\n\n\n<p>Streicher<\/p>\n\n\n\n<p>Streichorchester<\/p>\n\n\n\n<p>Streichquartett<\/p>\n\n\n\n<p>Streichquintett<\/p>\n\n\n\n<p>Streichsextett<\/p>\n\n\n\n<p>Streichtrio<\/p>\n\n\n\n<p><em>Stringorchestra<\/em><\/p>\n\n\n\n<p><em>Stringquartet<\/em><\/p>\n\n\n\n<p><em>Strings<\/em><\/p>\n\n\n\n<p>Stringtrio<\/p>\n\n\n\n<p>Symphonieorchester<\/p>\n\n\n\n<p>Synthesizer<\/p>\n\n\n\n<p><strong>T<\/strong><\/p>\n\n\n\n<p>Tabla<\/p>\n\n\n\n<p>Tenor<\/p>\n\n\n\n<p><em>Tenortrommel<\/em><\/p>\n\n\n\n<p><em>Tenor drum<\/em><\/p>\n\n\n\n<p>Tenorsaxophon, Tenor saxophone &nbsp; &nbsp; tenorsaxophone<\/p>\n\n\n\n<p>Theorbo<\/p>\n\n\n\n<p>Timpani<\/p>\n\n\n\n<p><em>Tonband<\/em><\/p>\n\n\n\n<p><em>Toneinspielung<\/em><\/p>\n\n\n\n<p>Trombone<\/p>\n\n\n\n<p>Trommel<\/p>\n\n\n\n<p>Trompete, Trompeten<\/p>\n\n\n\n<p>Trumpet<\/p>\n\n\n\n<p>Tuba<\/p>\n\n\n\n<p>Tympani<\/p>\n\n\n\n<p><strong>V<\/strong><\/p>\n\n\n\n<p>Vibraphon<\/p>\n\n\n\n<p>Viol<\/p>\n\n\n\n<p>Viola da Gamba<\/p>\n\n\n\n<p>Viola, Violen, Viola d&#8217;amore<\/p>\n\n\n\n<p>Violine, Violinen<\/p>\n\n\n\n<p>Violoncello, Violoncelli<\/p>\n\n\n\n<p>Voice<\/p>\n\n\n\n<p><strong>W<\/strong><\/p>\n\n\n\n<p><em>Woodwind Quintet (woodwindquintet)<\/em><\/p>\n\n\n\n<p>Woodwinds<\/p>\n\n\n\n<p><strong>Z<\/strong><\/p>\n\n\n\n<p>Zheng<\/p>\n<\/div>\n<\/div>\n","protected":false},"excerpt":{"rendered":"<p>A Akkordeon Alphorn Alt Altblockfl\u00f6te Altfl\u00f6te Alto Alto recorder &nbsp; &nbsp; altorecorder Alto Flute &nbsp; &nbsp; altoflute Altposaune Altsaxophon, Alto Saxophone B Bandoneon Bariton Baritonoboe Baritonsaxophon, &nbsp; Baritone Saxophone &nbsp; &nbsp; baritonesaxophone Bass Bassbariton Bassblockfl\u00f6te Bass clarinet Bassklarinette&nbsp; Bassfl\u00f6te Bassflute Bass koto Basso Bassoon Bassklarinette Ba\u00dftuba Bells Blasorchester Bl\u00e4sertrio Blechbl\u00e4ser Blechbl\u00e4serensemble Blechbl\u00e4serquintett Bl\u00e4serquintett Blockfl\u00f6te Brass &hellip; <\/p>\n<p class=\"link-more\"><a href=\"https:\/\/istrings.eu\/newmusic.at\/instrumente-instruments\/\" class=\"more-link\">Continue reading<span class=\"screen-reader-text\"> &#8220;Instrumente \/ instruments&#8221;<\/span><\/a><\/p>\n","protected":false},"author":2,"featured_media":0,"parent":0,"menu_order":0,"comment_status":"closed","ping_status":"closed","template":"","meta":{"footnotes":""},"class_list":["post-918","page","type-page","status-publish","hentry"],"_links":{"self":[{"href":"https:\/\/istrings.eu\/newmusic.at\/wp-json\/wp\/v2\/pages\/918","targetHints":{"allow":["GET"]}}],"collection":[{"href":"https:\/\/istrings.eu\/newmusic.at\/wp-json\/wp\/v2\/pages"}],"about":[{"href":"https:\/\/istrings.eu\/newmusic.at\/wp-json\/wp\/v2\/types\/page"}],"author":[{"embeddable":true,"href":"https:\/\/istrings.eu\/newmusic.at\/wp-json\/wp\/v2\/users\/2"}],"replies":[{"embeddable":true,"href":"https:\/\/istrings.eu\/newmusic.at\/wp-json\/wp\/v2\/comments?post=918"}],"version-history":[{"count":3,"href":"https:\/\/istrings.eu\/newmusic.at\/wp-json\/wp\/v2\/pages\/918\/revisions"}],"predecessor-version":[{"id":1003,"href":"https:\/\/istrings.eu\/newmusic.at\/wp-json\/wp\/v2\/pages\/918\/revisions\/1003"}],"wp:attachment":[{"href":"https:\/\/istrings.eu\/newmusic.at\/wp-json\/wp\/v2\/media?parent=918"}],"curies":[{"name":"wp","href":"https:\/\/api.w.org\/{rel}","templated":true}]}}