{"id":262,"date":"2021-02-17T14:50:21","date_gmt":"2021-02-17T14:50:21","guid":{"rendered":"https:\/\/newmusic.at\/?page_id=262"},"modified":"2021-02-17T15:51:19","modified_gmt":"2021-02-17T15:51:19","slug":"cd-21blechinger-01-03-2005-ogzm-konzertmitschnitt-composer-artist","status":"publish","type":"page","link":"https:\/\/istrings.eu\/newmusic.at\/cd-21blechinger-01-03-2005-ogzm-konzertmitschnitt-composer-artist\/","title":{"rendered":"CD-21:BLECHINGER                                                                01.03.2005 \u00d6GZM Konzertmitschnitt composer &#038; artist"},"content":{"rendered":"\n<p class=\"has-text-align-center\"><strong><em>\u00d6<\/em><\/strong><em>sterreichische <\/em><strong><em>G<\/em><\/strong><em>esellschaft f\u00fcr <\/em><strong><em>Z<\/em><\/strong><em>eitgen\u00f6ssische <\/em><strong><em>M<\/em><\/strong><em>usik&nbsp;<\/em><\/p>\n\n\n\n<p class=\"has-text-align-center\"><em>in Zusammenarbeit mit&nbsp;<\/em><\/p>\n\n\n\n<p class=\"has-text-align-center\"><em>Kunstverein Wien Alte Schmiede<\/em><\/p>\n\n\n\n<p class=\"has-text-align-center\"><strong>Alexander Blechinger&nbsp;<\/strong><\/p>\n\n\n\n<p class=\"has-text-align-center\">1. M\u00e4rz 2005<\/p>\n\n\n\n<p class=\"has-text-align-center\">Alte Schmiede Wien<\/p>\n\n\n\n<p>CD 1 36:46<\/p>\n\n\n\n<p>01. Brigitte Pixner \/ A.Blechinger: aus Pixners Wienerlieder:Jeder-Keiner 01:51<\/p>\n\n\n\n<p>02. Ulla Hahn \/ A.Blechinger: aus Songs, Lieder &amp; Chansons: Wildnis, N\u00e4he,&nbsp;<\/p>\n\n\n\n<p>Bim-Bam<\/p>\n\n\n\n<p>03. Alexander Blechinger: Fr\u00fchling op.17 f\u00fcr Klavier solo 01:19<\/p>\n\n\n\n<p>04. Ilse Storfer \/ A.Blechinger: aus Weltenlieder op.88: 01:44<\/p>\n\n\n\n<p>Morgensch\u00f6n f\u00fcr Mezzosopran und Klavier<\/p>\n\n\n\n<p>05. Monika Sch\u00f6nborn \/ A.Blechinger: aus Zaubergartenlieder op.199: Das Interview 08:52<\/p>\n\n\n\n<p>06. Alexander Blechinger: aus Violinkonzert op.87. Fassung f\u00fcr Violine und 03:50<\/p>\n\n\n\n<p>Klavier: 1.Satz Allegro assai, agitato<\/p>\n\n\n\n<p>07. Brigitte Pixner \/ A.Blechinger: aus Das Kukucksei op.144: Die abtr\u00fcnnige Muse 05:12<\/p>\n\n\n\n<p>08. Gottfried Pixner \/ A.Blechinger: aus Sch\u00fcttelreim &amp; Limerick op.202: 10:13<\/p>\n\n\n\n<p>V\u00e4terliche Repressalie, Zeister Trptychon<\/p>\n\n\n\n<p>CD 2 52:32<\/p>\n\n\n\n<p>09. Alexander Blechinger: Sonate in E: Moderato, Lento, Vivace op.140 03:42<\/p>\n\n\n\n<p>10. Agnes Miegel \/ A.Blechinger: aus Die Vertriebenen op. 170: Wagen an Wagen 01:37<\/p>\n\n\n\n<p>11. Susanne Svoboda \/ A.Blechinger:&nbsp; aus Verlorene Heimat op.198: Heimat \u00d6sterr. 02:52<\/p>\n\n\n\n<p>12. Alexander Blechinger: Suite f\u00fcr Schlagzeug und Klavier op.189: 01:39<\/p>\n\n\n\n<p>Hexenrondo<\/p>\n\n\n\n<p>13. Elisabeth Schrattenholzer \/ A.Blechinger:&nbsp; aus Oper Ein Fest in die Zukunft:&nbsp;<\/p>\n\n\n\n<p>Chanson, Wie ich atme, Duett der Liebenden<\/p>\n\n\n\n<p>14. Alexander Blechinger: Rondo sentimentale op.109 f\u00fcr Violine und Gitarre&nbsp;<\/p>\n\n\n\n<p>15. Ingrid Heinisch \/ A.Blechinger: Musical M\u00fctter op.152: Wir waren damals so verliebt<\/p>\n\n\n\n<p>16. Roman Rocek \/ A.Blechinger: aus Oper Die b\u00f6se 7: Ein sch\u00f6ner Mann<\/p>\n\n\n\n<p><em>A u s f \u00fc h r e n d e :<\/em><\/p>\n\n\n\n<p><em>Alexander Blechinger, Tenor &#8211; Elisabeth Fruhmann, Mezzosopran &#8211; Rudolf Vogel, Ba\u00df<\/em><\/p>\n\n\n\n<p><em>Thomas Hlawatsch, Klavier \u2013 Eduardo Vald\u00e9s, Gitarre \u2013 Michael Blechinger, Schlagzeug<\/em><\/p>\n\n\n\n<p><em>Bojidara Kouzmanova, Violine \u2013 Grazyna Milan, Violoncello &#8211; Konstanze Brosch, Oboe<\/em><\/p>\n\n\n\n<p>Aufnahme: Reinhold Rieger<\/p>\n","protected":false},"excerpt":{"rendered":"<p>\u00d6sterreichische Gesellschaft f\u00fcr Zeitgen\u00f6ssische Musik&nbsp; in Zusammenarbeit mit&nbsp; Kunstverein Wien Alte Schmiede Alexander Blechinger&nbsp; 1. M\u00e4rz 2005 Alte Schmiede Wien CD 1 36:46 01. Brigitte Pixner \/ A.Blechinger: aus Pixners Wienerlieder:Jeder-Keiner 01:51 02. Ulla Hahn \/ A.Blechinger: aus Songs, Lieder &amp; Chansons: Wildnis, N\u00e4he,&nbsp; Bim-Bam 03. Alexander Blechinger: Fr\u00fchling op.17 f\u00fcr Klavier solo 01:19 04. &hellip; <\/p>\n<p class=\"link-more\"><a href=\"https:\/\/istrings.eu\/newmusic.at\/cd-21blechinger-01-03-2005-ogzm-konzertmitschnitt-composer-artist\/\" class=\"more-link\">Continue reading<span class=\"screen-reader-text\"> &#8220;CD-21:BLECHINGER                                                                01.03.2005 \u00d6GZM Konzertmitschnitt composer &#038; artist&#8221;<\/span><\/a><\/p>\n","protected":false},"author":1,"featured_media":263,"parent":0,"menu_order":21,"comment_status":"closed","ping_status":"closed","template":"","meta":{"footnotes":""},"class_list":["post-262","page","type-page","status-publish","has-post-thumbnail","hentry"],"_links":{"self":[{"href":"https:\/\/istrings.eu\/newmusic.at\/wp-json\/wp\/v2\/pages\/262","targetHints":{"allow":["GET"]}}],"collection":[{"href":"https:\/\/istrings.eu\/newmusic.at\/wp-json\/wp\/v2\/pages"}],"about":[{"href":"https:\/\/istrings.eu\/newmusic.at\/wp-json\/wp\/v2\/types\/page"}],"author":[{"embeddable":true,"href":"https:\/\/istrings.eu\/newmusic.at\/wp-json\/wp\/v2\/users\/1"}],"replies":[{"embeddable":true,"href":"https:\/\/istrings.eu\/newmusic.at\/wp-json\/wp\/v2\/comments?post=262"}],"version-history":[{"count":1,"href":"https:\/\/istrings.eu\/newmusic.at\/wp-json\/wp\/v2\/pages\/262\/revisions"}],"predecessor-version":[{"id":264,"href":"https:\/\/istrings.eu\/newmusic.at\/wp-json\/wp\/v2\/pages\/262\/revisions\/264"}],"wp:featuredmedia":[{"embeddable":true,"href":"https:\/\/istrings.eu\/newmusic.at\/wp-json\/wp\/v2\/media\/263"}],"wp:attachment":[{"href":"https:\/\/istrings.eu\/newmusic.at\/wp-json\/wp\/v2\/media?parent=262"}],"curies":[{"name":"wp","href":"https:\/\/api.w.org\/{rel}","templated":true}]}}