{"id":257,"date":"2021-02-17T14:47:15","date_gmt":"2021-02-17T14:47:15","guid":{"rendered":"https:\/\/newmusic.at\/?page_id=257"},"modified":"2021-02-17T15:50:21","modified_gmt":"2021-02-17T15:50:21","slug":"cd-20berger-krenek-erod-neue-musik-aus-ost-iii-orf-cd-1","status":"publish","type":"page","link":"https:\/\/istrings.eu\/newmusic.at\/cd-20berger-krenek-erod-neue-musik-aus-ost-iii-orf-cd-1\/","title":{"rendered":"CD-20:BERGER-KRENEK-ER\u00d6D                                                           Neue Musik aus \u00d6st.III\/ORF CD 1                                                                                                                                          ORF 249"},"content":{"rendered":"\n<p><strong>Edition Zeitton \u2013 Neue Musik aus \u00d6sterreich (III)<\/strong>&nbsp; &nbsp; &nbsp; &nbsp;<\/p>\n\n\n\n<p>RADIO SYMPHONIEORCHESTER WIEN<\/p>\n\n\n\n<p><strong>Theodor Berger <\/strong>(1905-1992)<\/p>\n\n\n\n<p>Impressionen op.8 20:39<\/p>\n\n\n\n<p>01. 1. Kleine Stadt \u2013 M\u00e4\u00dfiges Zeitma\u00df 03:22<\/p>\n\n\n\n<p>02. 2. Kirchhof \u2013 Langsam flie\u00dfend 03:31<\/p>\n\n\n\n<p>03. 3. S\u00e4gewerk \u2013 M\u00e4\u00dfig rasch 03:07<\/p>\n\n\n\n<p>04. 4. Landschaft \u2013 Sehr ruhig 04:21<\/p>\n\n\n\n<p>05. 5. Werkstattrhythmen \u2013 Allegretto 04:05<\/p>\n\n\n\n<p>06. Ausklang \u2013 Ruhig flie\u00dfend 02:14<\/p>\n\n\n\n<p><em>Dirigent: Gottfried Rabl<\/em><\/p>\n\n\n\n<p>07. Rondo ostinato nach einem spanischen Motiv f\u00fcr Blasorchester 11:26<\/p>\n\n\n\n<p><em>Dirigent: Gottfried Rabl<\/em><\/p>\n\n\n\n<p><strong>Ernst Krenek <\/strong>(1900-1991)<\/p>\n\n\n\n<p>Sinfonietta f\u00fcr Streichorchester \u201eLa Brasileira\u201c 13:53<\/p>\n\n\n\n<p>08. 1. Introduktion \u2013 Andante 00:47<\/p>\n\n\n\n<p>09. 2. Allegro deciso 01:53<\/p>\n\n\n\n<p>10. 3. Allegro vivace 01:57<\/p>\n\n\n\n<p>11. 4. Andante sostenuto 06:12<\/p>\n\n\n\n<p>12. 5. Allegro grazioso 03:04<\/p>\n\n\n\n<p><em>Dirigent: Peter Wolf<\/em><\/p>\n\n\n\n<p><strong>Ivan Er\u00f6d <\/strong>(*1936)<\/p>\n\n\n\n<p>Symphonie Nr.1 op.67 \u201eAus der Alten Welt\u201c 24:50<\/p>\n\n\n\n<p>13. 1. Moderato 11:35<\/p>\n\n\n\n<p>14. 2. Andante 07:20<\/p>\n\n\n\n<p>15. 3. Allegro vivace 05:55<\/p>\n\n\n\n<p><em>Dirigent: Pinchas Steinberg<\/em><\/p>\n\n\n\n<p><strong>Ivan Er\u00f6d <\/strong>(*1936)<\/p>\n\n\n\n<p>09. Rejouissance op.48 f\u00fcr gro\u00dfes Orchester 08:32<\/p>\n\n\n\n<p><em>Dirigent: Claudius Traunfellner<\/em><\/p>\n","protected":false},"excerpt":{"rendered":"<p>Edition Zeitton \u2013 Neue Musik aus \u00d6sterreich (III)&nbsp; &nbsp; &nbsp; &nbsp; RADIO SYMPHONIEORCHESTER WIEN Theodor Berger (1905-1992) Impressionen op.8 20:39 01. 1. Kleine Stadt \u2013 M\u00e4\u00dfiges Zeitma\u00df 03:22 02. 2. Kirchhof \u2013 Langsam flie\u00dfend 03:31 03. 3. S\u00e4gewerk \u2013 M\u00e4\u00dfig rasch 03:07 04. 4. Landschaft \u2013 Sehr ruhig 04:21 05. 5. Werkstattrhythmen \u2013 Allegretto 04:05 &hellip; <\/p>\n<p class=\"link-more\"><a href=\"https:\/\/istrings.eu\/newmusic.at\/cd-20berger-krenek-erod-neue-musik-aus-ost-iii-orf-cd-1\/\" class=\"more-link\">Continue reading<span class=\"screen-reader-text\"> &#8220;CD-20:BERGER-KRENEK-ER\u00d6D                                                           Neue Musik aus \u00d6st.III\/ORF CD 1                                                                                                                                          ORF 249&#8221;<\/span><\/a><\/p>\n","protected":false},"author":1,"featured_media":258,"parent":0,"menu_order":20,"comment_status":"closed","ping_status":"closed","template":"","meta":{"footnotes":""},"class_list":["post-257","page","type-page","status-publish","has-post-thumbnail","hentry"],"_links":{"self":[{"href":"https:\/\/istrings.eu\/newmusic.at\/wp-json\/wp\/v2\/pages\/257","targetHints":{"allow":["GET"]}}],"collection":[{"href":"https:\/\/istrings.eu\/newmusic.at\/wp-json\/wp\/v2\/pages"}],"about":[{"href":"https:\/\/istrings.eu\/newmusic.at\/wp-json\/wp\/v2\/types\/page"}],"author":[{"embeddable":true,"href":"https:\/\/istrings.eu\/newmusic.at\/wp-json\/wp\/v2\/users\/1"}],"replies":[{"embeddable":true,"href":"https:\/\/istrings.eu\/newmusic.at\/wp-json\/wp\/v2\/comments?post=257"}],"version-history":[{"count":1,"href":"https:\/\/istrings.eu\/newmusic.at\/wp-json\/wp\/v2\/pages\/257\/revisions"}],"predecessor-version":[{"id":259,"href":"https:\/\/istrings.eu\/newmusic.at\/wp-json\/wp\/v2\/pages\/257\/revisions\/259"}],"wp:featuredmedia":[{"embeddable":true,"href":"https:\/\/istrings.eu\/newmusic.at\/wp-json\/wp\/v2\/media\/258"}],"wp:attachment":[{"href":"https:\/\/istrings.eu\/newmusic.at\/wp-json\/wp\/v2\/media?parent=257"}],"curies":[{"name":"wp","href":"https:\/\/api.w.org\/{rel}","templated":true}]}}