{"id":251,"date":"2021-02-17T14:44:03","date_gmt":"2021-02-17T14:44:03","guid":{"rendered":"https:\/\/newmusic.at\/?page_id=251"},"modified":"2021-02-17T15:50:04","modified_gmt":"2021-02-17T15:50:04","slug":"cd-18bergauer-wagner-frenzel-meixner-strobl-brambock-hausl-maurberger-extraplatte-ex-482-001-2","status":"publish","type":"page","link":"https:\/\/istrings.eu\/newmusic.at\/cd-18bergauer-wagner-frenzel-meixner-strobl-brambock-hausl-maurberger-extraplatte-ex-482-001-2\/","title":{"rendered":"CD-18:BERGAUER-WAGNER-FRENZEL-MEIXNER-STROBL-BRAMB\u00d6CK-HAUSL-MAURBERGER Extraplatte EX 482 001-2"},"content":{"rendered":"\n<p><strong><em>Nova Brass<\/em><\/strong><\/p>\n\n\n\n<p><strong>BLECH &#8211; URIG &#8211; VIRTUOS<\/strong><\/p>\n\n\n\n<p>interpretiert Kompositonen aus \u00d6sterreich<\/p>\n\n\n\n<p>01. <strong>Karl Bergauer<\/strong>: Il Picchio 02:40<\/p>\n\n\n\n<p>02. <strong>Wolfram Wagner<\/strong>: 7 kurze St\u00fccke f\u00fcr Brassquintett 08:31<\/p>\n\n\n\n<p>03. <strong>F.X.Frenzel<\/strong>: Concerto a Cinque 1.Satz 03:03<\/p>\n\n\n\n<p>04. <strong>Adam Meixner<\/strong>: Brass Invendie Prelude \/ Inventio 03:57<\/p>\n\n\n\n<p>05. <strong>Otto Strobl<\/strong>: Variationen \u00fcber eine Sarabande 08:29<\/p>\n\n\n\n<p>06. <strong>Karl Bergauer<\/strong>: Venezia 05:30<\/p>\n\n\n\n<p>07. <strong>Florian Bramb\u00f6ck<\/strong>: Das \u00e4sthetische Wiesel,Der Panther,Faules Krokodil,Im Park 08:08<\/p>\n\n\n\n<p>08. <strong>Johann Hausl<\/strong>: op.228\/1-5l 13:26<\/p>\n\n\n\n<p>09. <strong>Helmut Maurberger<\/strong>: Heitere Greueltat Polka 03:30<\/p>\n\n\n\n<p><em>Nova Brass Blechbl\u00e4serquintett<\/em><\/p>\n","protected":false},"excerpt":{"rendered":"<p>Nova Brass BLECH &#8211; URIG &#8211; VIRTUOS interpretiert Kompositonen aus \u00d6sterreich 01. Karl Bergauer: Il Picchio 02:40 02. Wolfram Wagner: 7 kurze St\u00fccke f\u00fcr Brassquintett 08:31 03. F.X.Frenzel: Concerto a Cinque 1.Satz 03:03 04. Adam Meixner: Brass Invendie Prelude \/ Inventio 03:57 05. Otto Strobl: Variationen \u00fcber eine Sarabande 08:29 06. Karl Bergauer: Venezia 05:30 &hellip; <\/p>\n<p class=\"link-more\"><a href=\"https:\/\/istrings.eu\/newmusic.at\/cd-18bergauer-wagner-frenzel-meixner-strobl-brambock-hausl-maurberger-extraplatte-ex-482-001-2\/\" class=\"more-link\">Continue reading<span class=\"screen-reader-text\"> &#8220;CD-18:BERGAUER-WAGNER-FRENZEL-MEIXNER-STROBL-BRAMB\u00d6CK-HAUSL-MAURBERGER Extraplatte EX 482 001-2&#8221;<\/span><\/a><\/p>\n","protected":false},"author":1,"featured_media":252,"parent":0,"menu_order":18,"comment_status":"closed","ping_status":"closed","template":"","meta":{"footnotes":""},"class_list":["post-251","page","type-page","status-publish","has-post-thumbnail","hentry"],"_links":{"self":[{"href":"https:\/\/istrings.eu\/newmusic.at\/wp-json\/wp\/v2\/pages\/251","targetHints":{"allow":["GET"]}}],"collection":[{"href":"https:\/\/istrings.eu\/newmusic.at\/wp-json\/wp\/v2\/pages"}],"about":[{"href":"https:\/\/istrings.eu\/newmusic.at\/wp-json\/wp\/v2\/types\/page"}],"author":[{"embeddable":true,"href":"https:\/\/istrings.eu\/newmusic.at\/wp-json\/wp\/v2\/users\/1"}],"replies":[{"embeddable":true,"href":"https:\/\/istrings.eu\/newmusic.at\/wp-json\/wp\/v2\/comments?post=251"}],"version-history":[{"count":1,"href":"https:\/\/istrings.eu\/newmusic.at\/wp-json\/wp\/v2\/pages\/251\/revisions"}],"predecessor-version":[{"id":253,"href":"https:\/\/istrings.eu\/newmusic.at\/wp-json\/wp\/v2\/pages\/251\/revisions\/253"}],"wp:featuredmedia":[{"embeddable":true,"href":"https:\/\/istrings.eu\/newmusic.at\/wp-json\/wp\/v2\/media\/252"}],"wp:attachment":[{"href":"https:\/\/istrings.eu\/newmusic.at\/wp-json\/wp\/v2\/media?parent=251"}],"curies":[{"name":"wp","href":"https:\/\/api.w.org\/{rel}","templated":true}]}}