{"id":248,"date":"2021-02-17T14:42:56","date_gmt":"2021-02-17T14:42:56","guid":{"rendered":"https:\/\/newmusic.at\/?page_id=248"},"modified":"2021-02-17T15:49:56","modified_gmt":"2021-02-17T15:49:56","slug":"cd-17bednarik-wiener-temperamente-ii-cd-192-665","status":"publish","type":"page","link":"https:\/\/istrings.eu\/newmusic.at\/cd-17bednarik-wiener-temperamente-ii-cd-192-665\/","title":{"rendered":"CD-17:BEDNARIK                                                                                         Wiener Temperamente II CD 192.665"},"content":{"rendered":"\n<p><em>Das Wiener Terzett<\/em><\/p>\n\n\n\n<p>13.<strong> Josef Bednarik<\/strong>: \u201cSchwing Schweet\u201d f\u00fcr 3 Klarinetten<\/p>\n\n\n\n<p>Fox f\u00fcr Gottfried 01:29<\/p>\n\n\n\n<p>Tango f\u00fcr Peter 05:30<\/p>\n\n\n\n<p>Rumba f\u00fcr Maria 03:36<\/p>\n\n\n\n<p>Rag f\u00fcr Michael 01:33<\/p>\n\n\n\n<p>Walzer f\u00fcr Willy 03:21<\/p>\n\n\n\n<p>Fuge f\u00fcr Erich 02:24<\/p>\n","protected":false},"excerpt":{"rendered":"<p>Das Wiener Terzett 13. Josef Bednarik: \u201cSchwing Schweet\u201d f\u00fcr 3 Klarinetten Fox f\u00fcr Gottfried 01:29 Tango f\u00fcr Peter 05:30 Rumba f\u00fcr Maria 03:36 Rag f\u00fcr Michael 01:33 Walzer f\u00fcr Willy 03:21 Fuge f\u00fcr Erich 02:24<\/p>\n","protected":false},"author":1,"featured_media":249,"parent":0,"menu_order":17,"comment_status":"closed","ping_status":"closed","template":"","meta":{"footnotes":""},"class_list":["post-248","page","type-page","status-publish","has-post-thumbnail","hentry"],"_links":{"self":[{"href":"https:\/\/istrings.eu\/newmusic.at\/wp-json\/wp\/v2\/pages\/248","targetHints":{"allow":["GET"]}}],"collection":[{"href":"https:\/\/istrings.eu\/newmusic.at\/wp-json\/wp\/v2\/pages"}],"about":[{"href":"https:\/\/istrings.eu\/newmusic.at\/wp-json\/wp\/v2\/types\/page"}],"author":[{"embeddable":true,"href":"https:\/\/istrings.eu\/newmusic.at\/wp-json\/wp\/v2\/users\/1"}],"replies":[{"embeddable":true,"href":"https:\/\/istrings.eu\/newmusic.at\/wp-json\/wp\/v2\/comments?post=248"}],"version-history":[{"count":1,"href":"https:\/\/istrings.eu\/newmusic.at\/wp-json\/wp\/v2\/pages\/248\/revisions"}],"predecessor-version":[{"id":250,"href":"https:\/\/istrings.eu\/newmusic.at\/wp-json\/wp\/v2\/pages\/248\/revisions\/250"}],"wp:featuredmedia":[{"embeddable":true,"href":"https:\/\/istrings.eu\/newmusic.at\/wp-json\/wp\/v2\/media\/249"}],"wp:attachment":[{"href":"https:\/\/istrings.eu\/newmusic.at\/wp-json\/wp\/v2\/media?parent=248"}],"curies":[{"name":"wp","href":"https:\/\/api.w.org\/{rel}","templated":true}]}}