{"id":158,"date":"2021-01-29T16:21:10","date_gmt":"2021-01-29T16:21:10","guid":{"rendered":"https:\/\/newmusic.at\/?page_id=158"},"modified":"2021-02-17T15:58:49","modified_gmt":"2021-02-17T15:58:49","slug":"cd-10aranyi-aschner-duos-privat-cd","status":"publish","type":"page","link":"https:\/\/istrings.eu\/newmusic.at\/cd-10aranyi-aschner-duos-privat-cd\/","title":{"rendered":"CD-10: AR\u00c1NYI-ASCHNER (Duos) Privat CD"},"content":{"rendered":"\n<p><strong>Georg Ar\u00e1nyi-Aschner:<\/strong><\/p>\n\n\n\n<p><strong>2 Duos f\u00fcr Fl\u00f6te und Posaune&nbsp; \/&nbsp; <\/strong>Konzertmitschnitt<\/p>\n\n\n\n<p>01. Quasi passacaglia<\/p>\n\n\n\n<p>02. Ein dramatisches Gebet<\/p>\n\n\n\n<p><em>Katharina Csizmadia, Fl\u00f6te \u2013 Franz Schreck, Posaune<\/em><\/p>\n","protected":false},"excerpt":{"rendered":"<p>Georg Ar\u00e1nyi-Aschner: 2 Duos f\u00fcr Fl\u00f6te und Posaune&nbsp; \/&nbsp; Konzertmitschnitt 01. Quasi passacaglia 02. Ein dramatisches Gebet Katharina Csizmadia, Fl\u00f6te \u2013 Franz Schreck, Posaune<\/p>\n","protected":false},"author":1,"featured_media":159,"parent":0,"menu_order":10,"comment_status":"closed","ping_status":"closed","template":"","meta":{"footnotes":""},"class_list":["post-158","page","type-page","status-publish","has-post-thumbnail","hentry"],"_links":{"self":[{"href":"https:\/\/istrings.eu\/newmusic.at\/wp-json\/wp\/v2\/pages\/158","targetHints":{"allow":["GET"]}}],"collection":[{"href":"https:\/\/istrings.eu\/newmusic.at\/wp-json\/wp\/v2\/pages"}],"about":[{"href":"https:\/\/istrings.eu\/newmusic.at\/wp-json\/wp\/v2\/types\/page"}],"author":[{"embeddable":true,"href":"https:\/\/istrings.eu\/newmusic.at\/wp-json\/wp\/v2\/users\/1"}],"replies":[{"embeddable":true,"href":"https:\/\/istrings.eu\/newmusic.at\/wp-json\/wp\/v2\/comments?post=158"}],"version-history":[{"count":3,"href":"https:\/\/istrings.eu\/newmusic.at\/wp-json\/wp\/v2\/pages\/158\/revisions"}],"predecessor-version":[{"id":301,"href":"https:\/\/istrings.eu\/newmusic.at\/wp-json\/wp\/v2\/pages\/158\/revisions\/301"}],"wp:featuredmedia":[{"embeddable":true,"href":"https:\/\/istrings.eu\/newmusic.at\/wp-json\/wp\/v2\/media\/159"}],"wp:attachment":[{"href":"https:\/\/istrings.eu\/newmusic.at\/wp-json\/wp\/v2\/media?parent=158"}],"curies":[{"name":"wp","href":"https:\/\/api.w.org\/{rel}","templated":true}]}}