{"id":149,"date":"2021-01-29T16:17:50","date_gmt":"2021-01-29T16:17:50","guid":{"rendered":"https:\/\/newmusic.at\/?page_id=149"},"modified":"2021-02-17T15:53:36","modified_gmt":"2021-02-17T15:53:36","slug":"cd-7apostel-jelinek-schrodl-wysocki-pattenhausen-kratochwil-aranyi-aschner-pelinka-blechinger-lardy-osterr-komponisten-der-gegenwart-kkm-3092-2","status":"publish","type":"page","link":"https:\/\/istrings.eu\/newmusic.at\/cd-7apostel-jelinek-schrodl-wysocki-pattenhausen-kratochwil-aranyi-aschner-pelinka-blechinger-lardy-osterr-komponisten-der-gegenwart-kkm-3092-2\/","title":{"rendered":"CD-7:APOSTEL-JELINEK-SCHR\u00d6DL-WYSOCKI- PATTENHAUSEN- KRATOCHWIL- AR\u00c1NYI-ASCHNER- PELINKA-BLECHINGER-LARDY \u00d6STERR.KOMPONISTEN DER GEGENWART KKM 3092-2"},"content":{"rendered":"\n<p><strong>Hans Erich APOSTEL &#8211; Hanns JELINEK &#8211; Karlheinz SCHR\u00d6DL &#8211; Zdzislaw WYSOCKI \u2013&nbsp;<\/strong><\/p>\n\n\n\n<p><strong>Hellmuth PATTENHAUSEN &#8211; Heinz KRATOCHWIL &#8211; Georg AR\u00c1NYI-ASCHNER \u2013&nbsp;<\/strong><\/p>\n\n\n\n<p><strong>Werner PELINKA &#8211; Alexander BLECHINGER &#8211; Eugen LARDY<\/strong><\/p>\n\n\n\n<p><strong><em>BRIGITTE H\u00dcBNER-URBAN (Alt)<\/em>&nbsp; &nbsp; &nbsp; &nbsp; &nbsp; &nbsp; &nbsp; &nbsp; &nbsp; &nbsp; &nbsp; &nbsp; &nbsp; &nbsp; &nbsp; &nbsp; &nbsp; &nbsp; &nbsp; &nbsp; &nbsp; &nbsp; &nbsp; &nbsp; &nbsp; &nbsp; &nbsp; &nbsp; &nbsp; &nbsp; &nbsp; &nbsp; &nbsp; &nbsp; &nbsp; &nbsp; &nbsp;<\/strong><\/p>\n\n\n\n<p>01. <strong>Hans Erich Apostel<\/strong>: O wenn ein Herz&#8230; 02:04<\/p>\n\n\n\n<p>02. Der Tod der Geliebten 03:39<\/p>\n\n\n\n<p>03. Lied vom Meer 01:47<\/p>\n\n\n\n<p>04. Du Dunkelheit, aus der ich stamme 03:09<\/p>\n\n\n\n<p>05. <strong>Hanns Jelinek<\/strong>: Monolog des Blinden 05:57<\/p>\n\n\n\n<p>06. Fantasie von \u00dcbermorgen 03:11<\/p>\n\n\n\n<p>07. <strong>Karlheinz Schr\u00f6dl<\/strong>: Sternennacht 03:32<\/p>\n\n\n\n<p>08. Winterreise 01:30<\/p>\n\n\n\n<p>09. <strong>Zdzislaw Wysocki<\/strong>: Feldweg im Nebel 03:18<\/p>\n\n\n\n<p>10. <strong>Hellmuth Pattenhausen<\/strong>: Die Laute 02:46<\/p>\n\n\n\n<p>11. <strong>Heinz Kratochwil<\/strong>: Das Hohelied der Liebe 12:04<\/p>\n\n\n\n<p>12. <strong>Georg Ar\u00e1nyi-Aschner<\/strong>: Kyrie eleison 05:52<\/p>\n\n\n\n<p>13. <strong>Werner Pelinka<\/strong>: Wie Sonnen durch das Weltall kreisen 02:12<\/p>\n\n\n\n<p>14. &nbsp; &nbsp; Klang im Vert\u00f6nen 02:14<\/p>\n\n\n\n<p>15. &nbsp; &nbsp; Wie ein Smaragd 01:33<\/p>\n\n\n\n<p>16. &nbsp; &nbsp; Mein Herr und mein Gott 01:54<\/p>\n\n\n\n<p>17. <strong>Alexander Blechinger<\/strong>: An die Nacht \u2013 Ballade 03:23<\/p>\n\n\n\n<p>18. <strong>Eugen Lardy<\/strong>: Das Wort der Dichter 01:00<\/p>\n","protected":false},"excerpt":{"rendered":"<p>Hans Erich APOSTEL &#8211; Hanns JELINEK &#8211; Karlheinz SCHR\u00d6DL &#8211; Zdzislaw WYSOCKI \u2013&nbsp; Hellmuth PATTENHAUSEN &#8211; Heinz KRATOCHWIL &#8211; Georg AR\u00c1NYI-ASCHNER \u2013&nbsp; Werner PELINKA &#8211; Alexander BLECHINGER &#8211; Eugen LARDY BRIGITTE H\u00dcBNER-URBAN (Alt)&nbsp; &nbsp; &nbsp; &nbsp; &nbsp; &nbsp; &nbsp; &nbsp; &nbsp; &nbsp; &nbsp; &nbsp; &nbsp; &nbsp; &nbsp; &nbsp; &nbsp; &nbsp; &nbsp; &nbsp; &nbsp; &nbsp; &nbsp; &hellip; <\/p>\n<p class=\"link-more\"><a href=\"https:\/\/istrings.eu\/newmusic.at\/cd-7apostel-jelinek-schrodl-wysocki-pattenhausen-kratochwil-aranyi-aschner-pelinka-blechinger-lardy-osterr-komponisten-der-gegenwart-kkm-3092-2\/\" class=\"more-link\">Continue reading<span class=\"screen-reader-text\"> &#8220;CD-7:APOSTEL-JELINEK-SCHR\u00d6DL-WYSOCKI- PATTENHAUSEN- KRATOCHWIL- AR\u00c1NYI-ASCHNER- PELINKA-BLECHINGER-LARDY \u00d6STERR.KOMPONISTEN DER GEGENWART KKM 3092-2&#8221;<\/span><\/a><\/p>\n","protected":false},"author":1,"featured_media":150,"parent":0,"menu_order":7,"comment_status":"closed","ping_status":"closed","template":"","meta":{"footnotes":""},"class_list":["post-149","page","type-page","status-publish","has-post-thumbnail","hentry"],"_links":{"self":[{"href":"https:\/\/istrings.eu\/newmusic.at\/wp-json\/wp\/v2\/pages\/149","targetHints":{"allow":["GET"]}}],"collection":[{"href":"https:\/\/istrings.eu\/newmusic.at\/wp-json\/wp\/v2\/pages"}],"about":[{"href":"https:\/\/istrings.eu\/newmusic.at\/wp-json\/wp\/v2\/types\/page"}],"author":[{"embeddable":true,"href":"https:\/\/istrings.eu\/newmusic.at\/wp-json\/wp\/v2\/users\/1"}],"replies":[{"embeddable":true,"href":"https:\/\/istrings.eu\/newmusic.at\/wp-json\/wp\/v2\/comments?post=149"}],"version-history":[{"count":1,"href":"https:\/\/istrings.eu\/newmusic.at\/wp-json\/wp\/v2\/pages\/149\/revisions"}],"predecessor-version":[{"id":151,"href":"https:\/\/istrings.eu\/newmusic.at\/wp-json\/wp\/v2\/pages\/149\/revisions\/151"}],"wp:featuredmedia":[{"embeddable":true,"href":"https:\/\/istrings.eu\/newmusic.at\/wp-json\/wp\/v2\/media\/150"}],"wp:attachment":[{"href":"https:\/\/istrings.eu\/newmusic.at\/wp-json\/wp\/v2\/media?parent=149"}],"curies":[{"name":"wp","href":"https:\/\/api.w.org\/{rel}","templated":true}]}}