{"id":146,"date":"2021-01-29T16:16:23","date_gmt":"2021-01-29T16:16:23","guid":{"rendered":"https:\/\/newmusic.at\/?page_id=146"},"modified":"2021-02-17T15:53:17","modified_gmt":"2021-02-17T15:53:17","slug":"cd-6angerer-osterr-komponisten-der-gegenwart-kkm-3096-2","status":"publish","type":"page","link":"https:\/\/istrings.eu\/newmusic.at\/cd-6angerer-osterr-komponisten-der-gegenwart-kkm-3096-2\/","title":{"rendered":"CD-6:ANGERER \u00d6STERR.KOMPONISTEN DER GEGENWART KKM 3096-2"},"content":{"rendered":"\n<p><strong>Paul Angerer:&nbsp;<\/strong><\/p>\n\n\n\n<p>01. DER TR\u00dcBE WINTER IST VORBEI 04:08<\/p>\n\n\n\n<p>5st. a&nbsp; capella-Chor (1946)<\/p>\n\n\n\n<p><em>Chor des \u00d6sterr.Rundfunk; Ltg.Gottfried Preinfalk<\/em><\/p>\n\n\n\n<p>02. SERENATA f\u00fcr Violine, Viola, Horn und Fagott (1951) 09:04<\/p>\n\n\n\n<p><em>ORF-Kammermusikvereinigung&nbsp;<\/em><\/p>\n\n\n\n<p>03. LUCTUS ET GAUDIUM f\u00fcr Altposaune und Streicher (1977) 11:22<\/p>\n\n\n\n<p><em>Branimir Slokar, S\u00fcdwestdeutsches Kammerorchester&nbsp;<\/em><\/p>\n\n\n\n<p>04. QUICQUAM f\u00fcr \u201cStreichers\u201d Kontraba\u00df und Streicher (1977) 16:41<\/p>\n\n\n\n<p><em>Ludwig Streicher, S\u00fcdwestdeutsches Kammerorchester&nbsp;<\/em><\/p>\n\n\n\n<p>05. EXERCITIUM CANONICUM 4 kanonische St\u00fccke f\u00fcr 2 Violinen (1980) 10:36<\/p>\n\n\n\n<p><em>Christoph und Paul Angerer&nbsp;<\/em><\/p>\n\n\n\n<p>06. TRIFOLIUM OCTANGULUM f. Viola d\u2019amore,Hackbrett u.Violoncello (1983) 19:54&nbsp;<\/p>\n\n\n\n<p><em>Christoph Angerer, Karl-Heinz Schickhaus, Yoyce Flynt<\/em><\/p>\n","protected":false},"excerpt":{"rendered":"<p>Paul Angerer:&nbsp; 01. DER TR\u00dcBE WINTER IST VORBEI 04:08 5st. a&nbsp; capella-Chor (1946) Chor des \u00d6sterr.Rundfunk; Ltg.Gottfried Preinfalk 02. SERENATA f\u00fcr Violine, Viola, Horn und Fagott (1951) 09:04 ORF-Kammermusikvereinigung&nbsp; 03. LUCTUS ET GAUDIUM f\u00fcr Altposaune und Streicher (1977) 11:22 Branimir Slokar, S\u00fcdwestdeutsches Kammerorchester&nbsp; 04. QUICQUAM f\u00fcr \u201cStreichers\u201d Kontraba\u00df und Streicher (1977) 16:41 Ludwig Streicher, S\u00fcdwestdeutsches &hellip; <\/p>\n<p class=\"link-more\"><a href=\"https:\/\/istrings.eu\/newmusic.at\/cd-6angerer-osterr-komponisten-der-gegenwart-kkm-3096-2\/\" class=\"more-link\">Continue reading<span class=\"screen-reader-text\"> &#8220;CD-6:ANGERER \u00d6STERR.KOMPONISTEN DER GEGENWART KKM 3096-2&#8221;<\/span><\/a><\/p>\n","protected":false},"author":1,"featured_media":147,"parent":0,"menu_order":6,"comment_status":"closed","ping_status":"closed","template":"","meta":{"footnotes":""},"class_list":["post-146","page","type-page","status-publish","has-post-thumbnail","hentry"],"_links":{"self":[{"href":"https:\/\/istrings.eu\/newmusic.at\/wp-json\/wp\/v2\/pages\/146","targetHints":{"allow":["GET"]}}],"collection":[{"href":"https:\/\/istrings.eu\/newmusic.at\/wp-json\/wp\/v2\/pages"}],"about":[{"href":"https:\/\/istrings.eu\/newmusic.at\/wp-json\/wp\/v2\/types\/page"}],"author":[{"embeddable":true,"href":"https:\/\/istrings.eu\/newmusic.at\/wp-json\/wp\/v2\/users\/1"}],"replies":[{"embeddable":true,"href":"https:\/\/istrings.eu\/newmusic.at\/wp-json\/wp\/v2\/comments?post=146"}],"version-history":[{"count":1,"href":"https:\/\/istrings.eu\/newmusic.at\/wp-json\/wp\/v2\/pages\/146\/revisions"}],"predecessor-version":[{"id":148,"href":"https:\/\/istrings.eu\/newmusic.at\/wp-json\/wp\/v2\/pages\/146\/revisions\/148"}],"wp:featuredmedia":[{"embeddable":true,"href":"https:\/\/istrings.eu\/newmusic.at\/wp-json\/wp\/v2\/media\/147"}],"wp:attachment":[{"href":"https:\/\/istrings.eu\/newmusic.at\/wp-json\/wp\/v2\/media?parent=146"}],"curies":[{"name":"wp","href":"https:\/\/api.w.org\/{rel}","templated":true}]}}