{"id":143,"date":"2021-01-29T16:15:21","date_gmt":"2021-01-29T16:15:21","guid":{"rendered":"https:\/\/newmusic.at\/?page_id=143"},"modified":"2021-02-17T15:20:43","modified_gmt":"2021-02-17T15:20:43","slug":"lp-5andergassen-f-osterr-komponistenbund-21-orf-preiser-records-spr-10046","status":"publish","type":"page","link":"https:\/\/istrings.eu\/newmusic.at\/lp-5andergassen-f-osterr-komponistenbund-21-orf-preiser-records-spr-10046\/","title":{"rendered":"LP-5:ANDERGASSEN F. \u00d6STERR.KOMPONISTENBUND 21 ORF PREISER RECORDS SPR 10046"},"content":{"rendered":"\n<p>Seite A<\/p>\n\n\n\n<p><strong>Ferdinand Andergassen: <\/strong>(1892-1964)<\/p>\n\n\n\n<p>Streichquartett d-Moll, op.126 17:13<\/p>\n\n\n\n<p><em>Das Arzt-Quartett<\/em><\/p>\n\n\n\n<p>Sonate f\u00fcr Oboe und Klavier op.106 09:17<\/p>\n\n\n\n<p><em>Manfred Viellechner, Oboe \u2013 Paul Kern, Klavier<\/em><\/p>\n\n\n\n<p>Seite B<\/p>\n\n\n\n<p>Divertimento f\u00fcr Fl\u00f6te, Klarinette und Fagott op.119 10:25<\/p>\n\n\n\n<p><em>Franz Renwart, Fl\u00f6te \u2013 Walter Kefer, Klarinette \u2013 Dieter Merth, Fagott<\/em><\/p>\n\n\n\n<p>Winterabend op.60, Nr.3 03:40<\/p>\n\n\n\n<p><em>Gisela Andergassen, Klavier<\/em><\/p>\n\n\n\n<p>Quartett in B Dur f\u00fcr Oboe, zwei Klarinette und Fagott op.94 11:40<\/p>\n\n\n\n<p><em>Wolfgang Schlachter, Oboe &#8211; Gerhard Papousek und Hans Fiala, Klarinette \u2013 Eduard Wimmer, Fagott<\/em><\/p>\n","protected":false},"excerpt":{"rendered":"<p>Seite A Ferdinand Andergassen: (1892-1964) Streichquartett d-Moll, op.126 17:13 Das Arzt-Quartett Sonate f\u00fcr Oboe und Klavier op.106 09:17 Manfred Viellechner, Oboe \u2013 Paul Kern, Klavier Seite B Divertimento f\u00fcr Fl\u00f6te, Klarinette und Fagott op.119 10:25 Franz Renwart, Fl\u00f6te \u2013 Walter Kefer, Klarinette \u2013 Dieter Merth, Fagott Winterabend op.60, Nr.3 03:40 Gisela Andergassen, Klavier Quartett in &hellip; <\/p>\n<p class=\"link-more\"><a href=\"https:\/\/istrings.eu\/newmusic.at\/lp-5andergassen-f-osterr-komponistenbund-21-orf-preiser-records-spr-10046\/\" class=\"more-link\">Continue reading<span class=\"screen-reader-text\"> &#8220;LP-5:ANDERGASSEN F. \u00d6STERR.KOMPONISTENBUND 21 ORF PREISER RECORDS SPR 10046&#8221;<\/span><\/a><\/p>\n","protected":false},"author":1,"featured_media":144,"parent":0,"menu_order":5,"comment_status":"closed","ping_status":"closed","template":"","meta":{"footnotes":""},"class_list":["post-143","page","type-page","status-publish","has-post-thumbnail","hentry"],"_links":{"self":[{"href":"https:\/\/istrings.eu\/newmusic.at\/wp-json\/wp\/v2\/pages\/143","targetHints":{"allow":["GET"]}}],"collection":[{"href":"https:\/\/istrings.eu\/newmusic.at\/wp-json\/wp\/v2\/pages"}],"about":[{"href":"https:\/\/istrings.eu\/newmusic.at\/wp-json\/wp\/v2\/types\/page"}],"author":[{"embeddable":true,"href":"https:\/\/istrings.eu\/newmusic.at\/wp-json\/wp\/v2\/users\/1"}],"replies":[{"embeddable":true,"href":"https:\/\/istrings.eu\/newmusic.at\/wp-json\/wp\/v2\/comments?post=143"}],"version-history":[{"count":1,"href":"https:\/\/istrings.eu\/newmusic.at\/wp-json\/wp\/v2\/pages\/143\/revisions"}],"predecessor-version":[{"id":145,"href":"https:\/\/istrings.eu\/newmusic.at\/wp-json\/wp\/v2\/pages\/143\/revisions\/145"}],"wp:featuredmedia":[{"embeddable":true,"href":"https:\/\/istrings.eu\/newmusic.at\/wp-json\/wp\/v2\/media\/144"}],"wp:attachment":[{"href":"https:\/\/istrings.eu\/newmusic.at\/wp-json\/wp\/v2\/media?parent=143"}],"curies":[{"name":"wp","href":"https:\/\/api.w.org\/{rel}","templated":true}]}}