{"id":140,"date":"2021-01-29T16:14:02","date_gmt":"2021-01-29T16:14:02","guid":{"rendered":"https:\/\/newmusic.at\/?page_id=140"},"modified":"2021-02-17T15:20:26","modified_gmt":"2021-02-17T15:20:26","slug":"cd-4alfery-trimmel-26-11-2004-ogzm-konzertmitschnitt","status":"publish","type":"page","link":"https:\/\/istrings.eu\/newmusic.at\/cd-4alfery-trimmel-26-11-2004-ogzm-konzertmitschnitt\/","title":{"rendered":"CD-4:ALFERY\/TRIMMEL 26.11.2004 \u00d6GZM Konzertmitschnitt"},"content":{"rendered":"\n<p class=\"has-text-align-center\"><strong><em>\u00d6<\/em><\/strong><em>sterreichische <\/em><strong><em>G<\/em><\/strong><em>esellschaft f\u00fcr <\/em><strong><em>Z<\/em><\/strong><em>eitgen\u00f6ssische <\/em><strong><em>M<\/em><\/strong><em>usik<\/em><\/p>\n\n\n\n<p><strong>KAMMERKONZERT<\/strong><\/p>\n\n\n\n<p>26. November 2004<\/p>\n\n\n\n<p>Beethoven\u2014Gedenkst\u00e4tte Wien-Floridsdorf<\/p>\n\n\n\n<p><strong>Regina Alfery\/Raimund Trimmel<\/strong> &nbsp; &nbsp; &nbsp; &nbsp; \u201cGo Cello\u201d f\u00fcr 4 Violoncelli (UA)<\/p>\n\n\n\n<p><em>Violoncello: Andrea Wutschek \u2013 Elise Siber \u2013 Ellie Filippou &#8211; Edwin Vanecek<\/em><\/p>\n\n\n\n<p><em>Konzertmitschnitt<\/em><\/p>\n","protected":false},"excerpt":{"rendered":"<p>\u00d6sterreichische Gesellschaft f\u00fcr Zeitgen\u00f6ssische Musik KAMMERKONZERT 26. November 2004 Beethoven\u2014Gedenkst\u00e4tte Wien-Floridsdorf Regina Alfery\/Raimund Trimmel &nbsp; &nbsp; &nbsp; &nbsp; \u201cGo Cello\u201d f\u00fcr 4 Violoncelli (UA) Violoncello: Andrea Wutschek \u2013 Elise Siber \u2013 Ellie Filippou &#8211; Edwin Vanecek Konzertmitschnitt<\/p>\n","protected":false},"author":1,"featured_media":141,"parent":0,"menu_order":4,"comment_status":"closed","ping_status":"closed","template":"","meta":{"footnotes":""},"class_list":["post-140","page","type-page","status-publish","has-post-thumbnail","hentry"],"_links":{"self":[{"href":"https:\/\/istrings.eu\/newmusic.at\/wp-json\/wp\/v2\/pages\/140","targetHints":{"allow":["GET"]}}],"collection":[{"href":"https:\/\/istrings.eu\/newmusic.at\/wp-json\/wp\/v2\/pages"}],"about":[{"href":"https:\/\/istrings.eu\/newmusic.at\/wp-json\/wp\/v2\/types\/page"}],"author":[{"embeddable":true,"href":"https:\/\/istrings.eu\/newmusic.at\/wp-json\/wp\/v2\/users\/1"}],"replies":[{"embeddable":true,"href":"https:\/\/istrings.eu\/newmusic.at\/wp-json\/wp\/v2\/comments?post=140"}],"version-history":[{"count":1,"href":"https:\/\/istrings.eu\/newmusic.at\/wp-json\/wp\/v2\/pages\/140\/revisions"}],"predecessor-version":[{"id":142,"href":"https:\/\/istrings.eu\/newmusic.at\/wp-json\/wp\/v2\/pages\/140\/revisions\/142"}],"wp:featuredmedia":[{"embeddable":true,"href":"https:\/\/istrings.eu\/newmusic.at\/wp-json\/wp\/v2\/media\/141"}],"wp:attachment":[{"href":"https:\/\/istrings.eu\/newmusic.at\/wp-json\/wp\/v2\/media?parent=140"}],"curies":[{"name":"wp","href":"https:\/\/api.w.org\/{rel}","templated":true}]}}