{"id":138,"date":"2021-01-29T16:12:51","date_gmt":"2021-01-29T16:12:51","guid":{"rendered":"https:\/\/newmusic.at\/?page_id=138"},"modified":"2021-02-17T15:53:03","modified_gmt":"2021-02-17T15:53:03","slug":"cd-3pelinka-platt-richter-salamon-satke-schrodl-schulze-seierl-skorpik-sollfelner-soyka-stekl-sulzberger-wagner-weiss-zagler-nom-mix-2","status":"publish","type":"page","link":"https:\/\/istrings.eu\/newmusic.at\/cd-3pelinka-platt-richter-salamon-satke-schrodl-schulze-seierl-skorpik-sollfelner-soyka-stekl-sulzberger-wagner-weiss-zagler-nom-mix-2\/","title":{"rendered":"CD-3:PELINKA-PLATT-RICHTER-SALAMON-SATKE-SCHR\u00d6DL-SCHULZE-SEIERL-SKORPIK-SOLLFELNER- SOYKA-STEKL-SULZBERGER-WAGNER-WEISS-ZAGLER n\u00f6m mix 2"},"content":{"rendered":"\n<p>CD 2<\/p>\n\n\n\n<p>01. <strong>Werner Pelinka<\/strong>, Mein Herr und mein Gott op. 12a. <em>Brigitte H\u00fcbner- Urban, Alt, Werner Pelinka, Klavier<\/em><\/p>\n\n\n\n<p>02. <strong>Peter Platt<\/strong>, Intro. 1. Satz aus der Suite f\u00fcr Blechbl\u00e4serquintett. <em>Blechbl\u00e4serquintett Marchfeld<\/em><\/p>\n\n\n\n<p>03. <strong>Peter Richter<\/strong>, Sinfonietta f\u00fcr gro\u00dfes Orchester, Praeludium und Scherzo. <em>Sinfonieorchester des Tschechoslowakischen Rundfunks, Ostrava, Dirigent: Peter Richter<\/em><\/p>\n\n\n\n<p>04. <strong>Michael Salamon<\/strong>, Divertimento f\u00fcr Violine und Klavier, 4. Satz. <em>Gert Schubert. Violine, Midori Ortner. Klavier<\/em><\/p>\n\n\n\n<p>05. <strong>Wilfried Satke<\/strong>, Triosonatke f\u00fcr Blockfl\u00f6te, Violine und Gitarre. 3. Satz. <em>Musica Dolce Wien<\/em><\/p>\n\n\n\n<p>06. <strong>Karlheinz Schr\u00f6dl<\/strong>, St\u00fcck f\u00fcr Violine und Schlagzeug op. 49. <em>Andrea Frankenstein. Violine, Michael Frankenstein. Schlagzeug<\/em><\/p>\n\n\n\n<p>07. <strong>Werner Schulze<\/strong>, sn\u00faningur. 5 Bilder f\u00fcr Orchester (1980), <em>Polnisches Radio und TV Symphonieorchester Krak\u00f3w. Dirigent: Szymon Kawalla.<\/em><\/p>\n\n\n\n<p>08. <strong>Wolfgang Seierl<\/strong>, Kegel II f\u00fcr Orchester. Ausschnitt. <em>Mozarteum Orchester, Dirigent: Hans Graf<\/em><\/p>\n\n\n\n<p>09. <strong>Peter Skorpik<\/strong>, Concerto f\u00fcr Violine, Viola und Streicher. 1. Satz. <em>Gernot Winischhofer, Violine. Yassi Gulman, Viola. Marlinu Kammerorchester Br\u00fcnn<\/em><\/p>\n\n\n\n<p>10. <strong>Bernd Hannes Sollfelner<\/strong>, Orwell 2017. Studie f\u00fcr Tonband (Ausschnitt)<\/p>\n\n\n\n<p>11. <strong>Ulf- Dieter Soyka<\/strong>, Klavierkonzert op. 5\/7. 1. Satz. <em>Alma Sauer, Klavier. Radiosymphonieorchester Bratislava, Dirigent: Oliver Dohnanyi<\/em><\/p>\n\n\n\n<p>12. <strong>Hanns- Christian Stekel<\/strong>, Makulatur f\u00fcr Gitarre. <em>Gabriele Laszakovits- Stupka. Gitarre<\/em><\/p>\n\n\n\n<p>13. <strong>Hermann Sulzberger<\/strong>, Streichsextett op. 12. Ausschnitt. <em>Helsinki- Streichsextett<\/em><\/p>\n\n\n\n<p>14. <strong>Wolfram Wagner<\/strong>, F\u00fcnf Momente f\u00fcr Streichsextett. 3. und 5. Satz. <em>Wiener Streichsextett<\/em><\/p>\n\n\n\n<p>15. <strong>Ferdinand Weiss<\/strong>, Relazioni variabili f\u00fcr gro\u00dfes Orchester (1979). <em>Polnisches Radio und TV Symphonieorchester Krak\u00f3w, Dirigent: Jos\u00e9 Maria Florencio.<\/em><\/p>\n\n\n\n<p>16. <strong>Herbert Zagler<\/strong>, Nr. 2 (Capriccio) aus 3 Charakterst\u00fccke f\u00fcr Orchester op. 48. <em>Europa Symphony, Dirigent: Wolfgang G\u00f6hs<\/em><\/p>\n\n\n\n<p><em>Eine Produktion der <\/em><strong><em>IN\u00d6K<\/em><\/strong><\/p>\n","protected":false},"excerpt":{"rendered":"<p>CD 2 01. Werner Pelinka, Mein Herr und mein Gott op. 12a. Brigitte H\u00fcbner- Urban, Alt, Werner Pelinka, Klavier 02. Peter Platt, Intro. 1. Satz aus der Suite f\u00fcr Blechbl\u00e4serquintett. Blechbl\u00e4serquintett Marchfeld 03. Peter Richter, Sinfonietta f\u00fcr gro\u00dfes Orchester, Praeludium und Scherzo. Sinfonieorchester des Tschechoslowakischen Rundfunks, Ostrava, Dirigent: Peter Richter 04. Michael Salamon, Divertimento f\u00fcr &hellip; <\/p>\n<p class=\"link-more\"><a href=\"https:\/\/istrings.eu\/newmusic.at\/cd-3pelinka-platt-richter-salamon-satke-schrodl-schulze-seierl-skorpik-sollfelner-soyka-stekl-sulzberger-wagner-weiss-zagler-nom-mix-2\/\" class=\"more-link\">Continue reading<span class=\"screen-reader-text\"> &#8220;CD-3:PELINKA-PLATT-RICHTER-SALAMON-SATKE-SCHR\u00d6DL-SCHULZE-SEIERL-SKORPIK-SOLLFELNER- SOYKA-STEKL-SULZBERGER-WAGNER-WEISS-ZAGLER n\u00f6m mix 2&#8221;<\/span><\/a><\/p>\n","protected":false},"author":1,"featured_media":136,"parent":0,"menu_order":3,"comment_status":"closed","ping_status":"closed","template":"","meta":{"footnotes":""},"class_list":["post-138","page","type-page","status-publish","has-post-thumbnail","hentry"],"_links":{"self":[{"href":"https:\/\/istrings.eu\/newmusic.at\/wp-json\/wp\/v2\/pages\/138","targetHints":{"allow":["GET"]}}],"collection":[{"href":"https:\/\/istrings.eu\/newmusic.at\/wp-json\/wp\/v2\/pages"}],"about":[{"href":"https:\/\/istrings.eu\/newmusic.at\/wp-json\/wp\/v2\/types\/page"}],"author":[{"embeddable":true,"href":"https:\/\/istrings.eu\/newmusic.at\/wp-json\/wp\/v2\/users\/1"}],"replies":[{"embeddable":true,"href":"https:\/\/istrings.eu\/newmusic.at\/wp-json\/wp\/v2\/comments?post=138"}],"version-history":[{"count":1,"href":"https:\/\/istrings.eu\/newmusic.at\/wp-json\/wp\/v2\/pages\/138\/revisions"}],"predecessor-version":[{"id":139,"href":"https:\/\/istrings.eu\/newmusic.at\/wp-json\/wp\/v2\/pages\/138\/revisions\/139"}],"wp:featuredmedia":[{"embeddable":true,"href":"https:\/\/istrings.eu\/newmusic.at\/wp-json\/wp\/v2\/media\/136"}],"wp:attachment":[{"href":"https:\/\/istrings.eu\/newmusic.at\/wp-json\/wp\/v2\/media?parent=138"}],"curies":[{"name":"wp","href":"https:\/\/api.w.org\/{rel}","templated":true}]}}