{"id":135,"date":"2021-01-29T16:11:24","date_gmt":"2021-01-29T16:11:24","guid":{"rendered":"https:\/\/newmusic.at\/?page_id=135"},"modified":"2021-02-17T15:20:12","modified_gmt":"2021-02-17T15:20:12","slug":"cd-3albert-blechinger-brauneiss-breitner-cerha-pastel-erbse-gattermeyer-gruber-haidmayer-heher-holik-kretz-kuchl-lagrange-neumann-neumayr-nom-mix-1","status":"publish","type":"page","link":"https:\/\/istrings.eu\/newmusic.at\/cd-3albert-blechinger-brauneiss-breitner-cerha-pastel-erbse-gattermeyer-gruber-haidmayer-heher-holik-kretz-kuchl-lagrange-neumann-neumayr-nom-mix-1\/","title":{"rendered":"CD-3:ALBERT-BLECHINGER-BRAUNEISS-BREITNER-CERHA-PASTEL-ERBSE-GATTERMEYER-GRUBER-HAIDMAYER-HEHER-HOLIK-KRETZ-K\u00dcCHL-LAGRANGE-NEUMANN-NEUMAYR n\u00f6m mix 1"},"content":{"rendered":"\n<p>CD 1<\/p>\n\n\n\n<p>01. <strong>Stefan Albert<\/strong>, Reise durch die Welten f\u00fcr Kammerorchester&nbsp; 5. Satz.<\/p>\n\n\n\n<p><em>Pro Arte Orchester Wien, Dirigent Jonas Alber<\/em><\/p>\n\n\n\n<p>02. <strong>Alexander Blechinger<\/strong>, Nieder\u00f6sterreich- Hymnenfanfare<\/p>\n\n\n\n<p><em>&nbsp; Das Blechbl\u00e4serensemble der Wiener Musikhochschule, Leitung Werner Hackl<\/em><\/p>\n\n\n\n<p>03. <strong>Leopold Brauneiss<\/strong>, Trias I und III f\u00fcr Violine und Klavier<\/p>\n\n\n\n<p><em>Stefan Salamon, Violine, Leopold Brauneiss, Klavier<\/em><\/p>\n\n\n\n<p>04. <strong>Walter Breitner<\/strong>, Aufruhr auf der Zuckerinsel, Variation und Fuge \u00fcber ein unanst\u00e4ndiges Lied f\u00fcr Klavier vierh\u00e4ndig&nbsp; 6. und 7. Variation.<\/p>\n\n\n\n<p><em>Klavierduo Theiner &amp; Breitner<\/em><\/p>\n\n\n\n<p>05. <strong>Friedrich Cerha<\/strong>, Baal- Ges\u00e4nge f\u00fcr Bariton und Orchester<\/p>\n\n\n\n<p><em>ORF Symphonieorchester. Solist: Theo Adam, Dirigent: Leif Segerstam<\/em><\/p>\n\n\n\n<p>06. <strong>Karen de Pastel<\/strong>, Alt und m\u00fcde bin ich schon f\u00fcr zwei Fl\u00f6ten<\/p>\n\n\n\n<p><em>Jocelyn Liao- Renner, Wolfgang Renner, Fl\u00f6te<\/em><\/p>\n\n\n\n<p>07. <strong>Heimo Erbse<\/strong>, Scherzo f\u00fcr zwei Klaviere.&nbsp;<\/p>\n\n\n\n<p><em>Klavierduo Theiner &amp; Breitner<\/em><\/p>\n\n\n\n<p>08. <strong>Heinrich Gattermeyer<\/strong>, Kirbisch- Suite, 1. Satz: Und wenn ich nicht mehr&nbsp; wiederkehr. <em>N.\u00d6. Tonk\u00fcnstler Orchester. Dirigent: Martin Turnovsky&nbsp;<\/em><\/p>\n\n\n\n<p>09. <strong>Heinz Karl Gruber<\/strong>, Herr Superman aus: Frankenstein!! Ein Pand\u00e4monium f\u00fcr Chansonnier und Ensemble nach Kinderreimen von H.C. Artmann.&nbsp;<\/p>\n\n\n\n<p><em>Ensemble Kontrapunkte. Solist: Heinz Karl Gruber, Dirigent: Peter Keusching<\/em><\/p>\n\n\n\n<p>10. <strong>Karl Haidmayer<\/strong>, Antipasmodium Retard f\u00fcr Saxophonquartett, 4. Satz.&nbsp;<\/p>\n\n\n\n<p><em>&nbsp; &nbsp; &nbsp; &nbsp; &nbsp; &nbsp; Grazer Saxophonquartett<\/em><\/p>\n\n\n\n<p>11. <strong>Hannes Heher<\/strong>, Zwei Ges\u00e4nge f\u00fcr Orchester, Ausschnitt 1. Satz.&nbsp; &nbsp;<\/p>\n\n\n\n<p><em>Baltische Philharmonie Danzig\/ Polen, Dirigent: Simeon Pironkoffjun.<\/em><\/p>\n\n\n\n<p>12. <strong>Johannes Holik<\/strong>, Vier Kleinigkeiten f\u00fcr Oboe, Fagott und Klavier, 3. Satz. Casablanka <em>Ensemble modern<\/em><\/p>\n\n\n\n<p>13.<strong> Johannes Kretz<\/strong>, Etude f\u00fcr Klavier und Tonband.&nbsp;<\/p>\n\n\n\n<p><em>Mathilde Hoursiangou, Klavier, Johannes Kretz, Klangregie<\/em><\/p>\n\n\n\n<p>14.<strong> Ulrich K\u00fcchl<\/strong>, Concertino f\u00fcr Contrabass und Pianoforte op 18. 2. Satz.&nbsp;<\/p>\n\n\n\n<p><em>Michael Bladerer. Kontrabass, Bernhard Hickel. Klavier<\/em><\/p>\n\n\n\n<p>15.<strong> Gerhard Lagrange<\/strong>, Adagio f\u00fcr Trompete und Orgel op. 73.&nbsp;<\/p>\n\n\n\n<p><em>Peter-Michael Steinhardt, Trompete. Thomas Reuter, Orgel<\/em><\/p>\n\n\n\n<p>16. <strong>Helmut Neumann<\/strong>, Drei Isl\u00e4ndische Stimmungsbilder f\u00fcr Bassklarinette und Klavier op. 49. Nr. 2 und 3, <em>Kjartan Oskarsson, Bassklarinette, Hrefna Eggertsd\u00f3ttir. Klavier<\/em><\/p>\n\n\n\n<p>17.<strong> Albert Neumayr<\/strong>, Konzertante Meditationen \u00fcber eine altenglische Melodie f\u00fcr Fl\u00f6te und Streichorchester. 2. Satz.&nbsp;<\/p>\n\n\n\n<p><em>Kammerorchester Musica Spontana Wieselburg. Maria Dollfu\u00df, Fl\u00f6te.&nbsp;<\/em><\/p>\n\n\n\n<p><em>Dirigent: Albert Neumayr<\/em><\/p>\n\n\n\n<p><em>Eine Produktion der <\/em><strong><em>IN\u00d6K<\/em><\/strong><\/p>\n","protected":false},"excerpt":{"rendered":"<p>CD 1 01. Stefan Albert, Reise durch die Welten f\u00fcr Kammerorchester&nbsp; 5. Satz. Pro Arte Orchester Wien, Dirigent Jonas Alber 02. Alexander Blechinger, Nieder\u00f6sterreich- Hymnenfanfare &nbsp; Das Blechbl\u00e4serensemble der Wiener Musikhochschule, Leitung Werner Hackl 03. Leopold Brauneiss, Trias I und III f\u00fcr Violine und Klavier Stefan Salamon, Violine, Leopold Brauneiss, Klavier 04. Walter Breitner, Aufruhr &hellip; <\/p>\n<p class=\"link-more\"><a href=\"https:\/\/istrings.eu\/newmusic.at\/cd-3albert-blechinger-brauneiss-breitner-cerha-pastel-erbse-gattermeyer-gruber-haidmayer-heher-holik-kretz-kuchl-lagrange-neumann-neumayr-nom-mix-1\/\" class=\"more-link\">Continue reading<span class=\"screen-reader-text\"> &#8220;CD-3:ALBERT-BLECHINGER-BRAUNEISS-BREITNER-CERHA-PASTEL-ERBSE-GATTERMEYER-GRUBER-HAIDMAYER-HEHER-HOLIK-KRETZ-K\u00dcCHL-LAGRANGE-NEUMANN-NEUMAYR n\u00f6m mix 1&#8221;<\/span><\/a><\/p>\n","protected":false},"author":1,"featured_media":136,"parent":0,"menu_order":3,"comment_status":"closed","ping_status":"closed","template":"","meta":{"footnotes":""},"class_list":["post-135","page","type-page","status-publish","has-post-thumbnail","hentry"],"_links":{"self":[{"href":"https:\/\/istrings.eu\/newmusic.at\/wp-json\/wp\/v2\/pages\/135","targetHints":{"allow":["GET"]}}],"collection":[{"href":"https:\/\/istrings.eu\/newmusic.at\/wp-json\/wp\/v2\/pages"}],"about":[{"href":"https:\/\/istrings.eu\/newmusic.at\/wp-json\/wp\/v2\/types\/page"}],"author":[{"embeddable":true,"href":"https:\/\/istrings.eu\/newmusic.at\/wp-json\/wp\/v2\/users\/1"}],"replies":[{"embeddable":true,"href":"https:\/\/istrings.eu\/newmusic.at\/wp-json\/wp\/v2\/comments?post=135"}],"version-history":[{"count":1,"href":"https:\/\/istrings.eu\/newmusic.at\/wp-json\/wp\/v2\/pages\/135\/revisions"}],"predecessor-version":[{"id":137,"href":"https:\/\/istrings.eu\/newmusic.at\/wp-json\/wp\/v2\/pages\/135\/revisions\/137"}],"wp:featuredmedia":[{"embeddable":true,"href":"https:\/\/istrings.eu\/newmusic.at\/wp-json\/wp\/v2\/media\/136"}],"wp:attachment":[{"href":"https:\/\/istrings.eu\/newmusic.at\/wp-json\/wp\/v2\/media?parent=135"}],"curies":[{"name":"wp","href":"https:\/\/api.w.org\/{rel}","templated":true}]}}