{"id":132,"date":"2021-01-29T16:10:03","date_gmt":"2021-01-29T16:10:03","guid":{"rendered":"https:\/\/newmusic.at\/?page_id=132"},"modified":"2021-02-19T10:25:05","modified_gmt":"2021-02-19T10:25:05","slug":"lp-2ager-walter-leitner-osterr-komponistenbund-20-preiser-records-spr-10045","status":"publish","type":"page","link":"https:\/\/istrings.eu\/newmusic.at\/lp-2ager-walter-leitner-osterr-komponistenbund-20-preiser-records-spr-10045\/","title":{"rendered":"LP-2:AGER-WALTER-LEITNER \u00d6STERR.KOMPONISTENBUND 20 PREISER RECORDS SPR 10045"},"content":{"rendered":"\n<p>Seite A<\/p>\n\n\n\n<p><strong>Klaus Ager:<\/strong><\/p>\n\n\n\n<p>\u201eHoshi\u201c f\u00fcr f\u00fcnf Blasinstrumente und Tonband 28:15<\/p>\n\n\n\n<p><em>Das Salzburger Bl\u00e4serquintett<\/em><\/p>\n\n\n\n<p>Seite B<\/p>\n\n\n\n<p><strong>Heinz Walter:<\/strong><\/p>\n\n\n\n<p>Trio f\u00fcr Bl\u00e4ser 17:40<\/p>\n\n\n\n<p><em>Gerhard Vetter, Oboe \u2013 Kurt Birsak, Klarinette \u2013 Eduard Wimmer, Fagott<\/em><\/p>\n\n\n\n<p><strong>Ernst Ludwig Leitner:<\/strong><\/p>\n\n\n\n<p>Totentanz (Chaconne \u00fcber \u201eDer grimmig Tod mit seinem Pfeil\u201c) 05:55<\/p>\n\n\n\n<p><em>Alfred Mitterhofer, Orgel<\/em><\/p>\n","protected":false},"excerpt":{"rendered":"<p>Seite A Klaus Ager: \u201eHoshi\u201c f\u00fcr f\u00fcnf Blasinstrumente und Tonband 28:15 Das Salzburger Bl\u00e4serquintett Seite B Heinz Walter: Trio f\u00fcr Bl\u00e4ser 17:40 Gerhard Vetter, Oboe \u2013 Kurt Birsak, Klarinette \u2013 Eduard Wimmer, Fagott Ernst Ludwig Leitner: Totentanz (Chaconne \u00fcber \u201eDer grimmig Tod mit seinem Pfeil\u201c) 05:55 Alfred Mitterhofer, Orgel<\/p>\n","protected":false},"author":1,"featured_media":133,"parent":0,"menu_order":2,"comment_status":"closed","ping_status":"closed","template":"","meta":{"footnotes":""},"class_list":["post-132","page","type-page","status-publish","has-post-thumbnail","hentry"],"_links":{"self":[{"href":"https:\/\/istrings.eu\/newmusic.at\/wp-json\/wp\/v2\/pages\/132","targetHints":{"allow":["GET"]}}],"collection":[{"href":"https:\/\/istrings.eu\/newmusic.at\/wp-json\/wp\/v2\/pages"}],"about":[{"href":"https:\/\/istrings.eu\/newmusic.at\/wp-json\/wp\/v2\/types\/page"}],"author":[{"embeddable":true,"href":"https:\/\/istrings.eu\/newmusic.at\/wp-json\/wp\/v2\/users\/1"}],"replies":[{"embeddable":true,"href":"https:\/\/istrings.eu\/newmusic.at\/wp-json\/wp\/v2\/comments?post=132"}],"version-history":[{"count":6,"href":"https:\/\/istrings.eu\/newmusic.at\/wp-json\/wp\/v2\/pages\/132\/revisions"}],"predecessor-version":[{"id":372,"href":"https:\/\/istrings.eu\/newmusic.at\/wp-json\/wp\/v2\/pages\/132\/revisions\/372"}],"wp:featuredmedia":[{"embeddable":true,"href":"https:\/\/istrings.eu\/newmusic.at\/wp-json\/wp\/v2\/media\/133"}],"wp:attachment":[{"href":"https:\/\/istrings.eu\/newmusic.at\/wp-json\/wp\/v2\/media?parent=132"}],"curies":[{"name":"wp","href":"https:\/\/api.w.org\/{rel}","templated":true}]}}