{"id":60,"date":"2022-05-20T10:08:35","date_gmt":"2022-05-20T10:08:35","guid":{"rendered":"https:\/\/istrings.eu\/kaiserjaegerEN\/?page_id=60"},"modified":"2022-05-20T10:08:35","modified_gmt":"2022-05-20T10:08:35","slug":"the-music-band","status":"publish","type":"page","link":"https:\/\/istrings.eu\/kaiserjaegerEN\/the-music-band\/","title":{"rendered":"The music band"},"content":{"rendered":"\n<div class=\"wp-block-image\"><figure class=\"aligncenter size-full\"><img loading=\"lazy\" decoding=\"async\" width=\"700\" height=\"478\" src=\"https:\/\/istrings.eu\/kaiserjaegerEN\/wp-content\/uploads\/2022\/05\/kapelle.jpg\" alt=\"\" class=\"wp-image-40\" srcset=\"https:\/\/istrings.eu\/kaiserjaegerEN\/wp-content\/uploads\/2022\/05\/kapelle.jpg 700w, https:\/\/istrings.eu\/kaiserjaegerEN\/wp-content\/uploads\/2022\/05\/kapelle-300x205.jpg 300w\" sizes=\"auto, (max-width: 700px) 100vw, 700px\" \/><\/figure><\/div>\n\n\n\n<p>With their gorgeous programs of the most beautiful Viennese songs, waltzes, marches and melodies from Austria, the traditional band in their neat uniforms enchants their listeners and makes a concert an unforgettable experience. Wilhelm Furtwaengler liked to tell of an event that made a deep impression on him. On the occasion of a tour of the Dolomites in 1914 he met the band of one of the Kaiserjaeger regiments: \u201cThe mountain landscape, the sun, the melody, everything mingled, was, as it were, one. It is no small touchstone for music as it appears in the open air. I have never become more aware of the greatness of music than I was then.&#8221;<\/p>\n\n\n\n<div class=\"wp-block-image\"><figure class=\"aligncenter size-full\"><img loading=\"lazy\" decoding=\"async\" width=\"200\" height=\"200\" src=\"https:\/\/istrings.eu\/kaiserjaegerEN\/wp-content\/uploads\/2022\/05\/verzierung.jpg\" alt=\"\" class=\"wp-image-48\" srcset=\"https:\/\/istrings.eu\/kaiserjaegerEN\/wp-content\/uploads\/2022\/05\/verzierung.jpg 200w, https:\/\/istrings.eu\/kaiserjaegerEN\/wp-content\/uploads\/2022\/05\/verzierung-150x150.jpg 150w\" sizes=\"auto, (max-width: 200px) 100vw, 200px\" \/><\/figure><\/div>\n\n\n\n<p><strong>&#8220;We are the Kaiserjaeger &#8230;&#8221;<br><\/strong>When the brisk gentlemen in their neat uniforms walk through the Vienna imperial court with a game of tinkling, you might think that time has stood still. You almost feel like you have been transported back to the time of the monarchy. It all began in 1815, when the Tyrolean Kaiserjaeger was set up for the first time and the Austrian emperors acted as regiment owners. Their blue-gray uniforms have a grass-green turn-up color and yellow buttons, and their magnificent plume is famous. The most important bandmasters of the Kaiserjaeger were Gustav Mahr, Karl Komz\u00e1k and Karl M\u00fchlberger. M\u00fchlberger&#8217;s march \u201cMir san die Kaiserj\u00e4ger\u201d is one of the most popular and most played works of Austrian military music. Even Johann Strauss composed a &#8220;Kaiser-Jaeger-March&#8221;. On July 18, 1915, the 1st regiment of the Kaiserjaeger parade with their garrison music to the sounds of the &#8220;Kaiserjaeger March&#8221; in front of Emperor Franz Joseph in the palace gardens of castle Schoenbrunn. It was the last time that the aged monarch accepted the march past a troop.<\/p>\n\n\n\n<div class=\"wp-block-image\"><figure class=\"aligncenter size-full\"><img loading=\"lazy\" decoding=\"async\" width=\"281\" height=\"400\" src=\"https:\/\/istrings.eu\/kaiserjaegerEN\/wp-content\/uploads\/2022\/05\/kapellePic.jpg\" alt=\"\" class=\"wp-image-41\" srcset=\"https:\/\/istrings.eu\/kaiserjaegerEN\/wp-content\/uploads\/2022\/05\/kapellePic.jpg 281w, https:\/\/istrings.eu\/kaiserjaegerEN\/wp-content\/uploads\/2022\/05\/kapellePic-211x300.jpg 211w\" sizes=\"auto, (max-width: 281px) 100vw, 281px\" \/><figcaption>&#8220;We\u2019re the Kaiserjaeger &#8230;&#8221; Defilating Kaiserjaeger, painting by Alexander Pock Original in the Army History Museum Vienna.<\/figcaption><\/figure><\/div>\n\n\n\n<p>The golden age of Austrian military music began in the 19th century when every k.u.k. Regiment had its own military music. Many well-known composers of the 19th century were military musicians: Philipp Fahrbach, Alfons Czibulka, Wilhelm August Jurek, Karl Komz\u00e1k, Carl Michael Ziehrer, Franz Leh\u00e1r, Julius Fucik and many others. Military music bandmasters had officer status and wore a special uniform.<\/p>\n\n\n\n<p><strong><strong>Karl Muehlberger<\/strong> <\/strong>was the last bandmaster at the k.u.k. Tiroler Kaiserjaegerregiment No. 1 After completing his duty in IR 84 under Karl Komz\u00e1k and with the Hoch- und Deutschmeistert under Carl Michael Ziehrer, Karl Muehlberger took over the leadership of the military music of the 1st regiment of the Tyrolean Kaiserjaeger. His regimental music was ordered twice to Bad Ischl and Vienna. Of his compositions, the march \u201cMir san die Kaiserjaeger\u201d has remained alive to this day.<\/p>\n\n\n\n<div class=\"wp-block-image\"><figure class=\"aligncenter size-large\"><img loading=\"lazy\" decoding=\"async\" width=\"1024\" height=\"994\" src=\"https:\/\/istrings.eu\/kaiserjaegerEN\/wp-content\/uploads\/2022\/05\/marsch-1-1024x994.jpg\" alt=\"\" class=\"wp-image-61\" srcset=\"https:\/\/istrings.eu\/kaiserjaegerEN\/wp-content\/uploads\/2022\/05\/marsch-1-1024x994.jpg 1024w, https:\/\/istrings.eu\/kaiserjaegerEN\/wp-content\/uploads\/2022\/05\/marsch-1-300x291.jpg 300w, https:\/\/istrings.eu\/kaiserjaegerEN\/wp-content\/uploads\/2022\/05\/marsch-1-768x746.jpg 768w, https:\/\/istrings.eu\/kaiserjaegerEN\/wp-content\/uploads\/2022\/05\/marsch-1-1536x1492.jpg 1536w, https:\/\/istrings.eu\/kaiserjaegerEN\/wp-content\/uploads\/2022\/05\/marsch-1-1568x1523.jpg 1568w, https:\/\/istrings.eu\/kaiserjaegerEN\/wp-content\/uploads\/2022\/05\/marsch-1.jpg 1662w\" sizes=\"auto, (max-width: 1024px) 100vw, 1024px\" \/><\/figure><\/div>\n\n\n\n<p>Other famous marches of the Kaiserjaeger:&nbsp;<\/p>\n\n\n\n<p>Andreas Leonhardt: &#8220;Kaiser Jaeger March&#8221;&nbsp;<\/p>\n\n\n\n<p>Gustav Mahr: &#8220;High Tyrol March&#8221;, &#8220;Andreas Hofer March&#8221;&nbsp;<\/p>\n\n\n\n<p>Karl Komz\u00e1k: &#8220;Andreas Hofer March&#8221;&nbsp;<\/p>\n\n\n\n<p>Rudolf Achleitner: &#8220;Seyffertitz-Marsch&#8221;, &#8221; Tyrol Eagle\u201d<\/p>\n\n\n\n<p>Johann Strauss II: &#8220;Kaiser Jaeger March&#8221;<\/p>\n\n\n\n<p><strong>Signals<\/strong> from the Tyrolean Kaiserjaeger regiments:<\/p>\n\n\n\n<div class=\"wp-block-image\"><figure class=\"aligncenter size-full\"><img loading=\"lazy\" decoding=\"async\" width=\"400\" height=\"407\" src=\"https:\/\/istrings.eu\/kaiserjaegerEN\/wp-content\/uploads\/2022\/05\/noensamples.gif\" alt=\"\" class=\"wp-image-44\"\/><\/figure><\/div>\n\n\n\n<div class=\"wp-block-image\"><figure class=\"aligncenter size-medium\"><img loading=\"lazy\" decoding=\"async\" width=\"300\" height=\"214\" src=\"https:\/\/istrings.eu\/kaiserjaegerEN\/wp-content\/uploads\/2022\/05\/wappe-1-300x214.jpg\" alt=\"\" class=\"wp-image-62\" srcset=\"https:\/\/istrings.eu\/kaiserjaegerEN\/wp-content\/uploads\/2022\/05\/wappe-1-300x214.jpg 300w, https:\/\/istrings.eu\/kaiserjaegerEN\/wp-content\/uploads\/2022\/05\/wappe-1-1024x730.jpg 1024w, https:\/\/istrings.eu\/kaiserjaegerEN\/wp-content\/uploads\/2022\/05\/wappe-1-768x547.jpg 768w, https:\/\/istrings.eu\/kaiserjaegerEN\/wp-content\/uploads\/2022\/05\/wappe-1-1536x1094.jpg 1536w, https:\/\/istrings.eu\/kaiserjaegerEN\/wp-content\/uploads\/2022\/05\/wappe-1-1568x1117.jpg 1568w, https:\/\/istrings.eu\/kaiserjaegerEN\/wp-content\/uploads\/2022\/05\/wappe-1.jpg 1878w\" sizes=\"auto, (max-width: 300px) 100vw, 300px\" \/><\/figure><\/div>\n","protected":false},"excerpt":{"rendered":"<p>With their gorgeous programs of the most beautiful Viennese songs, waltzes, marches and melodies from Austria, the traditional band in their neat uniforms enchants their listeners and makes a concert an unforgettable experience. Wilhelm Furtwaengler liked to tell of an event that made a deep impression on him. On the occasion of a tour of&hellip; <a class=\"more-link\" href=\"https:\/\/istrings.eu\/kaiserjaegerEN\/the-music-band\/\">Continue reading <span class=\"screen-reader-text\">The music band<\/span><\/a><\/p>\n","protected":false},"author":1,"featured_media":0,"parent":0,"menu_order":0,"comment_status":"closed","ping_status":"closed","template":"","meta":{"footnotes":""},"class_list":["post-60","page","type-page","status-publish","hentry","entry"],"_links":{"self":[{"href":"https:\/\/istrings.eu\/kaiserjaegerEN\/wp-json\/wp\/v2\/pages\/60","targetHints":{"allow":["GET"]}}],"collection":[{"href":"https:\/\/istrings.eu\/kaiserjaegerEN\/wp-json\/wp\/v2\/pages"}],"about":[{"href":"https:\/\/istrings.eu\/kaiserjaegerEN\/wp-json\/wp\/v2\/types\/page"}],"author":[{"embeddable":true,"href":"https:\/\/istrings.eu\/kaiserjaegerEN\/wp-json\/wp\/v2\/users\/1"}],"replies":[{"embeddable":true,"href":"https:\/\/istrings.eu\/kaiserjaegerEN\/wp-json\/wp\/v2\/comments?post=60"}],"version-history":[{"count":1,"href":"https:\/\/istrings.eu\/kaiserjaegerEN\/wp-json\/wp\/v2\/pages\/60\/revisions"}],"predecessor-version":[{"id":63,"href":"https:\/\/istrings.eu\/kaiserjaegerEN\/wp-json\/wp\/v2\/pages\/60\/revisions\/63"}],"wp:attachment":[{"href":"https:\/\/istrings.eu\/kaiserjaegerEN\/wp-json\/wp\/v2\/media?parent=60"}],"curies":[{"name":"wp","href":"https:\/\/api.w.org\/{rel}","templated":true}]}}