{"id":52,"date":"2022-05-20T08:59:32","date_gmt":"2022-05-20T08:59:32","guid":{"rendered":"https:\/\/istrings.eu\/kaiserjaegerEN\/?page_id=52"},"modified":"2022-05-20T08:59:32","modified_gmt":"2022-05-20T08:59:32","slug":"cds","status":"publish","type":"page","link":"https:\/\/istrings.eu\/kaiserjaegerEN\/cds\/","title":{"rendered":"CD&#8217;s"},"content":{"rendered":"\n<p>CD:\u00a0<strong>Original Kaiserjaeger<\/strong><\/p>\n\n\n\n<p><em>Lively marching music and spirited bravura pieces for soloists and wind orchestra.<\/em><\/p>\n\n\n\n<div class=\"wp-block-image\"><figure class=\"aligncenter size-full\"><img loading=\"lazy\" decoding=\"async\" width=\"219\" height=\"209\" src=\"https:\/\/istrings.eu\/kaiserjaegerEN\/wp-content\/uploads\/2022\/05\/CDoriginalKJaeger.jpg\" alt=\"\" class=\"wp-image-34\"\/><figcaption><strong>\u201eOriginal Kaiserj\u00e4ger\u201c&nbsp;&nbsp;<\/strong>Eysler \u2013 Komz\u00e1k&nbsp; \u2013 Leh\u00e1r \u2013 Strau\u00df \u2013 Ziehrer<\/figcaption><\/figure><\/div>\n\n\n\n<figure class=\"wp-block-table is-style-stripes\"><table><tbody><tr><td>Karl M\u00fchlberger&nbsp;<\/td><td>Mir san die Kaiserj\u00e4ger, Marsch<\/td><\/tr><tr><td>Traditional, arr. W.Hackl&nbsp;e<\/td><td>Dachstein Variationen f\u00fcr Fl\u00fcgelhorn und BlasorchesterPiave-Marsch<\/td><\/tr><tr><td>Franz Leh\u00e1r<\/td><td>Piave-Marsch<\/td><\/tr><tr><td>Max&nbsp; Warnecke<\/td><td>Concertst\u00fcck f\u00fcr Posaune und Blasorchester<\/td><\/tr><tr><td>Johann Strau\u00df<\/td><td>Kaiserj\u00e4ger-Marsch op.93<\/td><\/tr><tr><td>Albert Parlow&nbsp;<\/td><td>Ambo\u00df-Polka<\/td><\/tr><tr><td>Gioacchino Rossini<\/td><td>Cavatina des Figaro aus der Oper Der Barbier von Sevilla f\u00fcr Tuba und Blasorchester<\/td><\/tr><tr><td>Carl Michael Ziehrer<\/td><td>Vater des Regiments, Marsch op.431<\/td><\/tr><tr><td>Edmund Eysler<\/td><td>Du S\u00fc\u00dfe!, Polka francaise<\/td><\/tr><tr><td>Kurt Schmid<\/td><td>Mit Temperament und Feuer, Ungarischer Marsch<\/td><\/tr><tr><td>Jen\u00f6 Hubay&nbsp;<\/td><td>Hejre Kati! f\u00fcr Trompete und Blasorchester<\/td><\/tr><tr><td>Karl Komz\u00e1k<\/td><td>Vindobona Marsch<\/td><\/tr><tr><td>Siegfried Translateur<\/td><td>Wiener Praterleben, Walzer op.12<\/td><\/tr><tr><td>Johann Strau\u00df, Vater<\/td><td>Radetzky Marsch op.228<\/td><\/tr><tr><td>Hans Sturm<\/td><td>Stimmungs-Galopp<\/td><\/tr><tr><td>Rudolf Achleitner<\/td><td>Tiroler Adler, Marsch<\/td><\/tr><tr><td>Hans Sturm&nbsp;<\/td><td>Melody for Trombones<\/td><\/tr><\/tbody><\/table><figcaption><em>Original Kaiserj\u00e4ger. Leitung: Werner Hackl<\/em><\/figcaption><\/figure>\n\n\n\n<p class=\"has-text-align-right\"><em><strong><a href=\"https:\/\/istrings.eu\/kaiserjaegerEN\/order\/\">BESTELLEN<\/a><\/strong><\/em><\/p>\n\n\n\n<p>CD:&nbsp;<strong>Musik in Zeitalter Kaiser Franz Josephs<\/strong><\/p>\n\n\n\n<p><em>The dashing sounds of Strauss dynasty; from the Patriotic March to the Viennese Fiaker Gallop.<\/em><\/p>\n\n\n\n<div class=\"wp-block-image\"><figure class=\"aligncenter size-full\"><img loading=\"lazy\" decoding=\"async\" width=\"228\" height=\"227\" src=\"https:\/\/istrings.eu\/kaiserjaegerEN\/wp-content\/uploads\/2022\/05\/CDMusikusw.jpg\" alt=\"\" class=\"wp-image-33\" srcset=\"https:\/\/istrings.eu\/kaiserjaegerEN\/wp-content\/uploads\/2022\/05\/CDMusikusw.jpg 228w, https:\/\/istrings.eu\/kaiserjaegerEN\/wp-content\/uploads\/2022\/05\/CDMusikusw-150x150.jpg 150w\" sizes=\"auto, (max-width: 228px) 100vw, 228px\" \/><figcaption><strong>\u201eMusik im Zeitalter Kaiser Franz Josephs\u201c<\/strong><\/figcaption><\/figure><\/div>\n\n\n\n<figure class=\"wp-block-table is-style-stripes\"><table><tbody><tr><td>Johann Strau\u00df Vater<\/td><td>Einzugs-Galopp op.35<\/td><\/tr><tr><td>Johann Strau\u00df<\/td><td>Kaiser-Walzer op.437<\/td><\/tr><tr><td>Josef Hellmesberger jun.<\/td><td>Stelldichein, Polka Mazur op.16<\/td><\/tr><tr><td>Josef Schantl<\/td><td>Grafenegger Schlo\u00dffanfare<\/td><\/tr><tr><td>Josef Schantl<\/td><td>Franz Joseph I., Kaiser von \u00d6sterreich<\/td><\/tr><tr><td>Johann Strau\u00df<\/td><td>Kaiser Franz Joseph I. Rettungs-Jubel Marsch op.126<\/td><\/tr><tr><td>Anonym<\/td><td>Alter Tanz in G<\/td><\/tr><tr><td>Johann Strau\u00df<\/td><td>Habsburg Hoch, Marsch op.408<\/td><\/tr><tr><td>Johann Strau\u00df<\/td><td>Nachtigallen-Polka op.222<\/td><\/tr><tr><td>Johann Schrammel&nbsp;<\/td><td>Wiener Fiaker, Galopp op.104<\/td><\/tr><tr><td>Philipp Fahrbach jun.<\/td><td>Knall und Fall, Polka op.44<\/td><\/tr><tr><td>Georg Bertl&nbsp;<\/td><td>Bertl-Tanz<\/td><\/tr><tr><td>Josef Bayer<\/td><td>Puppen-Walzer aus dem Ballett Die Puppenfee<\/td><\/tr><tr><td>Johann und Joseph Strau\u00df<\/td><td>Vaterl\u00e4ndischer Marsch<\/td><\/tr><tr><td>Johann Joseph Klein<\/td><td>Der gem\u00fctliche Wiener, Polka francaise<\/td><\/tr><tr><td>Eduard Strau\u00df<\/td><td>Mit Dampf, Polka op.70<\/td><\/tr><tr><td>Rudolf Tichy<\/td><td>\u00d6sterreichische Wachtparade, Marsch op.38<\/td><\/tr><tr><td>Andreas Leonhardt<\/td><td>Zapfenstreich<\/td><\/tr><\/tbody><\/table><figcaption><em>Bl\u00e4serensemble des N\u00d6. Tonk\u00fcnstlerorchester. Leitung: Werner Hackl<\/em> &#8211; <em>Das Wiener Terzett. Leitung: Kurt Schmid<\/em><\/figcaption><\/figure>\n\n\n\n<p class=\"has-text-align-right\"><em><strong><em><strong><a href=\"https:\/\/istrings.eu\/kaiserjaegerEN\/order\/\">BESTELLEN<\/a><\/strong><\/em><\/strong><\/em><\/p>\n\n\n\n<p>CD:&nbsp;<strong>Die Romantiker<\/strong><\/p>\n\n\n\n<p><em>Music from the Biedermeier period. Vienna the capital of the musical world.<\/em><\/p>\n\n\n\n<div class=\"wp-block-image\"><figure class=\"aligncenter size-full\"><img loading=\"lazy\" decoding=\"async\" width=\"226\" height=\"224\" src=\"https:\/\/istrings.eu\/kaiserjaegerEN\/wp-content\/uploads\/2022\/05\/CDromantiker.jpg\" alt=\"\" class=\"wp-image-35\" srcset=\"https:\/\/istrings.eu\/kaiserjaegerEN\/wp-content\/uploads\/2022\/05\/CDromantiker.jpg 226w, https:\/\/istrings.eu\/kaiserjaegerEN\/wp-content\/uploads\/2022\/05\/CDromantiker-150x150.jpg 150w\" sizes=\"auto, (max-width: 226px) 100vw, 226px\" \/><figcaption><strong>\u201eDie Romantiker\u201c<\/strong>&nbsp;Musik aus der Zeit des Biedermeier<\/figcaption><\/figure><\/div>\n\n\n\n<figure class=\"wp-block-table is-style-stripes\"><table><tbody><tr><td>Joseph Lanner<\/td><td>Die Mozartisten, Walzer op.196<\/td><\/tr><tr><td>Ludwig van Beethoven<\/td><td>Marsch f\u00fcr das Laxenburger Karussel WoO.19<\/td><\/tr><tr><td>Franz Schubert<\/td><td>Deutsche T\u00e4nze D 783<\/td><\/tr><tr><td>Ludwig van Beethoven<\/td><td>Duo f\u00fcr zwei Fl\u00f6ten WoO.26<\/td><\/tr><tr><td>Johann Nepomuk Hummel<\/td><td>Menuetto f\u00fcr den Apollosaal<\/td><\/tr><tr><td>W. Barth<\/td><td>Lumpaci Galopp<\/td><\/tr><tr><td>Joseph Lanner<\/td><td>Die Romantiker, Walzer op.167<\/td><\/tr><tr><td>Johann Strau\u00df Vater<\/td><td>Wilhelm Tell\u2013Galopp op.29(b)<\/td><\/tr><tr><td>Philipp Fahrbach<\/td><td>Saisonfreuden oder Die vier Jahreszeiten, Walzer op.250<\/td><\/tr><tr><td>Conradin Kreutzer<\/td><td>Duo f\u00fcr zwei Klarinetten<\/td><\/tr><tr><td>Michael Pamer<\/td><td>Unter- und Ober-\u00d6sterreicher-T\u00e4nze<\/td><\/tr><tr><td>Joseph Lanner<\/td><td>Hollabrunner Galopp op.21<\/td><\/tr><tr><td>Johann Strau\u00df Vater<\/td><td>Beliebte Sperl-Polka op.133<\/td><\/tr><tr><td>Johann Strau\u00df Vater<\/td><td>Souvenir de Baden, Helenen-Walzer op.38<\/td><\/tr><tr><td>Johann Strau\u00df Vater<\/td><td>Cachucha-Galopp op.97<\/td><\/tr><\/tbody><\/table><figcaption><em>Bl\u00e4serensemble des N\u00d6. Tonk\u00fcnstlerorchester. Leitung: Werner Hackl<\/em><\/figcaption><\/figure>\n\n\n\n<p class=\"has-text-align-right\"><em><strong><a href=\"https:\/\/istrings.eu\/kaiserjaegerEN\/order\/\">BESTELLEN<\/a><\/strong><\/em><\/p>\n\n\n\n<p>CD:\u00a0Children Artists Composers (<strong>KINDER K\u00dcNSTLER KOMPONISTEN<\/strong>)<\/p>\n\n\n\n<p><em>A colorful pasticcio for children and the young at heart. The story of &#8220;Tubby, the Tuba&#8221;.<\/em><\/p>\n\n\n\n<div class=\"wp-block-image\"><figure class=\"aligncenter size-full\"><img loading=\"lazy\" decoding=\"async\" width=\"225\" height=\"225\" src=\"https:\/\/istrings.eu\/kaiserjaegerEN\/wp-content\/uploads\/2022\/05\/CDkinder.jpg\" alt=\"\" class=\"wp-image-32\" srcset=\"https:\/\/istrings.eu\/kaiserjaegerEN\/wp-content\/uploads\/2022\/05\/CDkinder.jpg 225w, https:\/\/istrings.eu\/kaiserjaegerEN\/wp-content\/uploads\/2022\/05\/CDkinder-150x150.jpg 150w\" sizes=\"auto, (max-width: 225px) 100vw, 225px\" \/><figcaption><strong>\u201eKinder \u2013 K\u00fcnstler \u2013 Komponisten\u201c<\/strong><\/figcaption><\/figure><\/div>\n\n\n\n<figure class=\"wp-block-table is-style-stripes\"><table><tbody><tr><td>Leopold Schmetterer<br><br><em>Kammerensemble des N\u00d6. Tonk\u00fcnstlerorchesters. Leitung: Werner Hackl<br>Sprecher: Ernst Harmannstein<\/em><\/td><td>Adrian und Valerie<br>Ein M\u00e4rchen f\u00fcr Sprecher und Streichinstrumente<\/td><\/tr><tr><td>Franz Schubert\/ Franz Sch\u00f6ggl<br><br><em>Der Studiochor. Leitung: Rainer Maria Kalchhauser<\/em><\/td><td>Die launige Forelle<br>Variationen \u00fcber Schuberts Lied f\u00fcr gemischten Chor<\/td><\/tr><tr><td>Walter Schiefer<br><br><em>Schlagwerkensemble der Wiener Musikhochschule<\/em><\/td><td>Tanz f\u00fcr ein imagin\u00e4res Ballett f\u00fcr Schlagwerkensemble<\/td><\/tr><tr><td>George Kleinsinger\/Paul Tripp<br><br><em>Bl\u00e4serensemble der Wiener Musikhochschule. Leitung: Werner Hackl<\/em><br><em>Ba\u00dftuba: Wilfried Brandst\u00f6tter &#8211; Sprecher: Wilfried Schirlbauer &#8211; Sopran: Barbara Payha<\/em><\/td><td>Tubby, die Tuba<br>Eine musikalische Geschichte<br>f\u00fcr Ba\u00dftuba, Sprecher und Bl\u00e4serensemble<\/td><\/tr><\/tbody><\/table><\/figure>\n\n\n\n<p class=\"has-text-align-right\"><em><strong><a href=\"https:\/\/istrings.eu\/kaiserjaegerEN\/order\/\">BESTELLEN<\/a><\/strong><\/em><\/p>\n","protected":false},"excerpt":{"rendered":"<p>CD:\u00a0Original Kaiserjaeger Lively marching music and spirited bravura pieces for soloists and wind orchestra. Karl M\u00fchlberger&nbsp; Mir san die Kaiserj\u00e4ger, Marsch Traditional, arr. W.Hackl&nbsp;e Dachstein Variationen f\u00fcr Fl\u00fcgelhorn und BlasorchesterPiave-Marsch Franz Leh\u00e1r Piave-Marsch Max&nbsp; Warnecke Concertst\u00fcck f\u00fcr Posaune und Blasorchester Johann Strau\u00df Kaiserj\u00e4ger-Marsch op.93 Albert Parlow&nbsp; Ambo\u00df-Polka Gioacchino Rossini Cavatina des Figaro aus der Oper&hellip; <a class=\"more-link\" href=\"https:\/\/istrings.eu\/kaiserjaegerEN\/cds\/\">Continue reading <span class=\"screen-reader-text\">CD&#8217;s<\/span><\/a><\/p>\n","protected":false},"author":1,"featured_media":0,"parent":0,"menu_order":0,"comment_status":"closed","ping_status":"closed","template":"","meta":{"footnotes":""},"class_list":["post-52","page","type-page","status-publish","hentry","entry"],"_links":{"self":[{"href":"https:\/\/istrings.eu\/kaiserjaegerEN\/wp-json\/wp\/v2\/pages\/52","targetHints":{"allow":["GET"]}}],"collection":[{"href":"https:\/\/istrings.eu\/kaiserjaegerEN\/wp-json\/wp\/v2\/pages"}],"about":[{"href":"https:\/\/istrings.eu\/kaiserjaegerEN\/wp-json\/wp\/v2\/types\/page"}],"author":[{"embeddable":true,"href":"https:\/\/istrings.eu\/kaiserjaegerEN\/wp-json\/wp\/v2\/users\/1"}],"replies":[{"embeddable":true,"href":"https:\/\/istrings.eu\/kaiserjaegerEN\/wp-json\/wp\/v2\/comments?post=52"}],"version-history":[{"count":1,"href":"https:\/\/istrings.eu\/kaiserjaegerEN\/wp-json\/wp\/v2\/pages\/52\/revisions"}],"predecessor-version":[{"id":54,"href":"https:\/\/istrings.eu\/kaiserjaegerEN\/wp-json\/wp\/v2\/pages\/52\/revisions\/54"}],"wp:attachment":[{"href":"https:\/\/istrings.eu\/kaiserjaegerEN\/wp-json\/wp\/v2\/media?parent=52"}],"curies":[{"name":"wp","href":"https:\/\/api.w.org\/{rel}","templated":true}]}}