{"id":82,"date":"2021-02-27T10:01:42","date_gmt":"2021-02-27T10:01:42","guid":{"rendered":"https:\/\/kaiserjaeger.eu\/?page_id=82"},"modified":"2022-05-20T09:47:15","modified_gmt":"2022-05-20T09:47:15","slug":"die-kaiserjager","status":"publish","type":"page","link":"https:\/\/istrings.eu\/kaiserjaeger.eu\/die-kaiserjager\/","title":{"rendered":"Die Kaiserj\u00e4ger"},"content":{"rendered":"\n<p>Die Kaiserj\u00e4ger waren vier Infanterieregimenter der k.u.k. Armee. Trotz dem Hinweis \u201eTirol\u201c kamen die Angeh\u00f6rigen aus allen Teilen der Monarchie.<\/p>\n\n\n\n<p>1815 ordnete Kaiser Franz I. die Errichtung eines Kaiser-J\u00e4ger-Regiments an. Die Soldaten dieses Regiments rekrutierten sich durch Konskription. Die Dienstzeit betrug anfangs 12 Jahre, sp\u00e4ter 8 und dann 6 Jahre. 1895 wurde das Personal verst\u00e4rkt und das Regiment in vier J\u00e4ger-Regimenter&nbsp; aufgegliedert. Diese erhielten die Bezeichnung&nbsp;<em>Kaiserliches und k\u00f6nigliches 1., 2., 3., und 4. Tiroler-J\u00e4ger-Regiment \u201eKaiserj\u00e4ger\u201c<\/em>.Regimentsinhaber war stets der Kaiser pers\u00f6nlich, die Zweitinhaber sowie die Kommandanten wurden durch ihn pers\u00f6nlich ernannt.<\/p>\n\n\n\n<div class=\"wp-block-image\"><figure class=\"aligncenter size-large\"><img loading=\"lazy\" decoding=\"async\" width=\"300\" height=\"580\" src=\"https:\/\/kaiserjaeger.eu\/wp-content\/uploads\/2021\/02\/kaiser.jpg\" alt=\"\" class=\"wp-image-59\" srcset=\"https:\/\/istrings.eu\/kaiserjaeger.eu\/wp-content\/uploads\/2021\/02\/kaiser.jpg 300w, https:\/\/istrings.eu\/kaiserjaeger.eu\/wp-content\/uploads\/2021\/02\/kaiser-155x300.jpg 155w\" sizes=\"auto, (max-width: 300px) 100vw, 300px\" \/><\/figure><\/div>\n\n\n\n<p>Bedingt durch das, in \u00d6sterreich-Ungarn \u00fcbliche h\u00e4ufige Wechseln der Garnisonen, lagen die Einheiten in S\u00fcd-, Nord- und Welschtirol aber auch in Wien. Dadurch leitet sich ab, dass die heutigen Original Kaiserj\u00e4ger in Wien beheimatet sind.<\/p>\n\n\n\n<p>Au\u00dfer an unmittelbar milit\u00e4rischen Kampfeins\u00e4tzen (z.B. in Galizien, in den Karpathen, am Col di Lana, am Ortler u.a.) waren die Kaiserj\u00e4ger auch am Ausbau von milit\u00e4risch wie auch zivil nutzbarer Infrastruktur beteiligt.<\/p>\n\n\n\n<p><strong>Die Uniformierung:<\/strong><\/p>\n\n\n\n<div class=\"wp-block-image\"><figure class=\"aligncenter size-large\"><img loading=\"lazy\" decoding=\"async\" width=\"300\" height=\"680\" src=\"https:\/\/kaiserjaeger.eu\/wp-content\/uploads\/2021\/02\/uniform.jpg\" alt=\"\" class=\"wp-image-67\" srcset=\"https:\/\/istrings.eu\/kaiserjaeger.eu\/wp-content\/uploads\/2021\/02\/uniform.jpg 300w, https:\/\/istrings.eu\/kaiserjaeger.eu\/wp-content\/uploads\/2021\/02\/uniform-132x300.jpg 132w\" sizes=\"auto, (max-width: 300px) 100vw, 300px\" \/><figcaption>Als Paradekopfbedeckung&nbsp; diente der Hut aus Filz mit J\u00e4geremblem und einem Federbusch. Der Waffenrock war aus hechtgrauem Tuch mit gasgr\u00fcnen \u00c4rmelaufschl\u00e4gen und gelben Kn\u00f6pfen.<\/figcaption><\/figure><\/div>\n\n\n\n<p><strong>Auszeichnungen:<\/strong><\/p>\n\n\n\n<div class=\"wp-block-image\"><figure class=\"aligncenter size-medium\"><img loading=\"lazy\" decoding=\"async\" width=\"198\" height=\"300\" src=\"https:\/\/kaiserjaeger.eu\/wp-content\/uploads\/2022\/05\/awards-198x300.jpg\" alt=\"\" class=\"wp-image-165\" srcset=\"https:\/\/istrings.eu\/kaiserjaeger.eu\/wp-content\/uploads\/2022\/05\/awards-198x300.jpg 198w, https:\/\/istrings.eu\/kaiserjaeger.eu\/wp-content\/uploads\/2022\/05\/awards-674x1024.jpg 674w, https:\/\/istrings.eu\/kaiserjaeger.eu\/wp-content\/uploads\/2022\/05\/awards-768x1166.jpg 768w, https:\/\/istrings.eu\/kaiserjaeger.eu\/wp-content\/uploads\/2022\/05\/awards-1012x1536.jpg 1012w, https:\/\/istrings.eu\/kaiserjaeger.eu\/wp-content\/uploads\/2022\/05\/awards-1349x2048.jpg 1349w, https:\/\/istrings.eu\/kaiserjaeger.eu\/wp-content\/uploads\/2022\/05\/awards.jpg 1566w\" sizes=\"auto, (max-width: 198px) 100vw, 198px\" \/><\/figure><\/div>\n\n\n\n<p>Im Sinne der Traditionspflege hat sich der im Jahre 2000 eingetretene Jahrgang der Offiziersausbildung an der Theresianischen Milit\u00e4rakademie den Namen&nbsp;<em>Kaiserj\u00e4ger<\/em>&nbsp;gegeben.<\/p>\n\n\n\n<div class=\"wp-block-image\"><figure class=\"aligncenter size-large\"><img loading=\"lazy\" decoding=\"async\" width=\"300\" height=\"327\" src=\"https:\/\/kaiserjaeger.eu\/wp-content\/uploads\/2021\/02\/wappe.jpg\" alt=\"\" class=\"wp-image-69\" srcset=\"https:\/\/istrings.eu\/kaiserjaeger.eu\/wp-content\/uploads\/2021\/02\/wappe.jpg 300w, https:\/\/istrings.eu\/kaiserjaeger.eu\/wp-content\/uploads\/2021\/02\/wappe-275x300.jpg 275w\" sizes=\"auto, (max-width: 300px) 100vw, 300px\" \/><\/figure><\/div>\n","protected":false},"excerpt":{"rendered":"<p>Die Kaiserj\u00e4ger waren vier Infanterieregimenter der k.u.k. Armee. Trotz dem Hinweis \u201eTirol\u201c kamen die Angeh\u00f6rigen aus allen Teilen der Monarchie. 1815 ordnete Kaiser Franz I. die Errichtung eines Kaiser-J\u00e4ger-Regiments an. Die Soldaten dieses Regiments rekrutierten sich durch Konskription. Die Dienstzeit betrug anfangs 12 Jahre, sp\u00e4ter 8 und dann 6 Jahre. 1895 wurde das Personal verst\u00e4rkt&hellip; <a class=\"more-link\" href=\"https:\/\/istrings.eu\/kaiserjaeger.eu\/die-kaiserjager\/\">Continue reading <span class=\"screen-reader-text\">Die Kaiserj\u00e4ger<\/span><\/a><\/p>\n","protected":false},"author":1,"featured_media":0,"parent":0,"menu_order":0,"comment_status":"closed","ping_status":"closed","template":"","meta":{"footnotes":""},"class_list":["post-82","page","type-page","status-publish","hentry","entry"],"_links":{"self":[{"href":"https:\/\/istrings.eu\/kaiserjaeger.eu\/wp-json\/wp\/v2\/pages\/82","targetHints":{"allow":["GET"]}}],"collection":[{"href":"https:\/\/istrings.eu\/kaiserjaeger.eu\/wp-json\/wp\/v2\/pages"}],"about":[{"href":"https:\/\/istrings.eu\/kaiserjaeger.eu\/wp-json\/wp\/v2\/types\/page"}],"author":[{"embeddable":true,"href":"https:\/\/istrings.eu\/kaiserjaeger.eu\/wp-json\/wp\/v2\/users\/1"}],"replies":[{"embeddable":true,"href":"https:\/\/istrings.eu\/kaiserjaeger.eu\/wp-json\/wp\/v2\/comments?post=82"}],"version-history":[{"count":5,"href":"https:\/\/istrings.eu\/kaiserjaeger.eu\/wp-json\/wp\/v2\/pages\/82\/revisions"}],"predecessor-version":[{"id":167,"href":"https:\/\/istrings.eu\/kaiserjaeger.eu\/wp-json\/wp\/v2\/pages\/82\/revisions\/167"}],"wp:attachment":[{"href":"https:\/\/istrings.eu\/kaiserjaeger.eu\/wp-json\/wp\/v2\/media?parent=82"}],"curies":[{"name":"wp","href":"https:\/\/api.w.org\/{rel}","templated":true}]}}