{"id":80,"date":"2021-02-27T09:55:23","date_gmt":"2021-02-27T09:55:23","guid":{"rendered":"https:\/\/kaiserjaeger.eu\/?page_id=80"},"modified":"2022-05-20T09:16:12","modified_gmt":"2022-05-20T09:16:12","slug":"der-kapellmeister","status":"publish","type":"page","link":"https:\/\/istrings.eu\/kaiserjaeger.eu\/der-kapellmeister\/","title":{"rendered":"Der Kapellmeister"},"content":{"rendered":"\n<p><strong>Prof. PhD Mag. Werner Hackl<\/strong>\u00a0ist der k\u00fcnstlerische Leiter der Original Kaiserj\u00e4ger.<\/p>\n\n\n\n<p>Studium an der Wiener Musikhochschule und an der P\u00e4dagogischen Akademie in Wien.<\/p>\n\n\n\n<p>Reiche Erfahrung auf dem Gebiet der Blasmusik durch den Dienst bei der Milit\u00e4rmusik Nieder\u00f6sterreich und der Musik des Gardebataillons Wien.<\/p>\n\n\n\n<p>Posaunist im N\u00d6 Tonk\u00fcnstlerorchester und Leiter des dortigen Bl\u00e4serensembles.<\/p>\n\n\n\n<p>Pr\u00e4sident der \u00d6sterreichischen Gesellschaft f\u00fcr Zeitgen\u00f6ssische Musik.<\/p>\n\n\n\n<p>Professor an der Universit\u00e4t f\u00fcr Musik und darstellende Kunst Wien und Leiter des Blechbl\u00e4serensembles.<\/p>\n\n\n\n<p>Dozent bei Seminaren und Sommerkursen.Dirigent des K\u00fcnstlerOrchestersWien und Leiter des K\u00fcnstlerEnsemblesWien.<\/p>\n","protected":false},"excerpt":{"rendered":"<p>Prof. PhD Mag. Werner Hackl\u00a0ist der k\u00fcnstlerische Leiter der Original Kaiserj\u00e4ger. Studium an der Wiener Musikhochschule und an der P\u00e4dagogischen Akademie in Wien. Reiche Erfahrung auf dem Gebiet der Blasmusik durch den Dienst bei der Milit\u00e4rmusik Nieder\u00f6sterreich und der Musik des Gardebataillons Wien. Posaunist im N\u00d6 Tonk\u00fcnstlerorchester und Leiter des dortigen Bl\u00e4serensembles. Pr\u00e4sident der \u00d6sterreichischen&hellip; <a class=\"more-link\" href=\"https:\/\/istrings.eu\/kaiserjaeger.eu\/der-kapellmeister\/\">Continue reading <span class=\"screen-reader-text\">Der Kapellmeister<\/span><\/a><\/p>\n","protected":false},"author":1,"featured_media":57,"parent":0,"menu_order":0,"comment_status":"closed","ping_status":"closed","template":"","meta":{"footnotes":""},"class_list":["post-80","page","type-page","status-publish","has-post-thumbnail","hentry","entry"],"_links":{"self":[{"href":"https:\/\/istrings.eu\/kaiserjaeger.eu\/wp-json\/wp\/v2\/pages\/80","targetHints":{"allow":["GET"]}}],"collection":[{"href":"https:\/\/istrings.eu\/kaiserjaeger.eu\/wp-json\/wp\/v2\/pages"}],"about":[{"href":"https:\/\/istrings.eu\/kaiserjaeger.eu\/wp-json\/wp\/v2\/types\/page"}],"author":[{"embeddable":true,"href":"https:\/\/istrings.eu\/kaiserjaeger.eu\/wp-json\/wp\/v2\/users\/1"}],"replies":[{"embeddable":true,"href":"https:\/\/istrings.eu\/kaiserjaeger.eu\/wp-json\/wp\/v2\/comments?post=80"}],"version-history":[{"count":3,"href":"https:\/\/istrings.eu\/kaiserjaeger.eu\/wp-json\/wp\/v2\/pages\/80\/revisions"}],"predecessor-version":[{"id":164,"href":"https:\/\/istrings.eu\/kaiserjaeger.eu\/wp-json\/wp\/v2\/pages\/80\/revisions\/164"}],"wp:featuredmedia":[{"embeddable":true,"href":"https:\/\/istrings.eu\/kaiserjaeger.eu\/wp-json\/wp\/v2\/media\/57"}],"wp:attachment":[{"href":"https:\/\/istrings.eu\/kaiserjaeger.eu\/wp-json\/wp\/v2\/media?parent=80"}],"curies":[{"name":"wp","href":"https:\/\/api.w.org\/{rel}","templated":true}]}}