{"id":6,"date":"2021-02-25T17:15:42","date_gmt":"2021-02-25T17:15:42","guid":{"rendered":"https:\/\/kaiserjaeger.eu\/?page_id=6"},"modified":"2022-05-20T10:09:30","modified_gmt":"2022-05-20T10:09:30","slug":"about","status":"publish","type":"page","link":"https:\/\/istrings.eu\/kaiserjaeger.eu\/about\/","title":{"rendered":"Die Musikkapelle"},"content":{"rendered":"\n<div class=\"wp-block-image\"><figure class=\"aligncenter size-large\"><img loading=\"lazy\" decoding=\"async\" width=\"700\" height=\"478\" src=\"https:\/\/kaiserjaeger.eu\/wp-content\/uploads\/2021\/02\/kapelle.jpg\" alt=\"\" class=\"wp-image-60\" srcset=\"https:\/\/istrings.eu\/kaiserjaeger.eu\/wp-content\/uploads\/2021\/02\/kapelle.jpg 700w, https:\/\/istrings.eu\/kaiserjaeger.eu\/wp-content\/uploads\/2021\/02\/kapelle-300x205.jpg 300w, https:\/\/istrings.eu\/kaiserjaeger.eu\/wp-content\/uploads\/2021\/02\/kapelle-600x410.jpg 600w\" sizes=\"auto, (max-width: 700px) 100vw, 700px\" \/><\/figure><\/div>\n\n\n\n<p><\/p>\n\n\n\n<p>Mit ihren hinrei\u00dfenden Programmen der sch\u00f6nsten Wiener Lieder, Walzer, M\u00e4rsche und Melodien aus \u00d6sterreich verzaubert die Traditionskapelle in ihren schmucken Uniformen ihre Zuh\u00f6rer und lassen ein Konzert zu einem unvergesslichen Erlebnis werden.<\/p>\n\n\n\n<p>Wilhelm Furtw\u00e4ngler erz\u00e4hlte gerne von einer ihn tief beeindruckenden Begebenheit. Anl\u00e4sslich einer Dolomitentour im Jahre 1914 traf er auf die Kapelle eines der Kaiserj\u00e4gerregimenter:\u201eDie Berglandschaft, die Sonne, die Melodie, alles verm\u00e4hlte sich, war gleichsam eins. Es ist kein geringer Pr\u00fcfstein f\u00fcr eine Musik, wie sie sich in freier Natur ausnimmt. Nie bin ich der Gr\u00f6\u00dfe der Musik unmittelbarer innegeworden als damals.\u201c<\/p>\n\n\n\n<div class=\"wp-block-image\"><figure class=\"aligncenter size-full\"><img loading=\"lazy\" decoding=\"async\" width=\"200\" height=\"200\" src=\"https:\/\/kaiserjaeger.eu\/wp-content\/uploads\/2021\/02\/verzierung.jpg\" alt=\"\" class=\"wp-image-68\" srcset=\"https:\/\/istrings.eu\/kaiserjaeger.eu\/wp-content\/uploads\/2021\/02\/verzierung.jpg 200w, https:\/\/istrings.eu\/kaiserjaeger.eu\/wp-content\/uploads\/2021\/02\/verzierung-150x150.jpg 150w, https:\/\/istrings.eu\/kaiserjaeger.eu\/wp-content\/uploads\/2021\/02\/verzierung-100x100.jpg 100w\" sizes=\"auto, (max-width: 200px) 100vw, 200px\" \/><\/figure><\/div>\n\n\n\n<p><strong>\u201eMir san die Kaiserj\u00e4ger\u2026\u201c<br><br><\/strong>Wenn die flotten Herren in den schmucken Uniformen mit klingendem Spiel durch die Wiener Hofburg ziehen, dann k\u00f6nnte man meinen, die Zeit w\u00e4re stehengeblieben. Fast f\u00fchlt man sich in die Zeit der Monarchie zur\u00fcckversetzt. Dabei begann alles im Jahre 1815, als zum erstenmal Tiroler Kaiserj\u00e4ger aufgestellt wurden und die \u00f6sterreichischen Kaiser als Regimentsinhaber fungierten. Ihre blau-grauen Uniformen haben eine grasgr\u00fcne Aufschlagfarbe und gelbe Kn\u00f6pfe, ber\u00fchmt ist ihr pr\u00e4chtiger Federbusch.&nbsp; Die bedeutendsten Kapellmeister der Kaiserj\u00e4ger waren Gustav Mahr, Karl Komz\u00e1k und Karl M\u00fchlberger. M\u00fchlbergers Marsch \u201eMir san die Kaiserj\u00e4ger\u201c z\u00e4hlt zu den beliebtesten und meist gespieltesten Werken der \u00f6sterreichischen Milit\u00e4rmusik.&nbsp; Sogar Johann Strau\u00df komponierte einen \u201eKaiser-J\u00e4ger-Marsch\u201c. Am 18. Juli 1915 defilierte das 1. Regiment der Kaiserj\u00e4ger mit ihrer Garnisonsmusik unter den Kl\u00e4ngen des \u201eKaiserj\u00e4ger Marsches\u201c vor Kaiser Franz Joseph im Schlosspark von Sch\u00f6nbrunn. Es war das letztemal, dass der greise Monarch den Vorbeimarsch einer Truppe abnahm.<\/p>\n\n\n\n<div class=\"wp-block-image\"><figure class=\"aligncenter size-full\"><img loading=\"lazy\" decoding=\"async\" width=\"281\" height=\"400\" src=\"https:\/\/kaiserjaeger.eu\/wp-content\/uploads\/2021\/02\/kapellePic.jpg\" alt=\"\" class=\"wp-image-61\" srcset=\"https:\/\/istrings.eu\/kaiserjaeger.eu\/wp-content\/uploads\/2021\/02\/kapellePic.jpg 281w, https:\/\/istrings.eu\/kaiserjaeger.eu\/wp-content\/uploads\/2021\/02\/kapellePic-211x300.jpg 211w\" sizes=\"auto, (max-width: 281px) 100vw, 281px\" \/><figcaption>Defilierende Kaiserj\u00e4ger, Gem\u00e4lde von Alexander Pock<br>Original im Heeresgeschichtlichen Museum Wien<\/figcaption><\/figure><\/div>\n\n\n\n<p>Das goldene Zeitalter der \u00f6sterreichischen Milit\u00e4rmusik begann im 19. Jahrhundert, indem jedes k.u.k. Regiment eine eigene Milit\u00e4rmusik hatte. Viele bekannte Komponisten des 19. Jahrhunderts waren Milit\u00e4rmusiker : Fahrbach, Czibulka, Jurek, Komz\u00e1k, Ziehrer, Leh\u00e1r, Fucik und viele andere. Milit\u00e4rmusikkapellmeister hatten Offiziersstatus und trugen eine besondere Uniform.<\/p>\n\n\n\n<p><strong>Karl M\u00fchlberger<\/strong>&nbsp;war der letzte Kapellmeister beim k.u.k. Tiroler Kaiserj\u00e4gerregiment Nr. 1&nbsp;Nach Ableistung seiner Dienstpflicht im IR 84 unter Karl Komz\u00e1k und bei den Hoch- und Deutschmeistert unter Carl Michael Ziehrer \u00fcbernahm Karl M\u00fchlberger die Leitung der Kapelle des 1. Regiments der Tiroler Kaiserj\u00e4ger. Zweimal wurde seine Regimentsmusik nach Bad Ischl bzw. nach Wien befohlen.&nbsp;Von seinen Kompositionen ist der Marsch \u201eMir san die Kaiserj\u00e4ger\u201c bis heute lebendig geblieben.<\/p>\n\n\n\n<div class=\"wp-block-image\"><figure class=\"aligncenter size-large\"><img loading=\"lazy\" decoding=\"async\" width=\"1024\" height=\"994\" src=\"https:\/\/kaiserjaeger.eu\/wp-content\/uploads\/2022\/05\/marsch-1024x994.jpg\" alt=\"\" class=\"wp-image-168\" srcset=\"https:\/\/istrings.eu\/kaiserjaeger.eu\/wp-content\/uploads\/2022\/05\/marsch-1024x994.jpg 1024w, https:\/\/istrings.eu\/kaiserjaeger.eu\/wp-content\/uploads\/2022\/05\/marsch-300x291.jpg 300w, https:\/\/istrings.eu\/kaiserjaeger.eu\/wp-content\/uploads\/2022\/05\/marsch-768x746.jpg 768w, https:\/\/istrings.eu\/kaiserjaeger.eu\/wp-content\/uploads\/2022\/05\/marsch-1536x1492.jpg 1536w, https:\/\/istrings.eu\/kaiserjaeger.eu\/wp-content\/uploads\/2022\/05\/marsch-1568x1523.jpg 1568w, https:\/\/istrings.eu\/kaiserjaeger.eu\/wp-content\/uploads\/2022\/05\/marsch.jpg 1662w\" sizes=\"auto, (max-width: 1024px) 100vw, 1024px\" \/><\/figure><\/div>\n\n\n\n<p>Weitere ber\u00fchmte M\u00e4rsche der Kaiserj\u00e4ger:<br>Andreas Leonhardt: \u201eKaiser J\u00e4ger Marsch\u201c<br>Gustav Mahr: \u201eHoch Tirol-Marsch\u201c, \u201eAndreas-Hofer-Marsch\u201c<br>Karl Komz\u00e1k:&nbsp; \u201eAndreas-Hofer-Marsch\u201c<br>Rudolf Achleitner: \u201eSeyffertitz-Marsch\u201c, \u201eTiroler Adler\u201c (fr\u00fcher Ehz.Ferdinand Karl Marsch)<\/p>\n\n\n\n<p>Signale der Tiroler Kaiserj\u00e4ger-Regimenter:<\/p>\n\n\n\n<div class=\"wp-block-image\"><figure class=\"aligncenter size-full\"><img loading=\"lazy\" decoding=\"async\" width=\"400\" height=\"407\" src=\"https:\/\/kaiserjaeger.eu\/wp-content\/uploads\/2021\/02\/notensamples.gif\" alt=\"\" class=\"wp-image-65\"\/><\/figure><\/div>\n\n\n\n<div class=\"wp-block-image\"><figure class=\"aligncenter size-medium\"><img loading=\"lazy\" decoding=\"async\" width=\"300\" height=\"214\" src=\"https:\/\/kaiserjaeger.eu\/wp-content\/uploads\/2022\/05\/wappe-300x214.jpg\" alt=\"\" class=\"wp-image-170\" srcset=\"https:\/\/istrings.eu\/kaiserjaeger.eu\/wp-content\/uploads\/2022\/05\/wappe-300x214.jpg 300w, https:\/\/istrings.eu\/kaiserjaeger.eu\/wp-content\/uploads\/2022\/05\/wappe-1024x730.jpg 1024w, https:\/\/istrings.eu\/kaiserjaeger.eu\/wp-content\/uploads\/2022\/05\/wappe-768x547.jpg 768w, https:\/\/istrings.eu\/kaiserjaeger.eu\/wp-content\/uploads\/2022\/05\/wappe-1536x1094.jpg 1536w, https:\/\/istrings.eu\/kaiserjaeger.eu\/wp-content\/uploads\/2022\/05\/wappe-1568x1117.jpg 1568w, https:\/\/istrings.eu\/kaiserjaeger.eu\/wp-content\/uploads\/2022\/05\/wappe.jpg 1878w\" sizes=\"auto, (max-width: 300px) 100vw, 300px\" \/><\/figure><\/div>\n","protected":false},"excerpt":{"rendered":"<p>Mit ihren hinrei\u00dfenden Programmen der sch\u00f6nsten Wiener Lieder, Walzer, M\u00e4rsche und Melodien aus \u00d6sterreich verzaubert die Traditionskapelle in ihren schmucken Uniformen ihre Zuh\u00f6rer und lassen ein Konzert zu einem unvergesslichen Erlebnis werden. Wilhelm Furtw\u00e4ngler erz\u00e4hlte gerne von einer ihn tief beeindruckenden Begebenheit. Anl\u00e4sslich einer Dolomitentour im Jahre 1914 traf er auf die Kapelle eines der&hellip; <a class=\"more-link\" href=\"https:\/\/istrings.eu\/kaiserjaeger.eu\/about\/\">Continue reading <span class=\"screen-reader-text\">Die Musikkapelle<\/span><\/a><\/p>\n","protected":false},"author":1,"featured_media":0,"parent":0,"menu_order":0,"comment_status":"closed","ping_status":"closed","template":"","meta":{"footnotes":""},"class_list":["post-6","page","type-page","status-publish","hentry","entry"],"_links":{"self":[{"href":"https:\/\/istrings.eu\/kaiserjaeger.eu\/wp-json\/wp\/v2\/pages\/6","targetHints":{"allow":["GET"]}}],"collection":[{"href":"https:\/\/istrings.eu\/kaiserjaeger.eu\/wp-json\/wp\/v2\/pages"}],"about":[{"href":"https:\/\/istrings.eu\/kaiserjaeger.eu\/wp-json\/wp\/v2\/types\/page"}],"author":[{"embeddable":true,"href":"https:\/\/istrings.eu\/kaiserjaeger.eu\/wp-json\/wp\/v2\/users\/1"}],"replies":[{"embeddable":true,"href":"https:\/\/istrings.eu\/kaiserjaeger.eu\/wp-json\/wp\/v2\/comments?post=6"}],"version-history":[{"count":10,"href":"https:\/\/istrings.eu\/kaiserjaeger.eu\/wp-json\/wp\/v2\/pages\/6\/revisions"}],"predecessor-version":[{"id":171,"href":"https:\/\/istrings.eu\/kaiserjaeger.eu\/wp-json\/wp\/v2\/pages\/6\/revisions\/171"}],"wp:attachment":[{"href":"https:\/\/istrings.eu\/kaiserjaeger.eu\/wp-json\/wp\/v2\/media?parent=6"}],"curies":[{"name":"wp","href":"https:\/\/api.w.org\/{rel}","templated":true}]}}